{"id":48276,"date":"2021-09-28T14:33:59","date_gmt":"2021-09-28T12:33:59","guid":{"rendered":"https:\/\/www.belair.geek-tonic.dev\/camping-groupe-flotte-en-re\/"},"modified":"2024-04-16T10:31:09","modified_gmt":"2024-04-16T08:31:09","slug":"camping-groep-flotte-en-re","status":"publish","type":"page","link":"https:\/\/belair.geek-tonic.dev\/de\/camping-groep-flotte-en-re\/","title":{"rendered":"Der Campingplatz: Gruppen und Betriebsr\u00e4te"},"content":{"rendered":"<section id=\"ls-section-block_71971a85255b699fdebbe3ca7186e247\" class=\"ls-section  page-one has-background has-color-4-background-color has-m-t m-t-0 has-m-b m-b-0 has-p-t p-t-14 has-p-b p-b-0\" >\r\n        <div class=\"container container--wide\">\r\n        \n\n<div class=\"wp-block-columns is-layout-flex wp-container-core-columns-is-layout-1 wp-block-columns-is-layout-flex\">\n<div class=\"wp-block-column is-vertically-aligned-bottom first animated fadeInLeft delay-100ms slow is-layout-flow wp-block-column-is-layout-flow\" style=\"flex-basis:50%\"><div class=\"wp-block-image\">\n<figure class=\"aligncenter size-full\"><img decoding=\"async\" width=\"1200\" height=\"800\" src=\"https:\/\/www.belair.geek-tonic.dev\/wp-content\/uploads\/sites\/15\/2021\/10\/camping-seminaires-flotte-en-re.jpg\" alt=\"camping seminare flotte in re\" class=\"wp-image-1041\" srcset=\"https:\/\/belair.geek-tonic.dev\/wp-content\/uploads\/sites\/15\/2021\/10\/camping-seminaires-flotte-en-re.jpg 1200w, https:\/\/belair.geek-tonic.dev\/wp-content\/uploads\/sites\/15\/2021\/10\/camping-seminaires-flotte-en-re-300x200.jpg 300w, https:\/\/belair.geek-tonic.dev\/wp-content\/uploads\/sites\/15\/2021\/10\/camping-seminaires-flotte-en-re-1024x683.jpg 1024w, https:\/\/belair.geek-tonic.dev\/wp-content\/uploads\/sites\/15\/2021\/10\/camping-seminaires-flotte-en-re-768x512.jpg 768w\" sizes=\"(max-width: 1200px) 100vw, 1200px\" \/><\/figure><\/div><\/div>\n\n\n\n<div class=\"wp-block-column is-vertically-aligned-top second animated fadeInRight slow is-layout-flow wp-block-column-is-layout-flow\" style=\"flex-basis:50%\">\n<h1 class=\"ls__heading wp-block-heading has-text-align-left ls__heading-undefined post__heading-undefined color1 has-color-1-color has-text-color\" id=\"camping-pour-groupes-a-la-flotte-en-re\">Campingplatz f\u00fcr Gruppen in La Flotte-en-R\u00e9<\/h1>\n\n\n\n<h2 class=\"ls__heading wp-block-heading has-text-align-left ls__heading-undefined post__heading-undefined border-title color1 has-color-1-color has-text-color\" id=\"nos-formules-groupe-a-l-ile-de-re\">Unsere Gruppenangebote auf der \u00cele de R\u00e9<\/h2>\n\n\n\n<p class=\"ls-paragraph ls__paragraph\">Unser 4-Sterne-Campingplatz auf der \u00cele de R\u00e9 ist der ideale Ort f\u00fcr Ihren <strong>\n  <span style=\"color:#005f9b\" class=\"tadv-color\">Gruppenaufenthalt<\/span>\n<\/strong>. F\u00fcr eine Cousinade, ein Familientreffen, einen Aufenthalt unter Freunden oder f\u00fcr einen <strong>\n  <span style=\"color:#005f9b\" class=\"tadv-color\">Sportverein<\/span>\n<\/strong>Wenn Sie einen Ausflug machen m\u00f6chten, sind unsere Dienstleistungen darauf ausgerichtet, Sie w\u00e4hrend der gesamten Saison zu empfangen.<\/p>\n\n\n\n<div class=\"ls-lire-plus\">\n    <input id=\"ls-lire-plus-block_5a0d6c9d852292e59c03918459e64f1769e6189a4ba11\" type=\"checkbox\" class=\"ls-lire-plus__toggle\"  \/>\n    <label for=\"ls-lire-plus-block_5a0d6c9d852292e59c03918459e64f1769e6189a4ba11\" class=\"ls-lire-plus__toggle-label\">\n        <span>Lire plus<\/span>\n        <span>Lire moins<\/span>\n    <\/label>\n    <div class=\"ls-lire-plus__content\">\n        \n\n<p class=\"ls-paragraph ls__paragraph\">In der Nebensaison sind unsere <a href=\"https:\/\/de.bel-air-camping.com\/vermietung-mobilheim-flotte-en-re\/\">Mietunterk\u00fcnfte<\/a> verf\u00fcgbar ab <strong>\n  <span class=\"tadv-color\" style=\"color:#005f9b\">mindestens 2 N\u00e4chte<\/span>\n<\/strong>So haben Sie die freie Wahl, ob Sie einen Gruppenaufenthalt unter der Woche oder ein Wochenende organisieren m\u00f6chten. Motorradfahrer, Wanderer, Radfahrer &#8211; \u00fcbernachten Sie auf unserem <a href=\"https:\/\/de.bel-air-camping.com\/\">Campingplatz Le Bel Air<\/a>, der sich dank unseres gesicherten Campingplatzes ideal f\u00fcr Ihren Etappenaufenthalt eignet.<\/p>\n\n\n\n<p class=\"ls-paragraph ls__paragraph\">Reisen Sie mit leichtem Gep\u00e4ck und nutzen Sie unsere verschiedenen Optionen, fragen Sie nach dem <strong>\n  <span class=\"tadv-color\" style=\"color:#005f9b\">Travel Flower Pack<\/span>\n<\/strong> mit Bettw\u00e4sche, Handt\u00fcchern und Begr\u00fc\u00dfungsprodukten inklusive. Unser Restaurant mit Snackbar bietet Ihnen Formeln, die auf Ihre W\u00fcnsche zugeschnitten sind f\u00fcr <strong>\n  <span class=\"tadv-color\" style=\"color:#005f9b\">Gruppenmahlzeiten<\/span>\n<\/strong>.<\/p>\n\n        <div class=\"ls-lire-plus__gradient\" style=\"background: linear-gradient(to bottom,rgba(255,235,204,0) 0%,rgba(255,235,204,1) 100%);\"><\/div>\n    <\/div>\n<\/div><\/div>\n<\/div>\n\n\r\n    <\/div>\r\n<\/section><section id=\"ls-section-block_956a07af8c311f6cf01b17cb3850c822\" class=\"ls-section  mot-gerant has-background has-color-4-background-color has-m-t m-t-0 has-m-b m-b-0 has-p-t p-t-0\" >\r\n        <div class=\"container \">\r\n        \n\n<div class=\"wp-block-columns has-color-white-background-color has-background is-layout-flex wp-container-core-columns-is-layout-3 wp-block-columns-is-layout-flex\">\n<div class=\"wp-block-column animated fadeInRight delay-100ms slow is-layout-flow wp-block-column-is-layout-flow\" style=\"flex-basis:33.33%\">\n<div class=\"wp-block-columns block-bienvenue is-layout-flex wp-container-core-columns-is-layout-2 wp-block-columns-is-layout-flex\">\n<div class=\"wp-block-column has-color-1-background-color has-background is-layout-flow wp-block-column-is-layout-flow\">\n<figure class=\"wp-block-image size-full is-resized\"><img decoding=\"async\" width=\"125\" height=\"123\" src=\"https:\/\/www.belair.geek-tonic.dev\/wp-content\/uploads\/sites\/15\/2021\/10\/gestionnaire-camping.png\" alt=\"Campingplatzbetreiber\" class=\"wp-image-1488\" style=\"aspect-ratio:1;object-fit:contain;width:auto;height:150px\"\/><\/figure>\n<\/div>\n<\/div>\n\n\n\n<div id=\"ls-heading ls-titre-div-block_fdbf6f4169fc28b51d03ce1462b175c5\" class=\"ls-titre-div titre-citation h1-like\" >\n    Das Wort von Camille, der <em>Verwalterin des Campingplatzes<\/em><\/div>\n<\/div>\n\n\n\n<div class=\"wp-block-column is-vertically-aligned-center second animated fadeInRight slow is-layout-flow wp-block-column-is-layout-flow\" style=\"flex-basis:66.66%\">\n<p class=\"ls-paragraph has-color-7-color has-text-color has-link-color wp-elements-681c45f362bafbdfdd0a210ddc4f57a3\">F\u00fcr Betriebsr\u00e4te oder Gruppen haben wir die passenden Unterk\u00fcnfte und Angebote, um Ihren Bed\u00fcrfnissen gerecht zu werden.<\/p>\n\n\n\n<p class=\"ls-paragraph has-color-7-color has-text-color has-link-color wp-elements-7c2314cdc017a8def37447cde1747ec9\"><em>&#8222;Kontaktieren Sie uns, unser Team wird Ihnen bei der Auswahl der idealen Unterkunft behilflich sein.&#8220;<\/em><\/p>\n<\/div>\n<\/div>\n\n\r\n    <\/div>\r\n<\/section><section id=\"ls-section-block_9d4c07231330cb1c85890233c0d028cf\" class=\"ls-section  has-background has-color-white-background-color has-m-t m-t-0 has-m-b m-b-0 has-m-l m-l-0 has-m-r m-r-0\" >\r\n        <div class=\"container container--wide\">\r\n        \n\n<div class=\"wp-block-columns are-vertically-aligned-center is-layout-flex wp-container-core-columns-is-layout-4 wp-block-columns-is-layout-flex\">\n<div class=\"wp-block-column is-vertically-aligned-center first animated fadeInLeft delay-100ms slow is-layout-flow wp-block-column-is-layout-flow\">\n<h2 class=\"ls__heading wp-block-heading ls__heading-undefined color1\" id=\"nos-formules-cse-a-la-flotte-en-re\">  Unsere ESC-Formeln in La Flotte-en-R\u00e9  <\/h2>\n\n\n\n<p class=\"ls-paragraph ls__paragraph\">F\u00fcr <strong>\n  <span style=\"color:#005f9b\" class=\"tadv-color\">Kommunen und Unternehmen<\/span>\n<\/strong>bieten wir ma\u00dfgeschneiderte Angebote an. Dann lassen Sie sich von der Sch\u00f6nheit der \u00cele de R\u00e9 verf\u00fchren. Und, bieten Sie Ihren Angestellten oder Beg\u00fcnstigten einen abwechslungsreichen und unvergesslichen Urlaub auf unserem 4-Sterne-Campingplatz mit Schwimmbad an. Wir bieten Ihnen Allotment- oder Linearformeln an, die auf Ihre Struktur und Ihre Bed\u00fcrfnisse zugeschnitten sind, je nach der gew\u00fcnschten Anzahl von Wochen.<\/p>\n\n\n\n<p class=\"ls-paragraph ls__paragraph\">Ob neu gew\u00e4hlt oder schon l\u00e4nger dabei, wir h\u00f6ren Ihnen gerne zu, um Ihnen die passenden Informationen zu geben und warum nicht <strong>\n  <span style=\"color:#005f9b\" class=\"tadv-color\">Partner werden<\/span>\n<\/strong>. Unsere <strong>\n  <span style=\"color:#005f9b\" class=\"tadv-color\">Kooperationsvertr\u00e4ge<\/span>\n<\/strong> bieten Ihnen mehrere M\u00f6glichkeiten :  <\/p>\n\n\n\n<div class=\"ls-lire-plus\">\n    <input id=\"ls-lire-plus-block_28a5b9c431f09f4465f6060b4b99e5b769e6189a50ec6\" type=\"checkbox\" class=\"ls-lire-plus__toggle\"  \/>\n    <label for=\"ls-lire-plus-block_28a5b9c431f09f4465f6060b4b99e5b769e6189a50ec6\" class=\"ls-lire-plus__toggle-label\">\n        <span>Lire plus<\/span>\n        <span>Lire moins<\/span>\n    <\/label>\n    <div class=\"ls-lire-plus__content\">\n        \n\n<ul class=\"ls-list ls-list-undefined ls__list-undefined wp-block-list\">\n<li><strong>\n  <span style=\"color:#005f9b\" class=\"tadv-color\">Aufenthalt von mindestens 2 N\u00e4chten<\/span>\n<\/strong> mit t\u00e4glicher Anreise m\u00f6glich, nur in der Nebensaison.<\/li>\n\n\n\n<li><strong>\n  <span style=\"color:#005f9b\" class=\"tadv-color\">Aufenthalte von mindestens 7 N\u00e4chten<\/span>\n<\/strong> mit einem bestimmten Anreisetag.<\/li>\n<\/ul>\n\n\n\n<p class=\"ls-paragraph ls__paragraph\">Haben Sie eine Vorliebe f\u00fcr einen bestimmten <a href=\"https:\/\/de.bel-air-camping.com\/vermietung-standort-flotte-en-re\/\">Mietstandort<\/a>?<\/p>\n\n\n\n<p class=\"ls-paragraph ls__paragraph\">Kontaktieren Sie uns und wir werden gemeinsam denjenigen finden, der Ihren Anforderungen entspricht, w\u00e4hrend Sie gleichzeitig vom <a href=\"https:\/\/de.bel-air-camping.com\/campingplatz-promotionen-flotte-en-re\/\">besten Preis<\/a> profitieren dank unserer <strong>\n  <span class=\"tadv-color\" style=\"color:#005f9b\">CSE-Formel<\/span>\n<\/strong>.<\/p>\n\n\n\n<p class=\"ls-paragraph ls__paragraph\">Sie haben uns vertraut: CE KEOLIS, CE SAUR, GRAND LYON M\u00c9TROPOLE, CE SAUVERGARDE 69.<\/p>\n\n        <div class=\"ls-lire-plus__gradient\" style=\"background: linear-gradient(to bottom,rgba(255,255,255,0) 0%,rgba(255,255,255,1) 100%);\"><\/div>\n    <\/div>\n<\/div><\/div>\n\n\n\n<div class=\"wp-block-column is-vertically-aligned-center second animated fadeInRight slow is-layout-flow wp-block-column-is-layout-flow\">\n<figure class=\"wp-block-image size-large\"><img decoding=\"async\" width=\"1024\" height=\"683\" src=\"https:\/\/www.belair.geek-tonic.dev\/wp-content\/uploads\/sites\/15\/2024\/04\/groupe-camping-flotte-en-re-1024x683.webp\" alt=\"gruppe camping flotte in re\" class=\"wp-image-841849\" srcset=\"https:\/\/belair.geek-tonic.dev\/wp-content\/uploads\/sites\/15\/2024\/04\/groupe-camping-flotte-en-re-1024x683.webp 1024w, https:\/\/belair.geek-tonic.dev\/wp-content\/uploads\/sites\/15\/2024\/04\/groupe-camping-flotte-en-re-300x200.webp 300w, https:\/\/belair.geek-tonic.dev\/wp-content\/uploads\/sites\/15\/2024\/04\/groupe-camping-flotte-en-re-768x512.webp 768w, https:\/\/belair.geek-tonic.dev\/wp-content\/uploads\/sites\/15\/2024\/04\/groupe-camping-flotte-en-re.webp 1200w\" sizes=\"(max-width: 1024px) 100vw, 1024px\" \/><\/figure>\n<\/div>\n<\/div>\n\n\r\n    <\/div>\r\n<\/section><section id=\"ls-section-block_37fc017b3fc1f9d7f8c5a4e026a32c1a\" class=\"ls-section  page-maillage experience has-m-t m-t-0 has-p-t p-t-10\" >\r\n        <div class=\"container container--wide\">\r\n        \n\n<div id=\"ls-heading ls-titre-div-block_011fedb2931143e03aa8876c53941dcd\" class=\"ls-titre-div aligncenter h2-like\" >\n    <strong>Entdecken Sie unser<\/strong> Restaurant, unsere Freizeitangebote und unsere Vermietungen<\/div>\n\n\n<div id=\"ls-maillage-block_ee6727728ca010cb8fbb236283600ae4\" class=\"ls-maillage cta-style-normal\" data-rows=\"3\">\n    <div class=\"wp-block-columns\"><div class=\"wp-block-column\"><div id=\"destinations\" class=\"ls-cta\">\n\n<a href=\"https:\/\/belair.geek-tonic.dev\/de\/verpflegung-in-flotte-en-re\/\" target=\"\" rel=\"noopener\" class=\"ls-cta__link\">\n\n\t<div class=\"ls-cta__image\"><img decoding=\"async\" src=\"https:\/\/belair.geek-tonic.dev\/wp-content\/uploads\/sites\/15\/2021\/10\/restaurantation-flotte-en-re.jpg\" alt=\"restaurierung flotte in re\"><\/div>\n\t<div class=\"ls-cta__title\">\n\t\tRestaurant\t<\/div>\n\n\t\t\n<\/a><\/div><\/div><div class=\"wp-block-column\"><div id=\"destinations\" class=\"ls-cta\">\n\n<a href=\"https:\/\/belair.geek-tonic.dev\/de\/campingplatz-animationen-flotte-en-re\/\" target=\"\" rel=\"noopener\" class=\"ls-cta__link\">\n\n\t<div class=\"ls-cta__image\"><img decoding=\"async\" src=\"https:\/\/belair.geek-tonic.dev\/wp-content\/uploads\/sites\/15\/2021\/10\/camping-activites-ile-de-re.jpg\" alt=\"camping activites ile de re\"><\/div>\n\t<div class=\"ls-cta__title\">\n\t\tUnsere Aktivit\u00e4ten\t<\/div>\n\n\t\t\n<\/a><\/div><\/div><div class=\"wp-block-column\"><div id=\"destinations\" class=\"ls-cta\">\n\n<a href=\"https:\/\/belair.geek-tonic.dev\/de\/vermietung-mobilheim-flotte-en-re\/\" target=\"\" rel=\"noopener\" class=\"ls-cta__link\">\n\n\t<div class=\"ls-cta__image\"><img decoding=\"async\" src=\"https:\/\/belair.geek-tonic.dev\/wp-content\/uploads\/sites\/15\/2021\/10\/location-mobil-home-flotte-en-re.jpg\" alt=\"vermietung mobilheim flotte en re\"><\/div>\n\t<div class=\"ls-cta__title\">\n\t\tVermietungen\t<\/div>\n\n\t\t\n<\/a><\/div><\/div><\/div><\/div>\n\r\n    <\/div>\r\n<\/section>","protected":false},"excerpt":{"rendered":"","protected":false},"author":1,"featured_media":1040,"parent":0,"menu_order":0,"comment_status":"closed","ping_status":"closed","template":"","meta":{"_acf_changed":false,"footnotes":""},"sujet":[],"class_list":["post-48276","page","type-page","status-publish","has-post-thumbnail","hentry"],"acf":[],"yoast_head":"<!-- This site is optimized with the Yoast SEO plugin v23.9 - https:\/\/yoast.com\/wordpress\/plugins\/seo\/ -->\n<title>Gruppencamping auf der \u00cele de R\u00e9 | Komitees, Firmenseminare Flotte-en-R\u00e9<\/title>\n<meta name=\"robots\" content=\"noindex, follow, max-snippet:-1, max-image-preview:large, max-video-preview:-1\" \/>\n<meta property=\"og:locale\" content=\"de_DE\" \/>\n<meta property=\"og:type\" content=\"article\" \/>\n<meta property=\"og:title\" content=\"Gruppencamping auf der \u00cele de R\u00e9 | Komitees, Firmenseminare Flotte-en-R\u00e9\" \/>\n<meta property=\"og:url\" content=\"https:\/\/belair.geek-tonic.dev\/de\/camping-groep-flotte-en-re\/\" \/>\n<meta property=\"og:site_name\" content=\"Camping Le Belair\" \/>\n<meta property=\"article:modified_time\" content=\"2024-04-16T08:31:09+00:00\" \/>\n<meta property=\"og:image\" content=\"https:\/\/belair.geek-tonic.dev\/wp-content\/uploads\/sites\/15\/2021\/10\/location-groupe-flotte-en-re.jpg\" \/>\n\t<meta property=\"og:image:width\" content=\"1905\" \/>\n\t<meta property=\"og:image:height\" content=\"515\" \/>\n\t<meta property=\"og:image:type\" content=\"image\/jpeg\" \/>\n<meta name=\"twitter:card\" content=\"summary_large_image\" \/>\n<meta name=\"twitter:label1\" content=\"Gesch\u00e4tzte Lesezeit\" \/>\n\t<meta name=\"twitter:data1\" content=\"3\u00a0Minuten\" \/>\n<script type=\"application\/ld+json\" class=\"yoast-schema-graph\">{\"@context\":\"https:\/\/schema.org\",\"@graph\":[{\"@type\":\"WebPage\",\"@id\":\"https:\/\/belair.geek-tonic.dev\/de\/camping-groep-flotte-en-re\/\",\"url\":\"https:\/\/belair.geek-tonic.dev\/de\/camping-groep-flotte-en-re\/\",\"name\":\"Gruppencamping auf der \u00cele de R\u00e9 | Komitees, Firmenseminare Flotte-en-R\u00e9\",\"isPartOf\":{\"@id\":\"https:\/\/belair.geek-tonic.dev\/de\/#website\"},\"primaryImageOfPage\":{\"@id\":\"https:\/\/belair.geek-tonic.dev\/de\/camping-groep-flotte-en-re\/#primaryimage\"},\"image\":{\"@id\":\"https:\/\/belair.geek-tonic.dev\/de\/camping-groep-flotte-en-re\/#primaryimage\"},\"thumbnailUrl\":\"https:\/\/belair.geek-tonic.dev\/wp-content\/uploads\/sites\/15\/2021\/10\/location-groupe-flotte-en-re.jpg\",\"datePublished\":\"2021-09-28T12:33:59+00:00\",\"dateModified\":\"2024-04-16T08:31:09+00:00\",\"breadcrumb\":{\"@id\":\"https:\/\/belair.geek-tonic.dev\/de\/camping-groep-flotte-en-re\/#breadcrumb\"},\"inLanguage\":\"de\",\"potentialAction\":[{\"@type\":\"ReadAction\",\"target\":[\"https:\/\/belair.geek-tonic.dev\/de\/camping-groep-flotte-en-re\/\"]}]},{\"@type\":\"ImageObject\",\"inLanguage\":\"de\",\"@id\":\"https:\/\/belair.geek-tonic.dev\/de\/camping-groep-flotte-en-re\/#primaryimage\",\"url\":\"https:\/\/belair.geek-tonic.dev\/wp-content\/uploads\/sites\/15\/2021\/10\/location-groupe-flotte-en-re.jpg\",\"contentUrl\":\"https:\/\/belair.geek-tonic.dev\/wp-content\/uploads\/sites\/15\/2021\/10\/location-groupe-flotte-en-re.jpg\",\"width\":1905,\"height\":515,\"caption\":\"vermietung gruppe flotte in re\"},{\"@type\":\"BreadcrumbList\",\"@id\":\"https:\/\/belair.geek-tonic.dev\/de\/camping-groep-flotte-en-re\/#breadcrumb\",\"itemListElement\":[{\"@type\":\"ListItem\",\"position\":1,\"name\":\"Campingplatz \u00cele de R\u00e9\",\"item\":\"https:\/\/belair.geek-tonic.dev\/de\/\"},{\"@type\":\"ListItem\",\"position\":2,\"name\":\"Gruppen, Betriebsr\u00e4te auf der \u00cele de R\u00e9\"}]},{\"@type\":\"WebSite\",\"@id\":\"https:\/\/belair.geek-tonic.dev\/de\/#website\",\"url\":\"https:\/\/belair.geek-tonic.dev\/de\/\",\"name\":\"Camping Le Belair\",\"description\":\"\",\"publisher\":{\"@id\":\"https:\/\/belair.geek-tonic.dev\/de\/#organization\"},\"potentialAction\":[{\"@type\":\"SearchAction\",\"target\":{\"@type\":\"EntryPoint\",\"urlTemplate\":\"https:\/\/belair.geek-tonic.dev\/de\/?s={search_term_string}\"},\"query-input\":{\"@type\":\"PropertyValueSpecification\",\"valueRequired\":true,\"valueName\":\"search_term_string\"}}],\"inLanguage\":\"de\"},{\"@type\":\"Organization\",\"@id\":\"https:\/\/belair.geek-tonic.dev\/de\/#organization\",\"name\":\"Camping Le Belair\",\"url\":\"https:\/\/belair.geek-tonic.dev\/de\/\",\"logo\":{\"@type\":\"ImageObject\",\"inLanguage\":\"de\",\"@id\":\"https:\/\/belair.geek-tonic.dev\/de\/#\/schema\/logo\/image\/\",\"url\":\"https:\/\/belair.geek-tonic.dev\/wp-content\/uploads\/sites\/15\/2024\/09\/cropped-logo-Flower-camping-Le-Bel-Air.png\",\"contentUrl\":\"https:\/\/belair.geek-tonic.dev\/wp-content\/uploads\/sites\/15\/2024\/09\/cropped-logo-Flower-camping-Le-Bel-Air.png\",\"width\":500,\"height\":660,\"caption\":\"Camping Le Belair\"},\"image\":{\"@id\":\"https:\/\/belair.geek-tonic.dev\/de\/#\/schema\/logo\/image\/\"}}]}<\/script>\n<!-- \/ Yoast SEO plugin. -->","yoast_head_json":{"title":"Gruppencamping auf der \u00cele de R\u00e9 | Komitees, Firmenseminare Flotte-en-R\u00e9","robots":{"index":"noindex","follow":"follow","max-snippet":"max-snippet:-1","max-image-preview":"max-image-preview:large","max-video-preview":"max-video-preview:-1"},"og_locale":"de_DE","og_type":"article","og_title":"Gruppencamping auf der \u00cele de R\u00e9 | Komitees, Firmenseminare Flotte-en-R\u00e9","og_url":"https:\/\/belair.geek-tonic.dev\/de\/camping-groep-flotte-en-re\/","og_site_name":"Camping Le Belair","article_modified_time":"2024-04-16T08:31:09+00:00","og_image":[{"width":1905,"height":515,"url":"https:\/\/belair.geek-tonic.dev\/wp-content\/uploads\/sites\/15\/2021\/10\/location-groupe-flotte-en-re.jpg","type":"image\/jpeg"}],"twitter_card":"summary_large_image","twitter_misc":{"Gesch\u00e4tzte Lesezeit":"3\u00a0Minuten"},"schema":{"@context":"https:\/\/schema.org","@graph":[{"@type":"WebPage","@id":"https:\/\/belair.geek-tonic.dev\/de\/camping-groep-flotte-en-re\/","url":"https:\/\/belair.geek-tonic.dev\/de\/camping-groep-flotte-en-re\/","name":"Gruppencamping auf der \u00cele de R\u00e9 | Komitees, Firmenseminare Flotte-en-R\u00e9","isPartOf":{"@id":"https:\/\/belair.geek-tonic.dev\/de\/#website"},"primaryImageOfPage":{"@id":"https:\/\/belair.geek-tonic.dev\/de\/camping-groep-flotte-en-re\/#primaryimage"},"image":{"@id":"https:\/\/belair.geek-tonic.dev\/de\/camping-groep-flotte-en-re\/#primaryimage"},"thumbnailUrl":"https:\/\/belair.geek-tonic.dev\/wp-content\/uploads\/sites\/15\/2021\/10\/location-groupe-flotte-en-re.jpg","datePublished":"2021-09-28T12:33:59+00:00","dateModified":"2024-04-16T08:31:09+00:00","breadcrumb":{"@id":"https:\/\/belair.geek-tonic.dev\/de\/camping-groep-flotte-en-re\/#breadcrumb"},"inLanguage":"de","potentialAction":[{"@type":"ReadAction","target":["https:\/\/belair.geek-tonic.dev\/de\/camping-groep-flotte-en-re\/"]}]},{"@type":"ImageObject","inLanguage":"de","@id":"https:\/\/belair.geek-tonic.dev\/de\/camping-groep-flotte-en-re\/#primaryimage","url":"https:\/\/belair.geek-tonic.dev\/wp-content\/uploads\/sites\/15\/2021\/10\/location-groupe-flotte-en-re.jpg","contentUrl":"https:\/\/belair.geek-tonic.dev\/wp-content\/uploads\/sites\/15\/2021\/10\/location-groupe-flotte-en-re.jpg","width":1905,"height":515,"caption":"vermietung gruppe flotte in re"},{"@type":"BreadcrumbList","@id":"https:\/\/belair.geek-tonic.dev\/de\/camping-groep-flotte-en-re\/#breadcrumb","itemListElement":[{"@type":"ListItem","position":1,"name":"Campingplatz \u00cele de R\u00e9","item":"https:\/\/belair.geek-tonic.dev\/de\/"},{"@type":"ListItem","position":2,"name":"Gruppen, Betriebsr\u00e4te auf der \u00cele de R\u00e9"}]},{"@type":"WebSite","@id":"https:\/\/belair.geek-tonic.dev\/de\/#website","url":"https:\/\/belair.geek-tonic.dev\/de\/","name":"Camping Le Belair","description":"","publisher":{"@id":"https:\/\/belair.geek-tonic.dev\/de\/#organization"},"potentialAction":[{"@type":"SearchAction","target":{"@type":"EntryPoint","urlTemplate":"https:\/\/belair.geek-tonic.dev\/de\/?s={search_term_string}"},"query-input":{"@type":"PropertyValueSpecification","valueRequired":true,"valueName":"search_term_string"}}],"inLanguage":"de"},{"@type":"Organization","@id":"https:\/\/belair.geek-tonic.dev\/de\/#organization","name":"Camping Le Belair","url":"https:\/\/belair.geek-tonic.dev\/de\/","logo":{"@type":"ImageObject","inLanguage":"de","@id":"https:\/\/belair.geek-tonic.dev\/de\/#\/schema\/logo\/image\/","url":"https:\/\/belair.geek-tonic.dev\/wp-content\/uploads\/sites\/15\/2024\/09\/cropped-logo-Flower-camping-Le-Bel-Air.png","contentUrl":"https:\/\/belair.geek-tonic.dev\/wp-content\/uploads\/sites\/15\/2024\/09\/cropped-logo-Flower-camping-Le-Bel-Air.png","width":500,"height":660,"caption":"Camping Le Belair"},"image":{"@id":"https:\/\/belair.geek-tonic.dev\/de\/#\/schema\/logo\/image\/"}}]}},"_links":{"self":[{"href":"https:\/\/belair.geek-tonic.dev\/de\/wp-json\/wp\/v2\/pages\/48276","targetHints":{"allow":["GET"]}}],"collection":[{"href":"https:\/\/belair.geek-tonic.dev\/de\/wp-json\/wp\/v2\/pages"}],"about":[{"href":"https:\/\/belair.geek-tonic.dev\/de\/wp-json\/wp\/v2\/types\/page"}],"author":[{"embeddable":true,"href":"https:\/\/belair.geek-tonic.dev\/de\/wp-json\/wp\/v2\/users\/1"}],"replies":[{"embeddable":true,"href":"https:\/\/belair.geek-tonic.dev\/de\/wp-json\/wp\/v2\/comments?post=48276"}],"version-history":[{"count":0,"href":"https:\/\/belair.geek-tonic.dev\/de\/wp-json\/wp\/v2\/pages\/48276\/revisions"}],"wp:featuredmedia":[{"embeddable":true,"href":"https:\/\/belair.geek-tonic.dev\/de\/wp-json\/wp\/v2\/media\/1040"}],"wp:attachment":[{"href":"https:\/\/belair.geek-tonic.dev\/de\/wp-json\/wp\/v2\/media?parent=48276"}],"wp:term":[{"taxonomy":"sujet","embeddable":true,"href":"https:\/\/belair.geek-tonic.dev\/de\/wp-json\/wp\/v2\/sujet?post=48276"}],"curies":[{"name":"wp","href":"https:\/\/api.w.org\/{rel}","templated":true}]}}