{"id":49242,"date":"2021-10-18T11:06:49","date_gmt":"2021-10-18T09:06:49","guid":{"rendered":"https:\/\/www.belair.geek-tonic.dev\/mentions-legales\/"},"modified":"2024-04-16T10:40:25","modified_gmt":"2024-04-16T08:40:25","slug":"legale-erwaehnungen","status":"publish","type":"page","link":"https:\/\/belair.geek-tonic.dev\/de\/legale-erwaehnungen\/","title":{"rendered":"RECHTLICHE HINWEISE"},"content":{"rendered":"<section id=\"ls-section-block_646d10bc9b9e8e286c01525e16058917\" class=\"ls-section  has-background has-color-4-background-color has-m-t m-t-0 has-m-b m-b-0 has-p-t p-t-14 has-p-b p-b-14\" >\r\n        <div class=\"container container--wide\">\r\n        \n\n<h1 class=\"ls__heading wp-block-heading has-text-align-center ls__heading-undefined has-color-1-color has-text-color has-large-font-size\" id=\"mentions-legales\"> RECHTLICHE HINWEISE <\/h1>\n\n\n\n<h2 class=\"ls__heading wp-block-heading ls__heading-undefined has-color-1-color has-text-color\" id=\"editeur-du-site\">Herausgeber der Seite<\/h2>\n\n\n\n<p class=\"ls-paragraph ls__paragraph\">Flower Exploitation Campings Bel Air<br\/>16, Avenue Charles de Gaulle<br\/>31130 Balma<br\/>Telefon: 05 46 09 63 10<br\/>E-Mail: camping.bel-air@flowercampings.com<\/p>\n\n\n\n<p class=\"ls-paragraph ls__paragraph\">Siret: 51244588300089<br\/>Intrakommunale Mehrwertsteuer: FR 84 512445883<br\/>Kapital: 10.000 \u20ac<\/p>\n\n\n\n<p class=\"ls-paragraph ls__paragraph\">Redaktionsverantwortlicher &amp; Leiter der Ver\u00f6ffentlichung: Nad\u00e8ge Papa\u00efx<\/p>\n\n\n\n<h2 class=\"ls__heading wp-block-heading ls__heading-undefined has-color-1-color has-text-color\" id=\"realisation\">Umsetzung<\/h2>\n\n\n\n<p class=\"ls-paragraph ls__paragraph\">GEEK TONIC<br\/>Vertreten durch Herrn Yohan Darmayan in seiner Funktion als Gesch\u00e4ftsf\u00fchrer<br\/>Hauptsitz: 1 ALL PIERRE GEORGES LATECOERE 64200 BIARRITZ<br\/>Tel: 05 32 74 11 52<br\/>E-Mail: support@geek-tonic.com<br\/>Website: <a href=\"https:\/\/www.geek-tonic.com\" target=\"_blank\" rel=\"noreferrer noopener\">www.geek-tonic.com<\/a><br\/>SIRET: 89746755100015<br\/>APE: 6201Z<\/p>\n\n\n\n<h2 class=\"ls__heading wp-block-heading ls__heading-undefined has-color-1-color has-text-color\" id=\"droits-d-auteur-et-copyrights\">Urheberrechte und Copyrights<\/h2>\n\n\n\n<p class=\"ls-paragraph ls__paragraph\">Der gesamte Inhalt dieser Website unterliegt dem Urheberrecht sowie dem geistigen Eigentum der franz\u00f6sischen Gesetzgebung. Jegliche Vervielf\u00e4ltigung (einschlie\u00dflich Fotos, Icons und herunterladbarer Dokumente) ist ohne vorherige Zustimmung von GEEK TONIC untersagt. Die Vervielf\u00e4ltigung der gesamten oder eines Teils der Website auf einem elektronischen Datentr\u00e4ger in einem Papier- oder elektronischen Format ist untersagt. GEEK TONIC \u00fcbernimmt keine Verantwortung f\u00fcr den Inhalt auf der Website. GEEK TONIC \u00fcbernimmt auch keine Verantwortung f\u00fcr externe Links, die auf die vorliegende Seite verweisen.<\/p>\n\n\n\n<h2 class=\"ls__heading wp-block-heading ls__heading-undefined has-color-1-color has-text-color\" id=\"donnees-personnelles-et-informations-nominatives\">Pers\u00f6nliche Daten und namentliche Informationen<\/h2>\n\n\n\n<p class=\"ls-paragraph ls__paragraph\">Sie haben ein Recht auf Zugang, \u00c4nderung, Berichtigung und L\u00f6schung der Sie betreffenden Daten gem\u00e4\u00df Artikel 34 des Gesetzes &#8222;Informatique et Libert\u00e9s&#8220; Nr. 78-17 vom 6. Januar 1978, ge\u00e4ndert am 6. August 2018. Um dieses Recht auf Zugang zu entfalten, k\u00f6nnen Sie dies durch eine einfache schriftliche Anfrage an den Herausgeber der Website tun.<\/p>\n\n\n\n<h2 class=\"ls__heading wp-block-heading ls__heading-undefined has-color-1-color has-text-color\" id=\"legislation\">Gesetzgebung<\/h2>\n\n\n\n<p class=\"ls-paragraph ls__paragraph\">Gem\u00e4\u00df dem Gesetz vom 11. M\u00e4rz 1957 (Art. 41) und dem Gesetz \u00fcber geistiges Eigentum vom 1. Juli 1992 ist es verboten, einen Teil der Website ohne vorherige Genehmigung des Herausgebers der Website teilweise oder vollst\u00e4ndig zu vervielf\u00e4ltigen. Logos, Visualisierungen, Fotos, Videos, Grafikcharts und Texte sind Eigentum ihrer jeweiligen Besitzer. Diese Website kann ohne ihr Wissen mit anderen Websites \u00fcber Hypermedia-Links verbunden worden sein. Der Herausgeber der Website \u00fcbernimmt keine Verantwortung f\u00fcr die Informationen, die auf diesen anderen Websites dargestellt werden. Der Internetnutzer erkennt an, dass die Nutzung dieser Website dem franz\u00f6sischen Recht unterliegt.<\/p>\n\n\r\n    <\/div>\r\n<\/section>","protected":false},"excerpt":{"rendered":"","protected":false},"author":1,"featured_media":834,"parent":0,"menu_order":0,"comment_status":"closed","ping_status":"closed","template":"","meta":{"_acf_changed":false,"footnotes":""},"sujet":[],"class_list":["post-49242","page","type-page","status-publish","has-post-thumbnail","hentry"],"acf":[],"yoast_head":"<!-- This site is optimized with the Yoast SEO plugin v23.9 - https:\/\/yoast.com\/wordpress\/plugins\/seo\/ -->\n<title>RECHTLICHE HINWEISE - Camping Le Belair<\/title>\n<meta name=\"robots\" content=\"noindex, nofollow\" \/>\n<meta property=\"og:locale\" content=\"de_DE\" \/>\n<meta property=\"og:type\" content=\"article\" \/>\n<meta property=\"og:title\" content=\"RECHTLICHE HINWEISE - Camping Le Belair\" \/>\n<meta property=\"og:url\" content=\"https:\/\/belair.geek-tonic.dev\/de\/legale-erwaehnungen\/\" \/>\n<meta property=\"og:site_name\" content=\"Camping Le Belair\" \/>\n<meta property=\"article:modified_time\" content=\"2024-04-16T08:40:25+00:00\" \/>\n<meta property=\"og:image\" content=\"https:\/\/belair.geek-tonic.dev\/wp-content\/uploads\/sites\/15\/2021\/10\/camping-familial-flotte-en-re-1.jpg\" \/>\n\t<meta property=\"og:image:width\" content=\"1902\" \/>\n\t<meta property=\"og:image:height\" content=\"515\" \/>\n\t<meta property=\"og:image:type\" content=\"image\/jpeg\" \/>\n<meta name=\"twitter:card\" content=\"summary_large_image\" \/>\n<meta name=\"twitter:label1\" content=\"Gesch\u00e4tzte Lesezeit\" \/>\n\t<meta name=\"twitter:data1\" content=\"2\u00a0Minuten\" \/>\n<script type=\"application\/ld+json\" class=\"yoast-schema-graph\">{\"@context\":\"https:\/\/schema.org\",\"@graph\":[{\"@type\":\"WebPage\",\"@id\":\"https:\/\/belair.geek-tonic.dev\/de\/legale-erwaehnungen\/\",\"url\":\"https:\/\/belair.geek-tonic.dev\/de\/legale-erwaehnungen\/\",\"name\":\"RECHTLICHE HINWEISE - Camping Le Belair\",\"isPartOf\":{\"@id\":\"https:\/\/belair.geek-tonic.dev\/de\/#website\"},\"primaryImageOfPage\":{\"@id\":\"https:\/\/belair.geek-tonic.dev\/de\/legale-erwaehnungen\/#primaryimage\"},\"image\":{\"@id\":\"https:\/\/belair.geek-tonic.dev\/de\/legale-erwaehnungen\/#primaryimage\"},\"thumbnailUrl\":\"https:\/\/belair.geek-tonic.dev\/wp-content\/uploads\/sites\/15\/2021\/10\/camping-familial-flotte-en-re-1.jpg\",\"datePublished\":\"2021-10-18T09:06:49+00:00\",\"dateModified\":\"2024-04-16T08:40:25+00:00\",\"breadcrumb\":{\"@id\":\"https:\/\/belair.geek-tonic.dev\/de\/legale-erwaehnungen\/#breadcrumb\"},\"inLanguage\":\"de\",\"potentialAction\":[{\"@type\":\"ReadAction\",\"target\":[\"https:\/\/belair.geek-tonic.dev\/de\/legale-erwaehnungen\/\"]}]},{\"@type\":\"ImageObject\",\"inLanguage\":\"de\",\"@id\":\"https:\/\/belair.geek-tonic.dev\/de\/legale-erwaehnungen\/#primaryimage\",\"url\":\"https:\/\/belair.geek-tonic.dev\/wp-content\/uploads\/sites\/15\/2021\/10\/camping-familial-flotte-en-re-1.jpg\",\"contentUrl\":\"https:\/\/belair.geek-tonic.dev\/wp-content\/uploads\/sites\/15\/2021\/10\/camping-familial-flotte-en-re-1.jpg\",\"width\":1902,\"height\":515,\"caption\":\"familienfreundlicher campingplatz flotte in re\"},{\"@type\":\"BreadcrumbList\",\"@id\":\"https:\/\/belair.geek-tonic.dev\/de\/legale-erwaehnungen\/#breadcrumb\",\"itemListElement\":[{\"@type\":\"ListItem\",\"position\":1,\"name\":\"Campingplatz \u00cele de R\u00e9\",\"item\":\"https:\/\/belair.geek-tonic.dev\/de\/\"},{\"@type\":\"ListItem\",\"position\":2,\"name\":\"RECHTLICHE HINWEISE\"}]},{\"@type\":\"WebSite\",\"@id\":\"https:\/\/belair.geek-tonic.dev\/de\/#website\",\"url\":\"https:\/\/belair.geek-tonic.dev\/de\/\",\"name\":\"Camping Le Belair\",\"description\":\"\",\"publisher\":{\"@id\":\"https:\/\/belair.geek-tonic.dev\/de\/#organization\"},\"potentialAction\":[{\"@type\":\"SearchAction\",\"target\":{\"@type\":\"EntryPoint\",\"urlTemplate\":\"https:\/\/belair.geek-tonic.dev\/de\/?s={search_term_string}\"},\"query-input\":{\"@type\":\"PropertyValueSpecification\",\"valueRequired\":true,\"valueName\":\"search_term_string\"}}],\"inLanguage\":\"de\"},{\"@type\":\"Organization\",\"@id\":\"https:\/\/belair.geek-tonic.dev\/de\/#organization\",\"name\":\"Camping Le Belair\",\"url\":\"https:\/\/belair.geek-tonic.dev\/de\/\",\"logo\":{\"@type\":\"ImageObject\",\"inLanguage\":\"de\",\"@id\":\"https:\/\/belair.geek-tonic.dev\/de\/#\/schema\/logo\/image\/\",\"url\":\"https:\/\/belair.geek-tonic.dev\/wp-content\/uploads\/sites\/15\/2024\/09\/cropped-logo-Flower-camping-Le-Bel-Air.png\",\"contentUrl\":\"https:\/\/belair.geek-tonic.dev\/wp-content\/uploads\/sites\/15\/2024\/09\/cropped-logo-Flower-camping-Le-Bel-Air.png\",\"width\":500,\"height\":660,\"caption\":\"Camping Le Belair\"},\"image\":{\"@id\":\"https:\/\/belair.geek-tonic.dev\/de\/#\/schema\/logo\/image\/\"}}]}<\/script>\n<!-- \/ Yoast SEO plugin. -->","yoast_head_json":{"title":"RECHTLICHE HINWEISE - Camping Le Belair","robots":{"index":"noindex","follow":"nofollow"},"og_locale":"de_DE","og_type":"article","og_title":"RECHTLICHE HINWEISE - Camping Le Belair","og_url":"https:\/\/belair.geek-tonic.dev\/de\/legale-erwaehnungen\/","og_site_name":"Camping Le Belair","article_modified_time":"2024-04-16T08:40:25+00:00","og_image":[{"width":1902,"height":515,"url":"https:\/\/belair.geek-tonic.dev\/wp-content\/uploads\/sites\/15\/2021\/10\/camping-familial-flotte-en-re-1.jpg","type":"image\/jpeg"}],"twitter_card":"summary_large_image","twitter_misc":{"Gesch\u00e4tzte Lesezeit":"2\u00a0Minuten"},"schema":{"@context":"https:\/\/schema.org","@graph":[{"@type":"WebPage","@id":"https:\/\/belair.geek-tonic.dev\/de\/legale-erwaehnungen\/","url":"https:\/\/belair.geek-tonic.dev\/de\/legale-erwaehnungen\/","name":"RECHTLICHE HINWEISE - Camping Le Belair","isPartOf":{"@id":"https:\/\/belair.geek-tonic.dev\/de\/#website"},"primaryImageOfPage":{"@id":"https:\/\/belair.geek-tonic.dev\/de\/legale-erwaehnungen\/#primaryimage"},"image":{"@id":"https:\/\/belair.geek-tonic.dev\/de\/legale-erwaehnungen\/#primaryimage"},"thumbnailUrl":"https:\/\/belair.geek-tonic.dev\/wp-content\/uploads\/sites\/15\/2021\/10\/camping-familial-flotte-en-re-1.jpg","datePublished":"2021-10-18T09:06:49+00:00","dateModified":"2024-04-16T08:40:25+00:00","breadcrumb":{"@id":"https:\/\/belair.geek-tonic.dev\/de\/legale-erwaehnungen\/#breadcrumb"},"inLanguage":"de","potentialAction":[{"@type":"ReadAction","target":["https:\/\/belair.geek-tonic.dev\/de\/legale-erwaehnungen\/"]}]},{"@type":"ImageObject","inLanguage":"de","@id":"https:\/\/belair.geek-tonic.dev\/de\/legale-erwaehnungen\/#primaryimage","url":"https:\/\/belair.geek-tonic.dev\/wp-content\/uploads\/sites\/15\/2021\/10\/camping-familial-flotte-en-re-1.jpg","contentUrl":"https:\/\/belair.geek-tonic.dev\/wp-content\/uploads\/sites\/15\/2021\/10\/camping-familial-flotte-en-re-1.jpg","width":1902,"height":515,"caption":"familienfreundlicher campingplatz flotte in re"},{"@type":"BreadcrumbList","@id":"https:\/\/belair.geek-tonic.dev\/de\/legale-erwaehnungen\/#breadcrumb","itemListElement":[{"@type":"ListItem","position":1,"name":"Campingplatz \u00cele de R\u00e9","item":"https:\/\/belair.geek-tonic.dev\/de\/"},{"@type":"ListItem","position":2,"name":"RECHTLICHE HINWEISE"}]},{"@type":"WebSite","@id":"https:\/\/belair.geek-tonic.dev\/de\/#website","url":"https:\/\/belair.geek-tonic.dev\/de\/","name":"Camping Le Belair","description":"","publisher":{"@id":"https:\/\/belair.geek-tonic.dev\/de\/#organization"},"potentialAction":[{"@type":"SearchAction","target":{"@type":"EntryPoint","urlTemplate":"https:\/\/belair.geek-tonic.dev\/de\/?s={search_term_string}"},"query-input":{"@type":"PropertyValueSpecification","valueRequired":true,"valueName":"search_term_string"}}],"inLanguage":"de"},{"@type":"Organization","@id":"https:\/\/belair.geek-tonic.dev\/de\/#organization","name":"Camping Le Belair","url":"https:\/\/belair.geek-tonic.dev\/de\/","logo":{"@type":"ImageObject","inLanguage":"de","@id":"https:\/\/belair.geek-tonic.dev\/de\/#\/schema\/logo\/image\/","url":"https:\/\/belair.geek-tonic.dev\/wp-content\/uploads\/sites\/15\/2024\/09\/cropped-logo-Flower-camping-Le-Bel-Air.png","contentUrl":"https:\/\/belair.geek-tonic.dev\/wp-content\/uploads\/sites\/15\/2024\/09\/cropped-logo-Flower-camping-Le-Bel-Air.png","width":500,"height":660,"caption":"Camping Le Belair"},"image":{"@id":"https:\/\/belair.geek-tonic.dev\/de\/#\/schema\/logo\/image\/"}}]}},"_links":{"self":[{"href":"https:\/\/belair.geek-tonic.dev\/de\/wp-json\/wp\/v2\/pages\/49242","targetHints":{"allow":["GET"]}}],"collection":[{"href":"https:\/\/belair.geek-tonic.dev\/de\/wp-json\/wp\/v2\/pages"}],"about":[{"href":"https:\/\/belair.geek-tonic.dev\/de\/wp-json\/wp\/v2\/types\/page"}],"author":[{"embeddable":true,"href":"https:\/\/belair.geek-tonic.dev\/de\/wp-json\/wp\/v2\/users\/1"}],"replies":[{"embeddable":true,"href":"https:\/\/belair.geek-tonic.dev\/de\/wp-json\/wp\/v2\/comments?post=49242"}],"version-history":[{"count":0,"href":"https:\/\/belair.geek-tonic.dev\/de\/wp-json\/wp\/v2\/pages\/49242\/revisions"}],"wp:featuredmedia":[{"embeddable":true,"href":"https:\/\/belair.geek-tonic.dev\/de\/wp-json\/wp\/v2\/media\/834"}],"wp:attachment":[{"href":"https:\/\/belair.geek-tonic.dev\/de\/wp-json\/wp\/v2\/media?parent=49242"}],"wp:term":[{"taxonomy":"sujet","embeddable":true,"href":"https:\/\/belair.geek-tonic.dev\/de\/wp-json\/wp\/v2\/sujet?post=49242"}],"curies":[{"name":"wp","href":"https:\/\/api.w.org\/{rel}","templated":true}]}}