{"id":6896,"date":"2021-09-28T14:33:28","date_gmt":"2021-09-28T12:33:28","guid":{"rendered":"https:\/\/www.belair.geek-tonic.dev\/restaurant-flotte-en-re\/"},"modified":"2024-04-16T10:34:01","modified_gmt":"2024-04-16T08:34:01","slug":"verpflegung-in-flotte-en-re","status":"publish","type":"page","link":"https:\/\/belair.geek-tonic.dev\/de\/verpflegung-in-flotte-en-re\/","title":{"rendered":"Der Campingplatz: Restaurant"},"content":{"rendered":"<section id=\"ls-section-block_f1649b9325fd503085ab14ec1128e34d\" class=\"ls-section  page-one has-background has-color-4-background-color has-m-t m-t-0 has-m-b m-b-0 has-m-l m-l-0 has-m-r m-r-0 has-p-t p-t-14 has-p-b p-b-0\" >\r\n        <div class=\"container container--wide\">\r\n        \n\n<div class=\"wp-block-columns are-vertically-aligned-top is-layout-flex wp-container-core-columns-is-layout-1 wp-block-columns-is-layout-flex\">\n<div class=\"wp-block-column is-vertically-aligned-top first animated fadeInLeft delay-100ms slow is-layout-flow wp-block-column-is-layout-flow\" style=\"flex-basis:50%\"><div class=\"wp-block-image\">\n<figure class=\"aligncenter size-full\"><img decoding=\"async\" width=\"986\" height=\"614\" src=\"https:\/\/www.belair.geek-tonic.dev\/wp-content\/uploads\/sites\/15\/2021\/10\/bar-flotte-en-re.jpg\" alt=\"bar flotte in re\" class=\"wp-image-841\" srcset=\"https:\/\/belair.geek-tonic.dev\/wp-content\/uploads\/sites\/15\/2021\/10\/bar-flotte-en-re.jpg 986w, https:\/\/belair.geek-tonic.dev\/wp-content\/uploads\/sites\/15\/2021\/10\/bar-flotte-en-re-300x187.jpg 300w, https:\/\/belair.geek-tonic.dev\/wp-content\/uploads\/sites\/15\/2021\/10\/bar-flotte-en-re-768x478.jpg 768w\" sizes=\"(max-width: 986px) 100vw, 986px\" \/><\/figure><\/div><\/div>\n\n\n\n<div class=\"wp-block-column is-vertically-aligned-top second animated fadeInRight slow is-layout-flow wp-block-column-is-layout-flow\" style=\"flex-basis:50%\">\n<h1 class=\"ls__heading wp-block-heading has-text-align-left ls__heading-undefined post__heading-undefined color1 has-color-1-color has-text-color\" id=\"restaurant-a-l-ile-de-re\">Restaurant auf der \u00cele de R\u00e9<\/h1>\n\n\n\n<h2 class=\"ls__heading wp-block-heading has-text-align-left ls__heading-undefined post__heading-undefined border-title color1 has-color-1-color has-text-color\" id=\"notre-restaurant-a-la-flotte-en-re\">Unser Restaurant in La Flotte-en-R\u00e9<\/h2>\n\n\n\n<p class=\"ls-paragraph ls__paragraph\">Unser <a href=\"https:\/\/de.bel-air-camping.com\/\">Campingplatz in La Flotte-en-R\u00e9<\/a> bietet einen <strong>\n  <span class=\"tadv-color\" style=\"color:#005f9b\">Restaurantbereich<\/span>\n<\/strong> direkt vor dem Schwimmbad! Mit seinem holzget\u00e4felten Dekor und seinem Geist<strong>\n  <span class=\"tadv-color\" style=\"color:#005f9b\"> modernen Guinguette<\/span>\n<\/strong>Sie werden die d\u00f6rfliche Atmosph\u00e4re und die Ruhe zu sch\u00e4tzen wissen. Genie\u00dfen Sie den <strong>\n  <span class=\"tadv-color\" style=\"color:#005f9b\">Loungebereich<\/span>\n<\/strong> mit seinen Sofas und Couchtischen in grauer Rattanoptik und den vielen Tischen und St\u00fchlen.<\/p>\n\n\n\n<p class=\"ls-paragraph ls__paragraph\">W\u00e4hrend Ihres Campingurlaubs auf der \u00cele de R\u00e9 wird das neue Team des Restaurants mit Imbiss und Bar Ihren Gaumen erfreuen. Sie k\u00f6nnen zwischen dem \u00fcberdachten Teil und der <strong>\n  <span class=\"tadv-color\" style=\"color:#005f9b\">gro\u00dfen Terrasse<\/span>\n<\/strong> wo es sehr angenehm ist, eine Mahlzeit mit Freunden, Paaren oder der Familie zu genie\u00dfen. Entdecken Sie vor Ihrem Aufenthalt die <strong>\n  <span class=\"tadv-color\" style=\"color:#005f9b\">Speisekarte des Restaurants<\/span>\n<\/strong> um einen Vorgeschmack auf das zu bekommen, was Sie erwarten wird.<\/p>\n<\/div>\n<\/div>\n\n\r\n    <\/div>\r\n<\/section><section id=\"ls-section-block_de1a3aee6d9cba1375c71da407fad7cb\" class=\"ls-section  mot-gerant has-background has-color-4-background-color has-m-t m-t-0 has-m-b m-b-0 has-p-t p-t-0\" >\r\n        <div class=\"container \">\r\n        \n\n<div class=\"wp-block-columns has-color-white-background-color has-background is-layout-flex wp-container-core-columns-is-layout-3 wp-block-columns-is-layout-flex\">\n<div class=\"wp-block-column first animated fadeInLeft delay-100ms slow is-layout-flow wp-block-column-is-layout-flow\" style=\"flex-basis:33.33%\">\n<div class=\"wp-block-columns block-bienvenue is-layout-flex wp-container-core-columns-is-layout-2 wp-block-columns-is-layout-flex\">\n<div class=\"wp-block-column has-color-1-background-color has-background is-layout-flow wp-block-column-is-layout-flow\">\n<figure class=\"wp-block-image size-full is-resized\"><img decoding=\"async\" width=\"125\" height=\"123\" src=\"https:\/\/www.belair.geek-tonic.dev\/wp-content\/uploads\/sites\/15\/2021\/10\/gestionnaire-camping.png\" alt=\"Campingplatzbetreiber\" class=\"wp-image-1488\" style=\"aspect-ratio:1;object-fit:contain;width:auto;height:150px\"\/><\/figure>\n<\/div>\n<\/div>\n\n\n\n<div id=\"ls-heading ls-titre-div-block_a71fa8adb8d4abc371a66879d8b4a6e0\" class=\"ls-titre-div titre-citation h1-like\" >\n    Das Wort von Camille, der <em>Verwalterin des Campingplatzes<\/em><\/div>\n<\/div>\n\n\n\n<div class=\"wp-block-column is-vertically-aligned-center second animated fadeInRight slow is-layout-flow wp-block-column-is-layout-flow\" style=\"flex-basis:66.66%\">\n<p class=\"ls-paragraph has-color-7-color has-text-color has-link-color wp-elements-879c1f43c93df430be383bc5197f7e77\">Im Sinne einer Guinguette k\u00f6nnen Sie im Restaurant des Campingplatzes mit Ihrer Familie ein Wurstbrett, eine Pizza oder ein Entrec\u00f4te genie\u00dfen.<\/p>\n\n\n\n<p class=\"ls-paragraph has-color-7-color has-text-color has-link-color wp-elements-33c01bc5f86d33d8c7846d9a28aedb5a\">Die nat\u00fcrliche Einrichtung unseres Restaurants\/unserer Bar wird Ihre Augen vollends verf\u00fchren, w\u00e4hrend Ihr Gaumen bereits von den Gerichten erobert sein wird, die unser K\u00fcchenchef zubereitet hat.<\/p>\n\n\n\n<p class=\"ls-paragraph has-color-7-color has-text-color has-link-color wp-elements-7001620aaf7815e8540091d5905552bf\">Unser Restaurant ist jeden Tag ge\u00f6ffnet<\/p>\n<\/div>\n<\/div>\n\n\r\n    <\/div>\r\n<\/section><section id=\"ls-section-block_69982a58c5c930e9242a6850f0421c49\" class=\"ls-section  home-gallery has-background has-color-4-background-color has-m-t m-t-0\" >\r\n        <div class=\"container container--full\">\r\n        \n\n<figure class=\"wp-block-gallery has-nested-images columns-1 is-cropped galerie-slider-container wp-block-gallery-1 is-layout-flex wp-block-gallery-is-layout-flex\">\n<figure class=\"wp-block-image size-full\"><a href=\"https:\/\/www.belair.geek-tonic.dev\/wp-content\/uploads\/sites\/15\/2021\/10\/pizza-flotte-en-re.jpg\"><img decoding=\"async\" width=\"1989\" height=\"1444\" src=\"https:\/\/www.belair.geek-tonic.dev\/wp-content\/uploads\/sites\/15\/2021\/10\/pizza-flotte-en-re.jpg\" alt=\"pizza flotte in re\" class=\"wp-image-858\" srcset=\"https:\/\/belair.geek-tonic.dev\/wp-content\/uploads\/sites\/15\/2021\/10\/pizza-flotte-en-re.jpg 1989w, https:\/\/belair.geek-tonic.dev\/wp-content\/uploads\/sites\/15\/2021\/10\/pizza-flotte-en-re-300x218.jpg 300w, https:\/\/belair.geek-tonic.dev\/wp-content\/uploads\/sites\/15\/2021\/10\/pizza-flotte-en-re-1024x743.jpg 1024w, https:\/\/belair.geek-tonic.dev\/wp-content\/uploads\/sites\/15\/2021\/10\/pizza-flotte-en-re-768x558.jpg 768w, https:\/\/belair.geek-tonic.dev\/wp-content\/uploads\/sites\/15\/2021\/10\/pizza-flotte-en-re-1536x1115.jpg 1536w\" sizes=\"(max-width: 1989px) 100vw, 1989px\" \/><\/a><\/figure>\n\n\n\n<figure class=\"wp-block-image size-full\"><a href=\"https:\/\/www.belair.geek-tonic.dev\/wp-content\/uploads\/sites\/15\/2021\/10\/restaurant-flotte-en-re.jpg\"><img decoding=\"async\" width=\"1989\" height=\"1444\" src=\"https:\/\/www.belair.geek-tonic.dev\/wp-content\/uploads\/sites\/15\/2021\/10\/restaurant-flotte-en-re.jpg\" alt=\"restaurant flotte in re\" class=\"wp-image-849\" srcset=\"https:\/\/belair.geek-tonic.dev\/wp-content\/uploads\/sites\/15\/2021\/10\/restaurant-flotte-en-re.jpg 1989w, https:\/\/belair.geek-tonic.dev\/wp-content\/uploads\/sites\/15\/2021\/10\/restaurant-flotte-en-re-300x218.jpg 300w, https:\/\/belair.geek-tonic.dev\/wp-content\/uploads\/sites\/15\/2021\/10\/restaurant-flotte-en-re-1024x743.jpg 1024w, https:\/\/belair.geek-tonic.dev\/wp-content\/uploads\/sites\/15\/2021\/10\/restaurant-flotte-en-re-768x558.jpg 768w, https:\/\/belair.geek-tonic.dev\/wp-content\/uploads\/sites\/15\/2021\/10\/restaurant-flotte-en-re-1536x1115.jpg 1536w\" sizes=\"(max-width: 1989px) 100vw, 1989px\" \/><\/a><\/figure>\n<\/figure>\n\n\r\n    <\/div>\r\n<\/section><section id=\"ls-section-block_3f1a1a287e90230082d123604ebfd34d\" class=\"ls-section  has-background has-color-white-background-color\" >\r\n        <div class=\"container container--wide\">\r\n        \n\n<div class=\"wp-block-columns are-vertically-aligned-center is-layout-flex wp-container-core-columns-is-layout-4 wp-block-columns-is-layout-flex\">\n<div class=\"wp-block-column is-vertically-aligned-center first animated fadeInLeft delay-100ms slow is-layout-flow wp-block-column-is-layout-flow\">\n<h2 class=\"ls__heading wp-block-heading ls__heading-undefined post__heading-undefined color1\" id=\"bar-en-charente-maritime\">Kneipe in Charente-Maritime<\/h2>\n\n\n\n<p class=\"ls-paragraph ls__paragraph\">Das Restaurant bietet eine <strong><span style=\"color:#005f9b\" class=\"tadv-color\">Barkarte<\/span><\/strong> den ganzen Tag \u00fcber. Egal, ob Sie eher ein hei\u00dfes Morgengetr\u00e4nk oder einen frischen Fruchtsaft bevorzugen, Sie werden w\u00e4hrend Ihres Urlaubs einen angenehmen Morgenmoment genie\u00dfen. Sp\u00e4ter am Tag k\u00f6nnen Sie Ihren Durst mit unseren S\u00e4ften, Bieren, einem Glas Wein oder anderen s\u00fc\u00dfen Getr\u00e4nken l\u00f6schen.<\/p>\n\n\n\n<p class=\"ls-paragraph ls__paragraph\">Nachdem Sie einen sonnigen Nachmittag am Strand in der N\u00e4he des Campingplatzes verbracht und viele Kilometer mit dem Fahrrad zur\u00fcckgelegt haben, ist es Zeit f\u00fcr einen Aperitif! Treffen Sie sich an der Bar zu einem <span style=\"color:#005f9b\" class=\"tadv-color\">\n  <strong>geselliger Moment<\/strong>\n<\/span> unter Freunden oder mit der Familie. Da der kleine Hunger nie weit ist, ist das <strong>\n  <span style=\"color:#005f9b\" class=\"tadv-color\">Aperitifbrett<\/span>\n<\/strong> kr\u00f6nt diesen herzlichen und entspannenden Moment bei einem Glas.<\/p>\n<\/div>\n\n\n\n<div class=\"wp-block-column is-vertically-aligned-center second animated fadeInRight slow is-layout-flow wp-block-column-is-layout-flow\">\n<figure class=\"wp-block-image size-large\"><a href=\"https:\/\/www.belair.geek-tonic.dev\/wp-content\/uploads\/sites\/15\/2021\/10\/restaurant-salade-ile-de-re-1.jpg\"><img decoding=\"async\" width=\"1024\" height=\"743\" src=\"https:\/\/www.belair.geek-tonic.dev\/wp-content\/uploads\/sites\/15\/2021\/10\/restaurant-salade-ile-de-re-1-1024x743.jpg\" alt=\"salat-restaurant ile de re\" class=\"wp-image-885\" srcset=\"https:\/\/belair.geek-tonic.dev\/wp-content\/uploads\/sites\/15\/2021\/10\/restaurant-salade-ile-de-re-1-1024x743.jpg 1024w, https:\/\/belair.geek-tonic.dev\/wp-content\/uploads\/sites\/15\/2021\/10\/restaurant-salade-ile-de-re-1-300x218.jpg 300w, https:\/\/belair.geek-tonic.dev\/wp-content\/uploads\/sites\/15\/2021\/10\/restaurant-salade-ile-de-re-1-768x557.jpg 768w, https:\/\/belair.geek-tonic.dev\/wp-content\/uploads\/sites\/15\/2021\/10\/restaurant-salade-ile-de-re-1-1536x1115.jpg 1536w, https:\/\/belair.geek-tonic.dev\/wp-content\/uploads\/sites\/15\/2021\/10\/restaurant-salade-ile-de-re-1.jpg 1990w\" sizes=\"(max-width: 1024px) 100vw, 1024px\" \/><\/a><\/figure>\n<\/div>\n<\/div>\n\n\r\n    <\/div>\r\n<\/section><section id=\"ls-section-block_f5b6d618d6c91a1061817d735ec32060\" class=\"ls-section  has-background has-color-4-background-color has-m-t m-t-0\" >\r\n        <div class=\"container container--wide\">\r\n        \n\n<div class=\"wp-block-columns is-layout-flex wp-container-core-columns-is-layout-5 wp-block-columns-is-layout-flex\">\n<div class=\"wp-block-column first animated fadeInLeft delay-100ms slow is-layout-flow wp-block-column-is-layout-flow\">\n<figure class=\"wp-block-image size-full\"><a href=\"https:\/\/www.belair.geek-tonic.dev\/wp-content\/uploads\/sites\/15\/2021\/10\/restaurant-burger-flotte-en-re.jpg\"><img decoding=\"async\" width=\"1990\" height=\"1444\" src=\"https:\/\/www.belair.geek-tonic.dev\/wp-content\/uploads\/sites\/15\/2021\/10\/restaurant-burger-flotte-en-re.jpg\" alt=\"restaurant burger flotte in re\" class=\"wp-image-845\" srcset=\"https:\/\/belair.geek-tonic.dev\/wp-content\/uploads\/sites\/15\/2021\/10\/restaurant-burger-flotte-en-re.jpg 1990w, https:\/\/belair.geek-tonic.dev\/wp-content\/uploads\/sites\/15\/2021\/10\/restaurant-burger-flotte-en-re-300x218.jpg 300w, https:\/\/belair.geek-tonic.dev\/wp-content\/uploads\/sites\/15\/2021\/10\/restaurant-burger-flotte-en-re-1024x743.jpg 1024w, https:\/\/belair.geek-tonic.dev\/wp-content\/uploads\/sites\/15\/2021\/10\/restaurant-burger-flotte-en-re-768x557.jpg 768w, https:\/\/belair.geek-tonic.dev\/wp-content\/uploads\/sites\/15\/2021\/10\/restaurant-burger-flotte-en-re-1536x1115.jpg 1536w\" sizes=\"(max-width: 1990px) 100vw, 1990px\" \/><\/a><\/figure>\n<\/div>\n\n\n\n<div class=\"wp-block-column second animated fadeInRight slow is-layout-flow wp-block-column-is-layout-flow\">\n<h2 class=\"ls__heading wp-block-heading has-text-align-center ls__heading-undefined post__heading-undefined border-title color1\" id=\"la-carte-de-notre-restaurant\">Die Speisekarte unseres Restaurants<\/h2>\n\n\n\n<p class=\"ls-paragraph ls__paragraph\">Die <strong>\n  <span style=\"color:#005f9b\" class=\"tadv-color\">Speisekarte des Restaurants<\/span>\n<\/strong> wird die ganze Familie zufriedenstellen, von den Kleinsten bis zu den Gr\u00f6\u00dften. F\u00fcr die unerm\u00fcdlichen Schaumschl\u00e4ger nach einem wilden Vormittag im Kinderclub w\u00e4hlen Sie das <strong>\n  <span style=\"color:#005f9b\" class=\"tadv-color\">Kindermen\u00fc<\/span>\n<\/strong> um neue Energie zu tanken. Erwachsene und gro\u00dfe Kinder werden eine <strong>\n  <span style=\"color:#005f9b\" class=\"tadv-color\">abwechslungsreiche Speisekarte<\/span>\n<\/strong> und f\u00fcr alle geeignet.<\/p>\n\n\n\n<p class=\"ls-paragraph ls__paragraph post__paragraph\">  Hier finden Sie Pizzas f\u00fcr jeden Geschmack, Paninis und Salate f\u00fcr einen frischen Moment. F\u00fcr die <strong>\n  <span style=\"color:#005f9b\" class=\"tadv-color\">Fleischliebhaber<\/span>\n<\/strong>Der Chefkoch wird Sie mit seinem Superburger und seinem perfekt gegarten Entrec\u00f4te nach Ihren W\u00fcnschen begeistern. F\u00fcr die s\u00fc\u00dfen Gel\u00fcste k\u00f6nnen Sie sich mit einem Cr\u00eape, Eis oder auch mit den <strong>\n  <span style=\"color:#005f9b\" class=\"tadv-color\">Tagesdesserts<\/span>\n<\/strong>. Die gesamte Speisekarte ist auch zum Mitnehmen erh\u00e4ltlich, damit Sie sich in Ruhe in Ihrer Unterkunft austauschen k\u00f6nnen.  <\/p>\n<\/div>\n<\/div>\n\n\r\n    <\/div>\r\n<\/section><section id=\"ls-section-block_f4f35a676ee72c1eb8ed55980141fd17\" class=\"ls-section  page-maillage experience has-m-t m-t-0 has-p-t p-t-10\" >\r\n        <div class=\"container container--wide\">\r\n        \n\n<div id=\"ls-heading ls-titre-div-block_4efb9a0f9253a89ea03f9cfacc9bab89\" class=\"ls-titre-div aligncenter h2-like\" >\n    <strong>Entdecken Sie unser<\/strong> Schwimmbad, unsere Freizeitangebote und unsere Vermietungen<\/div>\n\n\n<div id=\"ls-maillage-block_fdac2a1ec1a9faece9e985a7e1899fb4\" class=\"ls-maillage cta-style-normal\" data-rows=\"3\">\n    <div class=\"wp-block-columns\"><div class=\"wp-block-column\"><div id=\"destinations\" class=\"ls-cta\">\n\n<a href=\"https:\/\/belair.geek-tonic.dev\/de\/campingplatz-animationen-flotte-en-re\/\" target=\"\" rel=\"noopener\" class=\"ls-cta__link\">\n\n\t<div class=\"ls-cta__image\"><img decoding=\"async\" src=\"https:\/\/belair.geek-tonic.dev\/wp-content\/uploads\/sites\/15\/2021\/10\/camping-activites-ile-de-re.jpg\" alt=\"camping activites ile de re\"><\/div>\n\t<div class=\"ls-cta__title\">\n\t\tUnsere Aktivit\u00e4ten\t<\/div>\n\n\t\t\n<\/a><\/div><\/div><div class=\"wp-block-column\"><div id=\"destinations\" class=\"ls-cta\">\n\n<a href=\"https:\/\/belair.geek-tonic.dev\/de\/vermietung-mobilheim-flotte-en-re\/\" target=\"\" rel=\"noopener\" class=\"ls-cta__link\">\n\n\t<div class=\"ls-cta__image\"><img decoding=\"async\" src=\"https:\/\/belair.geek-tonic.dev\/wp-content\/uploads\/sites\/15\/2021\/10\/location-mobil-home-flotte-en-re.jpg\" alt=\"vermietung mobilheim flotte en re\"><\/div>\n\t<div class=\"ls-cta__title\">\n\t\tVermietungen\t<\/div>\n\n\t\t\n<\/a><\/div><\/div><div class=\"wp-block-column\"><div id=\"destinations\" class=\"ls-cta\">\n\n<a href=\"https:\/\/belair.geek-tonic.dev\/de\/campingplatz-raum-wassersport-flotte-en-re\/\" target=\"\" rel=\"noopener\" class=\"ls-cta__link\">\n\n\t<div class=\"ls-cta__image\"><img decoding=\"async\" src=\"https:\/\/belair.geek-tonic.dev\/wp-content\/uploads\/sites\/15\/2021\/10\/camping-piscine-chauffee-ile-de-re.jpg\" alt=\"camping beheizter pool ile de re\"><\/div>\n\t<div class=\"ls-cta__title\">\n\t\tSwimmingpool\t<\/div>\n\n\t\t\n<\/a><\/div><\/div><\/div><\/div>\n\r\n    <\/div>\r\n<\/section>","protected":false},"excerpt":{"rendered":"","protected":false},"author":1,"featured_media":883,"parent":0,"menu_order":0,"comment_status":"closed","ping_status":"closed","template":"","meta":{"_acf_changed":false,"footnotes":""},"sujet":[],"class_list":["post-6896","page","type-page","status-publish","has-post-thumbnail","hentry"],"acf":[],"yoast_head":"<!-- This site is optimized with the Yoast SEO plugin v23.9 - https:\/\/yoast.com\/wordpress\/plugins\/seo\/ -->\n<title>Gastronomie in La Flotte-en-R\u00e9 | Bar, Restaurant auf der \u00cele de R\u00e9 | Bar Flotte-en-R\u00e9<\/title>\n<meta name=\"robots\" content=\"noindex, follow, max-snippet:-1, max-image-preview:large, max-video-preview:-1\" \/>\n<meta property=\"og:locale\" content=\"de_DE\" \/>\n<meta property=\"og:type\" content=\"article\" \/>\n<meta property=\"og:title\" content=\"Gastronomie in La Flotte-en-R\u00e9 | Bar, Restaurant auf der \u00cele de R\u00e9 | Bar Flotte-en-R\u00e9\" \/>\n<meta property=\"og:url\" content=\"https:\/\/belair.geek-tonic.dev\/de\/verpflegung-in-flotte-en-re\/\" \/>\n<meta property=\"og:site_name\" content=\"Camping Le Belair\" \/>\n<meta property=\"article:modified_time\" content=\"2024-04-16T08:34:01+00:00\" \/>\n<meta property=\"og:image\" content=\"https:\/\/belair.geek-tonic.dev\/wp-content\/uploads\/sites\/15\/2021\/10\/restaurantation-ile-de-re.jpg\" \/>\n\t<meta property=\"og:image:width\" content=\"1901\" \/>\n\t<meta property=\"og:image:height\" content=\"515\" \/>\n\t<meta property=\"og:image:type\" content=\"image\/jpeg\" \/>\n<meta name=\"twitter:card\" content=\"summary_large_image\" \/>\n<meta name=\"twitter:label1\" content=\"Gesch\u00e4tzte Lesezeit\" \/>\n\t<meta name=\"twitter:data1\" content=\"4\u00a0Minuten\" \/>\n<script type=\"application\/ld+json\" class=\"yoast-schema-graph\">{\"@context\":\"https:\/\/schema.org\",\"@graph\":[{\"@type\":\"WebPage\",\"@id\":\"https:\/\/belair.geek-tonic.dev\/de\/verpflegung-in-flotte-en-re\/\",\"url\":\"https:\/\/belair.geek-tonic.dev\/de\/verpflegung-in-flotte-en-re\/\",\"name\":\"Gastronomie in La Flotte-en-R\u00e9 | Bar, Restaurant auf der \u00cele de R\u00e9 | Bar Flotte-en-R\u00e9\",\"isPartOf\":{\"@id\":\"https:\/\/belair.geek-tonic.dev\/de\/#website\"},\"primaryImageOfPage\":{\"@id\":\"https:\/\/belair.geek-tonic.dev\/de\/verpflegung-in-flotte-en-re\/#primaryimage\"},\"image\":{\"@id\":\"https:\/\/belair.geek-tonic.dev\/de\/verpflegung-in-flotte-en-re\/#primaryimage\"},\"thumbnailUrl\":\"https:\/\/belair.geek-tonic.dev\/wp-content\/uploads\/sites\/15\/2021\/10\/restaurantation-ile-de-re.jpg\",\"datePublished\":\"2021-09-28T12:33:28+00:00\",\"dateModified\":\"2024-04-16T08:34:01+00:00\",\"breadcrumb\":{\"@id\":\"https:\/\/belair.geek-tonic.dev\/de\/verpflegung-in-flotte-en-re\/#breadcrumb\"},\"inLanguage\":\"de\",\"potentialAction\":[{\"@type\":\"ReadAction\",\"target\":[\"https:\/\/belair.geek-tonic.dev\/de\/verpflegung-in-flotte-en-re\/\"]}]},{\"@type\":\"ImageObject\",\"inLanguage\":\"de\",\"@id\":\"https:\/\/belair.geek-tonic.dev\/de\/verpflegung-in-flotte-en-re\/#primaryimage\",\"url\":\"https:\/\/belair.geek-tonic.dev\/wp-content\/uploads\/sites\/15\/2021\/10\/restaurantation-ile-de-re.jpg\",\"contentUrl\":\"https:\/\/belair.geek-tonic.dev\/wp-content\/uploads\/sites\/15\/2021\/10\/restaurantation-ile-de-re.jpg\",\"width\":1901,\"height\":515,\"caption\":\"restaurierung ile de re\"},{\"@type\":\"BreadcrumbList\",\"@id\":\"https:\/\/belair.geek-tonic.dev\/de\/verpflegung-in-flotte-en-re\/#breadcrumb\",\"itemListElement\":[{\"@type\":\"ListItem\",\"position\":1,\"name\":\"Campingplatz \u00cele de R\u00e9\",\"item\":\"https:\/\/belair.geek-tonic.dev\/de\/\"},{\"@type\":\"ListItem\",\"position\":2,\"name\":\"Verpflegung in La Flotte-en-R\u00e9\"}]},{\"@type\":\"WebSite\",\"@id\":\"https:\/\/belair.geek-tonic.dev\/de\/#website\",\"url\":\"https:\/\/belair.geek-tonic.dev\/de\/\",\"name\":\"Camping Le Belair\",\"description\":\"\",\"publisher\":{\"@id\":\"https:\/\/belair.geek-tonic.dev\/de\/#organization\"},\"potentialAction\":[{\"@type\":\"SearchAction\",\"target\":{\"@type\":\"EntryPoint\",\"urlTemplate\":\"https:\/\/belair.geek-tonic.dev\/de\/?s={search_term_string}\"},\"query-input\":{\"@type\":\"PropertyValueSpecification\",\"valueRequired\":true,\"valueName\":\"search_term_string\"}}],\"inLanguage\":\"de\"},{\"@type\":\"Organization\",\"@id\":\"https:\/\/belair.geek-tonic.dev\/de\/#organization\",\"name\":\"Camping Le Belair\",\"url\":\"https:\/\/belair.geek-tonic.dev\/de\/\",\"logo\":{\"@type\":\"ImageObject\",\"inLanguage\":\"de\",\"@id\":\"https:\/\/belair.geek-tonic.dev\/de\/#\/schema\/logo\/image\/\",\"url\":\"https:\/\/belair.geek-tonic.dev\/wp-content\/uploads\/sites\/15\/2024\/09\/cropped-logo-Flower-camping-Le-Bel-Air.png\",\"contentUrl\":\"https:\/\/belair.geek-tonic.dev\/wp-content\/uploads\/sites\/15\/2024\/09\/cropped-logo-Flower-camping-Le-Bel-Air.png\",\"width\":500,\"height\":660,\"caption\":\"Camping Le Belair\"},\"image\":{\"@id\":\"https:\/\/belair.geek-tonic.dev\/de\/#\/schema\/logo\/image\/\"}}]}<\/script>\n<!-- \/ Yoast SEO plugin. -->","yoast_head_json":{"title":"Gastronomie in La Flotte-en-R\u00e9 | Bar, Restaurant auf der \u00cele de R\u00e9 | Bar Flotte-en-R\u00e9","robots":{"index":"noindex","follow":"follow","max-snippet":"max-snippet:-1","max-image-preview":"max-image-preview:large","max-video-preview":"max-video-preview:-1"},"og_locale":"de_DE","og_type":"article","og_title":"Gastronomie in La Flotte-en-R\u00e9 | Bar, Restaurant auf der \u00cele de R\u00e9 | Bar Flotte-en-R\u00e9","og_url":"https:\/\/belair.geek-tonic.dev\/de\/verpflegung-in-flotte-en-re\/","og_site_name":"Camping Le Belair","article_modified_time":"2024-04-16T08:34:01+00:00","og_image":[{"width":1901,"height":515,"url":"https:\/\/belair.geek-tonic.dev\/wp-content\/uploads\/sites\/15\/2021\/10\/restaurantation-ile-de-re.jpg","type":"image\/jpeg"}],"twitter_card":"summary_large_image","twitter_misc":{"Gesch\u00e4tzte Lesezeit":"4\u00a0Minuten"},"schema":{"@context":"https:\/\/schema.org","@graph":[{"@type":"WebPage","@id":"https:\/\/belair.geek-tonic.dev\/de\/verpflegung-in-flotte-en-re\/","url":"https:\/\/belair.geek-tonic.dev\/de\/verpflegung-in-flotte-en-re\/","name":"Gastronomie in La Flotte-en-R\u00e9 | Bar, Restaurant auf der \u00cele de R\u00e9 | Bar Flotte-en-R\u00e9","isPartOf":{"@id":"https:\/\/belair.geek-tonic.dev\/de\/#website"},"primaryImageOfPage":{"@id":"https:\/\/belair.geek-tonic.dev\/de\/verpflegung-in-flotte-en-re\/#primaryimage"},"image":{"@id":"https:\/\/belair.geek-tonic.dev\/de\/verpflegung-in-flotte-en-re\/#primaryimage"},"thumbnailUrl":"https:\/\/belair.geek-tonic.dev\/wp-content\/uploads\/sites\/15\/2021\/10\/restaurantation-ile-de-re.jpg","datePublished":"2021-09-28T12:33:28+00:00","dateModified":"2024-04-16T08:34:01+00:00","breadcrumb":{"@id":"https:\/\/belair.geek-tonic.dev\/de\/verpflegung-in-flotte-en-re\/#breadcrumb"},"inLanguage":"de","potentialAction":[{"@type":"ReadAction","target":["https:\/\/belair.geek-tonic.dev\/de\/verpflegung-in-flotte-en-re\/"]}]},{"@type":"ImageObject","inLanguage":"de","@id":"https:\/\/belair.geek-tonic.dev\/de\/verpflegung-in-flotte-en-re\/#primaryimage","url":"https:\/\/belair.geek-tonic.dev\/wp-content\/uploads\/sites\/15\/2021\/10\/restaurantation-ile-de-re.jpg","contentUrl":"https:\/\/belair.geek-tonic.dev\/wp-content\/uploads\/sites\/15\/2021\/10\/restaurantation-ile-de-re.jpg","width":1901,"height":515,"caption":"restaurierung ile de re"},{"@type":"BreadcrumbList","@id":"https:\/\/belair.geek-tonic.dev\/de\/verpflegung-in-flotte-en-re\/#breadcrumb","itemListElement":[{"@type":"ListItem","position":1,"name":"Campingplatz \u00cele de R\u00e9","item":"https:\/\/belair.geek-tonic.dev\/de\/"},{"@type":"ListItem","position":2,"name":"Verpflegung in La Flotte-en-R\u00e9"}]},{"@type":"WebSite","@id":"https:\/\/belair.geek-tonic.dev\/de\/#website","url":"https:\/\/belair.geek-tonic.dev\/de\/","name":"Camping Le Belair","description":"","publisher":{"@id":"https:\/\/belair.geek-tonic.dev\/de\/#organization"},"potentialAction":[{"@type":"SearchAction","target":{"@type":"EntryPoint","urlTemplate":"https:\/\/belair.geek-tonic.dev\/de\/?s={search_term_string}"},"query-input":{"@type":"PropertyValueSpecification","valueRequired":true,"valueName":"search_term_string"}}],"inLanguage":"de"},{"@type":"Organization","@id":"https:\/\/belair.geek-tonic.dev\/de\/#organization","name":"Camping Le Belair","url":"https:\/\/belair.geek-tonic.dev\/de\/","logo":{"@type":"ImageObject","inLanguage":"de","@id":"https:\/\/belair.geek-tonic.dev\/de\/#\/schema\/logo\/image\/","url":"https:\/\/belair.geek-tonic.dev\/wp-content\/uploads\/sites\/15\/2024\/09\/cropped-logo-Flower-camping-Le-Bel-Air.png","contentUrl":"https:\/\/belair.geek-tonic.dev\/wp-content\/uploads\/sites\/15\/2024\/09\/cropped-logo-Flower-camping-Le-Bel-Air.png","width":500,"height":660,"caption":"Camping Le Belair"},"image":{"@id":"https:\/\/belair.geek-tonic.dev\/de\/#\/schema\/logo\/image\/"}}]}},"_links":{"self":[{"href":"https:\/\/belair.geek-tonic.dev\/de\/wp-json\/wp\/v2\/pages\/6896","targetHints":{"allow":["GET"]}}],"collection":[{"href":"https:\/\/belair.geek-tonic.dev\/de\/wp-json\/wp\/v2\/pages"}],"about":[{"href":"https:\/\/belair.geek-tonic.dev\/de\/wp-json\/wp\/v2\/types\/page"}],"author":[{"embeddable":true,"href":"https:\/\/belair.geek-tonic.dev\/de\/wp-json\/wp\/v2\/users\/1"}],"replies":[{"embeddable":true,"href":"https:\/\/belair.geek-tonic.dev\/de\/wp-json\/wp\/v2\/comments?post=6896"}],"version-history":[{"count":0,"href":"https:\/\/belair.geek-tonic.dev\/de\/wp-json\/wp\/v2\/pages\/6896\/revisions"}],"wp:featuredmedia":[{"embeddable":true,"href":"https:\/\/belair.geek-tonic.dev\/de\/wp-json\/wp\/v2\/media\/883"}],"wp:attachment":[{"href":"https:\/\/belair.geek-tonic.dev\/de\/wp-json\/wp\/v2\/media?parent=6896"}],"wp:term":[{"taxonomy":"sujet","embeddable":true,"href":"https:\/\/belair.geek-tonic.dev\/de\/wp-json\/wp\/v2\/sujet?post=6896"}],"curies":[{"name":"wp","href":"https:\/\/api.w.org\/{rel}","templated":true}]}}