{"id":48268,"date":"2021-09-28T14:33:59","date_gmt":"2021-09-28T12:33:59","guid":{"rendered":"https:\/\/www.belair.geek-tonic.dev\/camping-groupe-flotte-en-re\/"},"modified":"2024-04-16T10:31:09","modified_gmt":"2024-04-16T08:31:09","slug":"campsite-group-flotte-en-re","status":"publish","type":"page","link":"https:\/\/belair.geek-tonic.dev\/en\/campsite-group-flotte-en-re\/","title":{"rendered":"Camping: Groups and Works Councils"},"content":{"rendered":"<section id=\"ls-section-block_dc4e8658b422bd0722668b515ac012ea\" class=\"ls-section  page-one has-background has-color-4-background-color has-m-t m-t-0 has-m-b m-b-0 has-p-t p-t-14 has-p-b p-b-0\" >\r\n        <div class=\"container container--wide\">\r\n        \n\n<div class=\"wp-block-columns is-layout-flex wp-container-core-columns-is-layout-1 wp-block-columns-is-layout-flex\">\n<div class=\"wp-block-column is-vertically-aligned-bottom first animated fadeInLeft delay-100ms slow is-layout-flow wp-block-column-is-layout-flow\" style=\"flex-basis:50%\"><div class=\"wp-block-image\">\n<figure class=\"aligncenter size-full\"><img decoding=\"async\" width=\"1200\" height=\"800\" src=\"https:\/\/www.belair.geek-tonic.dev\/wp-content\/uploads\/sites\/15\/2021\/10\/camping-seminaires-flotte-en-re.jpg\" alt=\"camping seminaires flotte en re\" class=\"wp-image-1041\" srcset=\"https:\/\/belair.geek-tonic.dev\/wp-content\/uploads\/sites\/15\/2021\/10\/camping-seminaires-flotte-en-re.jpg 1200w, https:\/\/belair.geek-tonic.dev\/wp-content\/uploads\/sites\/15\/2021\/10\/camping-seminaires-flotte-en-re-300x200.jpg 300w, https:\/\/belair.geek-tonic.dev\/wp-content\/uploads\/sites\/15\/2021\/10\/camping-seminaires-flotte-en-re-1024x683.jpg 1024w, https:\/\/belair.geek-tonic.dev\/wp-content\/uploads\/sites\/15\/2021\/10\/camping-seminaires-flotte-en-re-768x512.jpg 768w\" sizes=\"(max-width: 1200px) 100vw, 1200px\" \/><\/figure><\/div><\/div>\n\n\n\n<div class=\"wp-block-column is-vertically-aligned-top second animated fadeInRight slow is-layout-flow wp-block-column-is-layout-flow\" style=\"flex-basis:50%\">\n<h1 class=\"ls__heading wp-block-heading has-text-align-left ls__heading-undefined post__heading-undefined color1 has-color-1-color has-text-color\" id=\"camping-pour-groupes-a-la-flotte-en-re\">Group camping at La Flotte-en-R\u00e9<\/h1>\n\n\n\n<h2 class=\"ls__heading wp-block-heading has-text-align-left ls__heading-undefined post__heading-undefined border-title color1 has-color-1-color has-text-color\" id=\"nos-formules-groupe-a-l-ile-de-re\">Our group packages on the Ile de R\u00e9<\/h2>\n\n\n\n<p class=\"ls-paragraph ls__paragraph\">Our 4-star campsite on the \u00cele de R\u00e9 is the ideal place for your <strong>\n  <span style=\"color:#005f9b\" class=\"tadv-color\">group holiday<\/span>\n<\/strong>. For a cousinade, a family reunion, a trip with friends or for a sports association <strong>\n  <span style=\"color:#005f9b\" class=\"tadv-color\">sports association<\/span>\n<\/strong>our services are adapted to welcome you throughout the season.<\/p>\n\n\n\n<div class=\"ls-lire-plus\">\n    <input id=\"ls-lire-plus-block_bc4683cbc8d9fd3c378751741f280fe069e62be805a67\" type=\"checkbox\" class=\"ls-lire-plus__toggle\"  \/>\n    <label for=\"ls-lire-plus-block_bc4683cbc8d9fd3c378751741f280fe069e62be805a67\" class=\"ls-lire-plus__toggle-label\">\n        <span>Lire plus<\/span>\n        <span>Lire moins<\/span>\n    <\/label>\n    <div class=\"ls-lire-plus__content\">\n        \n\n<p class=\"ls-paragraph ls__paragraph\">In low season, our <a href=\"https:\/\/en.bel-air-camping.com\/rental-mobil-home-flotte-en-re\/\">rental accommodations<\/a> are available from <strong>\n  <span class=\"tadv-color\" style=\"color:#005f9b\">2 nights minimum<\/span>\n<\/strong>leaving you free to organize a group stay for a week or a weekend. Bikers, hikers, cyclists, stay at our <a href=\"https:\/\/en.bel-air-camping.com\/\">Le Bel Air campsite<\/a>, ideal for your stopover thanks to our secure campsite.<\/p>\n\n\n\n<p class=\"ls-paragraph ls__paragraph\">Travel light and take advantage of our various options, ask for the <strong>\n  <span class=\"tadv-color\" style=\"color:#005f9b\">Travel Flower pack<\/span>\n<\/strong> with sheets, towels and welcome products included. Our snack-bar restaurant offers a range of formulas to suit your needs for <strong>\n  <span class=\"tadv-color\" style=\"color:#005f9b\">group meals<\/span>\n<\/strong>.<\/p>\n\n        <div class=\"ls-lire-plus__gradient\" style=\"background: linear-gradient(to bottom,rgba(255,235,204,0) 0%,rgba(255,235,204,1) 100%);\"><\/div>\n    <\/div>\n<\/div><\/div>\n<\/div>\n\n\r\n    <\/div>\r\n<\/section><section id=\"ls-section-block_f6fd5da93b64c2fe3b83a6fc9ac33cbf\" class=\"ls-section  mot-gerant has-background has-color-4-background-color has-m-t m-t-0 has-m-b m-b-0 has-p-t p-t-0\" >\r\n        <div class=\"container \">\r\n        \n\n<div class=\"wp-block-columns has-color-white-background-color has-background is-layout-flex wp-container-core-columns-is-layout-3 wp-block-columns-is-layout-flex\">\n<div class=\"wp-block-column animated fadeInRight delay-100ms slow is-layout-flow wp-block-column-is-layout-flow\" style=\"flex-basis:33.33%\">\n<div class=\"wp-block-columns block-bienvenue is-layout-flex wp-container-core-columns-is-layout-2 wp-block-columns-is-layout-flex\">\n<div class=\"wp-block-column has-color-1-background-color has-background is-layout-flow wp-block-column-is-layout-flow\">\n<figure class=\"wp-block-image size-full is-resized\"><img decoding=\"async\" width=\"125\" height=\"123\" src=\"https:\/\/www.belair.geek-tonic.dev\/wp-content\/uploads\/sites\/15\/2021\/10\/gestionnaire-camping.png\" alt=\"campsite manager\" class=\"wp-image-1488\" style=\"aspect-ratio:1;object-fit:contain;width:auto;height:150px\"\/><\/figure>\n<\/div>\n<\/div>\n\n\n\n<div id=\"ls-heading ls-titre-div-block_5ac6772c7d99ccbaea8c1334c0b5a944\" class=\"ls-titre-div titre-citation h1-like\" >\n    A word from Camille, <em>campsite manager<\/em><\/div>\n<\/div>\n\n\n\n<div class=\"wp-block-column is-vertically-aligned-center second animated fadeInRight slow is-layout-flow wp-block-column-is-layout-flow\" style=\"flex-basis:66.66%\">\n<p class=\"ls-paragraph has-color-7-color has-text-color has-link-color wp-elements-7fcc6a5152051e95ea702d23e433e795\">For works councils or groups, we have the accommodation and offers to suit your needs.<\/p>\n\n\n\n<p class=\"ls-paragraph has-color-7-color has-text-color has-link-color wp-elements-23b5a2c7b298148ff1f1aa498b5e4277\"><em>&#8220;Contact us, our team will help you choose the ideal accommodation.&#8221;<\/em><\/p>\n<\/div>\n<\/div>\n\n\r\n    <\/div>\r\n<\/section><section id=\"ls-section-block_713b1db6a4dbca82e35af470a7766e9a\" class=\"ls-section  has-background has-color-white-background-color has-m-t m-t-0 has-m-b m-b-0 has-m-l m-l-0 has-m-r m-r-0\" >\r\n        <div class=\"container container--wide\">\r\n        \n\n<div class=\"wp-block-columns are-vertically-aligned-center is-layout-flex wp-container-core-columns-is-layout-4 wp-block-columns-is-layout-flex\">\n<div class=\"wp-block-column is-vertically-aligned-center first animated fadeInLeft delay-100ms slow is-layout-flow wp-block-column-is-layout-flow\">\n<h2 class=\"ls__heading wp-block-heading ls__heading-undefined color1\" id=\"nos-formules-cse-a-la-flotte-en-re\">  Our CSE packages in La Flotte-en-R\u00e9  <\/h2>\n\n\n\n<p class=\"ls-paragraph ls__paragraph\">For <strong>\n  <span style=\"color:#005f9b\" class=\"tadv-color\">and corporate customers<\/span>\n<\/strong>we offer customized solutions. So let yourself be tempted by the beauty of the Ile de R\u00e9. And offer your employees or beneficiaries a relaxing and unforgettable vacation at our 4-star campsite with swimming pool. We offer allotment or linear formulas adapted to your structure and your needs, depending on the number of weeks required.<\/p>\n\n\n\n<p class=\"ls-paragraph ls__paragraph\">Whether you&#8217;re a newly elected official or an experienced one, we&#8217;ll be happy to provide you with all the information you need, and why not <strong>\n  <span style=\"color:#005f9b\" class=\"tadv-color\">become a partner<\/span>\n<\/strong>. Our <strong>\n  <span style=\"color:#005f9b\" class=\"tadv-color\">collaboration contracts<\/span>\n<\/strong> offer you several possibilities:  <\/p>\n\n\n\n<div class=\"ls-lire-plus\">\n    <input id=\"ls-lire-plus-block_ee526f0dda98d02b1529c340922a0dd669e62be80b303\" type=\"checkbox\" class=\"ls-lire-plus__toggle\"  \/>\n    <label for=\"ls-lire-plus-block_ee526f0dda98d02b1529c340922a0dd669e62be80b303\" class=\"ls-lire-plus__toggle-label\">\n        <span>Lire plus<\/span>\n        <span>Lire moins<\/span>\n    <\/label>\n    <div class=\"ls-lire-plus__content\">\n        \n\n<ul class=\"ls-list ls-list-undefined ls__list-undefined wp-block-list\">\n<li><strong>\n  <span style=\"color:#005f9b\" class=\"tadv-color\">Minimum 2-night stay<\/span>\n<\/strong> with daily arrival possible, only in low season.<\/li>\n\n\n\n<li><strong>\n  <span style=\"color:#005f9b\" class=\"tadv-color\">Stays of 7 nights minimum<\/span>\n<\/strong> with a specific day of arrival.<\/li>\n<\/ul>\n\n\n\n<p class=\"ls-paragraph ls__paragraph\">Do you have a preference for a specific <a href=\"https:\/\/en.bel-air-camping.com\/rental-site-flotte-en-re\/\">rental location<\/a>?<\/p>\n\n\n\n<p class=\"ls-paragraph ls__paragraph\">Contact us and together we&#8217;ll find the one that meets your requirements, while giving you the <a href=\"https:\/\/en.bel-air-camping.com\/campsite-promotions-flotte-en-re\/\">best price<\/a> with our <strong>\n  <span class=\"tadv-color\" style=\"color:#005f9b\">CSE formula<\/span>\n<\/strong>.<\/p>\n\n\n\n<p class=\"ls-paragraph ls__paragraph\">They have placed their trust in us: CE KEOLIS, CE SAUR, GRAND LYON M\u00c9TROPOLE, CE SAUVERGARDE 69.<\/p>\n\n        <div class=\"ls-lire-plus__gradient\" style=\"background: linear-gradient(to bottom,rgba(255,255,255,0) 0%,rgba(255,255,255,1) 100%);\"><\/div>\n    <\/div>\n<\/div><\/div>\n\n\n\n<div class=\"wp-block-column is-vertically-aligned-center second animated fadeInRight slow is-layout-flow wp-block-column-is-layout-flow\">\n<figure class=\"wp-block-image size-large\"><img decoding=\"async\" width=\"1024\" height=\"683\" src=\"https:\/\/www.belair.geek-tonic.dev\/wp-content\/uploads\/sites\/15\/2024\/04\/groupe-camping-flotte-en-re-1024x683.webp\" alt=\"groupe camping flotte en re\" class=\"wp-image-841849\" srcset=\"https:\/\/belair.geek-tonic.dev\/wp-content\/uploads\/sites\/15\/2024\/04\/groupe-camping-flotte-en-re-1024x683.webp 1024w, https:\/\/belair.geek-tonic.dev\/wp-content\/uploads\/sites\/15\/2024\/04\/groupe-camping-flotte-en-re-300x200.webp 300w, https:\/\/belair.geek-tonic.dev\/wp-content\/uploads\/sites\/15\/2024\/04\/groupe-camping-flotte-en-re-768x512.webp 768w, https:\/\/belair.geek-tonic.dev\/wp-content\/uploads\/sites\/15\/2024\/04\/groupe-camping-flotte-en-re.webp 1200w\" sizes=\"(max-width: 1024px) 100vw, 1024px\" \/><\/figure>\n<\/div>\n<\/div>\n\n\r\n    <\/div>\r\n<\/section><section id=\"ls-section-block_bdd25a1424f5089a465daa44861849ab\" class=\"ls-section  page-maillage experience has-m-t m-t-0 has-p-t p-t-10\" >\r\n        <div class=\"container container--wide\">\r\n        \n\n<div id=\"ls-heading ls-titre-div-block_3a4fe0650ae6ca2bdbd3d2374844e2c6\" class=\"ls-titre-div aligncenter h2-like\" >\n    <strong>Discover our<\/strong> restaurant, leisure activities and rentals<\/div>\n\n\n<div id=\"ls-maillage-block_69103ba33536a523208e147a3df1cab3\" class=\"ls-maillage cta-style-normal\" data-rows=\"3\">\n    <div class=\"wp-block-columns\"><div class=\"wp-block-column\"><div id=\"destinations\" class=\"ls-cta\">\n\n<a href=\"https:\/\/belair.geek-tonic.dev\/en\/restaurant-in-flotte-en-re\/\" target=\"\" rel=\"noopener\" class=\"ls-cta__link\">\n\n\t<div class=\"ls-cta__image\"><img decoding=\"async\" src=\"https:\/\/belair.geek-tonic.dev\/wp-content\/uploads\/sites\/15\/2021\/10\/restaurantation-flotte-en-re.jpg\" alt=\"restoration fleet in re\"><\/div>\n\t<div class=\"ls-cta__title\">\n\t\tRestaurant\t<\/div>\n\n\t\t\n<\/a><\/div><\/div><div class=\"wp-block-column\"><div id=\"destinations\" class=\"ls-cta\">\n\n<a href=\"https:\/\/belair.geek-tonic.dev\/en\/campsite-animations-flotte-en-re\/\" target=\"\" rel=\"noopener\" class=\"ls-cta__link\">\n\n\t<div class=\"ls-cta__image\"><img decoding=\"async\" src=\"https:\/\/belair.geek-tonic.dev\/wp-content\/uploads\/sites\/15\/2021\/10\/camping-activites-ile-de-re.jpg\" alt=\"camping activites ile de re\"><\/div>\n\t<div class=\"ls-cta__title\">\n\t\tOur activities\t<\/div>\n\n\t\t\n<\/a><\/div><\/div><div class=\"wp-block-column\"><div id=\"destinations\" class=\"ls-cta\">\n\n<a href=\"https:\/\/belair.geek-tonic.dev\/en\/rental-mobil-home-flotte-en-re\/\" target=\"\" rel=\"noopener\" class=\"ls-cta__link\">\n\n\t<div class=\"ls-cta__image\"><img decoding=\"async\" src=\"https:\/\/belair.geek-tonic.dev\/wp-content\/uploads\/sites\/15\/2021\/10\/location-mobil-home-flotte-en-re.jpg\" alt=\"mobile home rental fleet in re\"><\/div>\n\t<div class=\"ls-cta__title\">\n\t\tRentals\t<\/div>\n\n\t\t\n<\/a><\/div><\/div><\/div><\/div>\n\r\n    <\/div>\r\n<\/section>","protected":false},"excerpt":{"rendered":"","protected":false},"author":1,"featured_media":1039,"parent":0,"menu_order":0,"comment_status":"closed","ping_status":"closed","template":"","meta":{"_acf_changed":false,"footnotes":""},"sujet":[],"class_list":["post-48268","page","type-page","status-publish","has-post-thumbnail","hentry"],"acf":[],"yoast_head":"<!-- This site is optimized with the Yoast SEO plugin v23.9 - https:\/\/yoast.com\/wordpress\/plugins\/seo\/ -->\n<title>Camping groupe \u00e0 l&#039;\u00eele de R\u00e9 | Committees, company seminars Flotte-en-R\u00e9<\/title>\n<meta name=\"robots\" content=\"noindex, follow, max-snippet:-1, max-image-preview:large, max-video-preview:-1\" \/>\n<meta property=\"og:locale\" content=\"en_US\" \/>\n<meta property=\"og:type\" content=\"article\" \/>\n<meta property=\"og:title\" content=\"Camping groupe \u00e0 l&#039;\u00eele de R\u00e9 | Committees, company seminars Flotte-en-R\u00e9\" \/>\n<meta property=\"og:url\" content=\"https:\/\/belair.geek-tonic.dev\/en\/campsite-group-flotte-en-re\/\" \/>\n<meta property=\"og:site_name\" content=\"Camping Le Belair\" \/>\n<meta property=\"article:modified_time\" content=\"2024-04-16T08:31:09+00:00\" \/>\n<meta property=\"og:image\" content=\"https:\/\/belair.geek-tonic.dev\/wp-content\/uploads\/sites\/15\/2021\/10\/location-groupe-flotte-en-re.jpg\" \/>\n\t<meta property=\"og:image:width\" content=\"1905\" \/>\n\t<meta property=\"og:image:height\" content=\"515\" \/>\n\t<meta property=\"og:image:type\" content=\"image\/jpeg\" \/>\n<meta name=\"twitter:card\" content=\"summary_large_image\" \/>\n<meta name=\"twitter:label1\" content=\"Est. reading time\" \/>\n\t<meta name=\"twitter:data1\" content=\"3 minutes\" \/>\n<script type=\"application\/ld+json\" class=\"yoast-schema-graph\">{\"@context\":\"https:\/\/schema.org\",\"@graph\":[{\"@type\":\"WebPage\",\"@id\":\"https:\/\/belair.geek-tonic.dev\/en\/campsite-group-flotte-en-re\/\",\"url\":\"https:\/\/belair.geek-tonic.dev\/en\/campsite-group-flotte-en-re\/\",\"name\":\"Camping groupe \u00e0 l'\u00eele de R\u00e9 | Committees, company seminars Flotte-en-R\u00e9\",\"isPartOf\":{\"@id\":\"https:\/\/belair.geek-tonic.dev\/en\/#website\"},\"primaryImageOfPage\":{\"@id\":\"https:\/\/belair.geek-tonic.dev\/en\/campsite-group-flotte-en-re\/#primaryimage\"},\"image\":{\"@id\":\"https:\/\/belair.geek-tonic.dev\/en\/campsite-group-flotte-en-re\/#primaryimage\"},\"thumbnailUrl\":\"https:\/\/belair.geek-tonic.dev\/wp-content\/uploads\/sites\/15\/2021\/10\/location-groupe-flotte-en-re.jpg\",\"datePublished\":\"2021-09-28T12:33:59+00:00\",\"dateModified\":\"2024-04-16T08:31:09+00:00\",\"breadcrumb\":{\"@id\":\"https:\/\/belair.geek-tonic.dev\/en\/campsite-group-flotte-en-re\/#breadcrumb\"},\"inLanguage\":\"en-US\",\"potentialAction\":[{\"@type\":\"ReadAction\",\"target\":[\"https:\/\/belair.geek-tonic.dev\/en\/campsite-group-flotte-en-re\/\"]}]},{\"@type\":\"ImageObject\",\"inLanguage\":\"en-US\",\"@id\":\"https:\/\/belair.geek-tonic.dev\/en\/campsite-group-flotte-en-re\/#primaryimage\",\"url\":\"https:\/\/belair.geek-tonic.dev\/wp-content\/uploads\/sites\/15\/2021\/10\/location-groupe-flotte-en-re.jpg\",\"contentUrl\":\"https:\/\/belair.geek-tonic.dev\/wp-content\/uploads\/sites\/15\/2021\/10\/location-groupe-flotte-en-re.jpg\",\"width\":1905,\"height\":515,\"caption\":\"rental group fleet in re\"},{\"@type\":\"BreadcrumbList\",\"@id\":\"https:\/\/belair.geek-tonic.dev\/en\/campsite-group-flotte-en-re\/#breadcrumb\",\"itemListElement\":[{\"@type\":\"ListItem\",\"position\":1,\"name\":\"Campsite \u00cele de R\u00e9\",\"item\":\"https:\/\/belair.geek-tonic.dev\/en\/\"},{\"@type\":\"ListItem\",\"position\":2,\"name\":\"Groups and works councils on the Ile de R\u00e9\"}]},{\"@type\":\"WebSite\",\"@id\":\"https:\/\/belair.geek-tonic.dev\/en\/#website\",\"url\":\"https:\/\/belair.geek-tonic.dev\/en\/\",\"name\":\"Camping Le Belair\",\"description\":\"\",\"publisher\":{\"@id\":\"https:\/\/belair.geek-tonic.dev\/en\/#organization\"},\"potentialAction\":[{\"@type\":\"SearchAction\",\"target\":{\"@type\":\"EntryPoint\",\"urlTemplate\":\"https:\/\/belair.geek-tonic.dev\/en\/?s={search_term_string}\"},\"query-input\":{\"@type\":\"PropertyValueSpecification\",\"valueRequired\":true,\"valueName\":\"search_term_string\"}}],\"inLanguage\":\"en-US\"},{\"@type\":\"Organization\",\"@id\":\"https:\/\/belair.geek-tonic.dev\/en\/#organization\",\"name\":\"Camping Le Belair\",\"url\":\"https:\/\/belair.geek-tonic.dev\/en\/\",\"logo\":{\"@type\":\"ImageObject\",\"inLanguage\":\"en-US\",\"@id\":\"https:\/\/belair.geek-tonic.dev\/en\/#\/schema\/logo\/image\/\",\"url\":\"https:\/\/belair.geek-tonic.dev\/wp-content\/uploads\/sites\/15\/2024\/09\/cropped-logo-Flower-camping-Le-Bel-Air.png\",\"contentUrl\":\"https:\/\/belair.geek-tonic.dev\/wp-content\/uploads\/sites\/15\/2024\/09\/cropped-logo-Flower-camping-Le-Bel-Air.png\",\"width\":500,\"height\":660,\"caption\":\"Camping Le Belair\"},\"image\":{\"@id\":\"https:\/\/belair.geek-tonic.dev\/en\/#\/schema\/logo\/image\/\"}}]}<\/script>\n<!-- \/ Yoast SEO plugin. -->","yoast_head_json":{"title":"Camping groupe \u00e0 l'\u00eele de R\u00e9 | Committees, company seminars Flotte-en-R\u00e9","robots":{"index":"noindex","follow":"follow","max-snippet":"max-snippet:-1","max-image-preview":"max-image-preview:large","max-video-preview":"max-video-preview:-1"},"og_locale":"en_US","og_type":"article","og_title":"Camping groupe \u00e0 l'\u00eele de R\u00e9 | Committees, company seminars Flotte-en-R\u00e9","og_url":"https:\/\/belair.geek-tonic.dev\/en\/campsite-group-flotte-en-re\/","og_site_name":"Camping Le Belair","article_modified_time":"2024-04-16T08:31:09+00:00","og_image":[{"width":1905,"height":515,"url":"https:\/\/belair.geek-tonic.dev\/wp-content\/uploads\/sites\/15\/2021\/10\/location-groupe-flotte-en-re.jpg","type":"image\/jpeg"}],"twitter_card":"summary_large_image","twitter_misc":{"Est. reading time":"3 minutes"},"schema":{"@context":"https:\/\/schema.org","@graph":[{"@type":"WebPage","@id":"https:\/\/belair.geek-tonic.dev\/en\/campsite-group-flotte-en-re\/","url":"https:\/\/belair.geek-tonic.dev\/en\/campsite-group-flotte-en-re\/","name":"Camping groupe \u00e0 l'\u00eele de R\u00e9 | Committees, company seminars Flotte-en-R\u00e9","isPartOf":{"@id":"https:\/\/belair.geek-tonic.dev\/en\/#website"},"primaryImageOfPage":{"@id":"https:\/\/belair.geek-tonic.dev\/en\/campsite-group-flotte-en-re\/#primaryimage"},"image":{"@id":"https:\/\/belair.geek-tonic.dev\/en\/campsite-group-flotte-en-re\/#primaryimage"},"thumbnailUrl":"https:\/\/belair.geek-tonic.dev\/wp-content\/uploads\/sites\/15\/2021\/10\/location-groupe-flotte-en-re.jpg","datePublished":"2021-09-28T12:33:59+00:00","dateModified":"2024-04-16T08:31:09+00:00","breadcrumb":{"@id":"https:\/\/belair.geek-tonic.dev\/en\/campsite-group-flotte-en-re\/#breadcrumb"},"inLanguage":"en-US","potentialAction":[{"@type":"ReadAction","target":["https:\/\/belair.geek-tonic.dev\/en\/campsite-group-flotte-en-re\/"]}]},{"@type":"ImageObject","inLanguage":"en-US","@id":"https:\/\/belair.geek-tonic.dev\/en\/campsite-group-flotte-en-re\/#primaryimage","url":"https:\/\/belair.geek-tonic.dev\/wp-content\/uploads\/sites\/15\/2021\/10\/location-groupe-flotte-en-re.jpg","contentUrl":"https:\/\/belair.geek-tonic.dev\/wp-content\/uploads\/sites\/15\/2021\/10\/location-groupe-flotte-en-re.jpg","width":1905,"height":515,"caption":"rental group fleet in re"},{"@type":"BreadcrumbList","@id":"https:\/\/belair.geek-tonic.dev\/en\/campsite-group-flotte-en-re\/#breadcrumb","itemListElement":[{"@type":"ListItem","position":1,"name":"Campsite \u00cele de R\u00e9","item":"https:\/\/belair.geek-tonic.dev\/en\/"},{"@type":"ListItem","position":2,"name":"Groups and works councils on the Ile de R\u00e9"}]},{"@type":"WebSite","@id":"https:\/\/belair.geek-tonic.dev\/en\/#website","url":"https:\/\/belair.geek-tonic.dev\/en\/","name":"Camping Le Belair","description":"","publisher":{"@id":"https:\/\/belair.geek-tonic.dev\/en\/#organization"},"potentialAction":[{"@type":"SearchAction","target":{"@type":"EntryPoint","urlTemplate":"https:\/\/belair.geek-tonic.dev\/en\/?s={search_term_string}"},"query-input":{"@type":"PropertyValueSpecification","valueRequired":true,"valueName":"search_term_string"}}],"inLanguage":"en-US"},{"@type":"Organization","@id":"https:\/\/belair.geek-tonic.dev\/en\/#organization","name":"Camping Le Belair","url":"https:\/\/belair.geek-tonic.dev\/en\/","logo":{"@type":"ImageObject","inLanguage":"en-US","@id":"https:\/\/belair.geek-tonic.dev\/en\/#\/schema\/logo\/image\/","url":"https:\/\/belair.geek-tonic.dev\/wp-content\/uploads\/sites\/15\/2024\/09\/cropped-logo-Flower-camping-Le-Bel-Air.png","contentUrl":"https:\/\/belair.geek-tonic.dev\/wp-content\/uploads\/sites\/15\/2024\/09\/cropped-logo-Flower-camping-Le-Bel-Air.png","width":500,"height":660,"caption":"Camping Le Belair"},"image":{"@id":"https:\/\/belair.geek-tonic.dev\/en\/#\/schema\/logo\/image\/"}}]}},"_links":{"self":[{"href":"https:\/\/belair.geek-tonic.dev\/en\/wp-json\/wp\/v2\/pages\/48268","targetHints":{"allow":["GET"]}}],"collection":[{"href":"https:\/\/belair.geek-tonic.dev\/en\/wp-json\/wp\/v2\/pages"}],"about":[{"href":"https:\/\/belair.geek-tonic.dev\/en\/wp-json\/wp\/v2\/types\/page"}],"author":[{"embeddable":true,"href":"https:\/\/belair.geek-tonic.dev\/en\/wp-json\/wp\/v2\/users\/1"}],"replies":[{"embeddable":true,"href":"https:\/\/belair.geek-tonic.dev\/en\/wp-json\/wp\/v2\/comments?post=48268"}],"version-history":[{"count":0,"href":"https:\/\/belair.geek-tonic.dev\/en\/wp-json\/wp\/v2\/pages\/48268\/revisions"}],"wp:featuredmedia":[{"embeddable":true,"href":"https:\/\/belair.geek-tonic.dev\/en\/wp-json\/wp\/v2\/media\/1039"}],"wp:attachment":[{"href":"https:\/\/belair.geek-tonic.dev\/en\/wp-json\/wp\/v2\/media?parent=48268"}],"wp:term":[{"taxonomy":"sujet","embeddable":true,"href":"https:\/\/belair.geek-tonic.dev\/en\/wp-json\/wp\/v2\/sujet?post=48268"}],"curies":[{"name":"wp","href":"https:\/\/api.w.org\/{rel}","templated":true}]}}