{"id":49111,"date":"2021-09-28T14:35:04","date_gmt":"2021-09-28T12:35:04","guid":{"rendered":"https:\/\/www.belair.geek-tonic.dev\/contact-acces\/"},"modified":"2024-06-17T15:20:35","modified_gmt":"2024-06-17T13:20:35","slug":"contact-access","status":"publish","type":"page","link":"https:\/\/belair.geek-tonic.dev\/en\/contact-access\/","title":{"rendered":"Info and contact"},"content":{"rendered":"<section id=\"ls-section-block_f5aab46b3ef2ca527332da4015263a55\" class=\"ls-section  has-background has-color-4-background-color has-p-t p-t-14 has-p-b p-b-14\" >\r\n        <div class=\"container container--wide\">\r\n        \n\n<div class=\"wp-block-columns is-layout-flex wp-container-core-columns-is-layout-1 wp-block-columns-is-layout-flex\">\n<div class=\"wp-block-column is-vertically-aligned-center first animated fadeInLeft delay-100ms slow is-layout-flow wp-block-column-is-layout-flow\" style=\"flex-basis:50%\">\n<iframe src=\"https:\/\/www.google.com\/maps\/embed?pb=!1m18!1m12!1m3!1d108254.82478265058!2d-1.3332623513434672!3d46.155961843771124!2m3!1f0!2f0!3f0!3m2!1i1024!2i768!4f13.1!3m3!1m2!1s0x4803ff387e88916d%3A0x83c44e57e52deb6f!2sFlower%20Camping%20Le%20Bel%20Air!5e0!3m2!1sfr!2sfr!4v1634113658481!5m2!1sfr!2sfr\" width=\"100%\" height=\"500\" style=\"border:0;\" allowfullscreen=\"\" loading=\"lazy\"><\/iframe>\n<\/div>\n\n\n\n<div class=\"wp-block-column second animated fadeInRight slow is-layout-flow wp-block-column-is-layout-flow\" style=\"flex-basis:50%\">\n<h3 class=\"ls__heading wp-block-heading\">Coming without a car<\/h3>\n\n\n\n<p class=\"ls-paragraph\">The nearest SNCF train station is La Rochelle, with direct LGV services from Bordeaux, Nantes and Paris. Regional buses 3 and 3E will connect La Rochelle and La Flotte-en-R\u00e9 in 1h05 (La Vierge stop). Check timetables on iledere <a href=\"https:\/\/www.iledere.com\/\">.com<\/a>. The campsite is only a 4-minute walk from the stop. <\/p>\n\n\n\n<p class=\"ls-paragraph\">Are you a carpooler? Consult the routes available for your dates on the <a href=\"https:\/\/www.mobicoop.fr\/\">Mobicoop <\/a> cooperative website. <\/p>\n\n\n\n<h3 class=\"ls__heading wp-block-heading\">Coming by car<\/h3>\n\n\n\n<p class=\"ls-paragraph\">Enter our address in your GPS: 5 Rte de la Noue, 17630 La Flotte. There is a charge for crossing the Ile de R\u00e9 bridge by car. Just like at the campsite, carpool with other campers for a friendly, eco-friendly trip! The <a href=\"https:\/\/www.mobicoop.fr\/\">Mobicoop<\/a> carpooling site operates without service charges.<\/p>\n\n\n\n<p class=\"ls-paragraph\">On the island, <a href=\"https:\/\/www.rezopouce.fr\/territoire\/communaute-de-communes-de-l-ile-de-re\">Rezo Pouce<\/a>, is a safe and widely used hitchhiking network, where holidaymakers will stand up and give a thumbs-up. To take part in shared mobility, why not give it a try and answer their call to hitchhike?<\/p>\n\n\n\n<h3 class=\"ls__heading wp-block-heading\">Getting around the island without a car<\/h3>\n\n\n\n<p class=\"ls-paragraph\">From the campsite, walk to La Flotte town center with its market, beaches, lighthouse and Fort La Pr\u00e9e along the coastal path&#8230; <\/p>\n\n\n\n<p class=\"ls-paragraph\">The Ile de R\u00e9 is a cycling paradise. From the campsite, it&#8217;s a 5-minute bike ride to the beaches and town center of La Flotte. Saint-Martin-de-R\u00e9 and Saint-Marie-de-R\u00e9 in 15 minutes, Le Bois-Plage-en-R\u00e9 in 20 minutes, and La Rochelle in 1 hour! By public transport, the various free shuttles on the island, <a href=\"https:\/\/www.iledere.com\/s-informer\/se-deplacer-sur-l-ile-de-re\/horaires-de-bus-et-navettes\">RespiR\u00e9<\/a> and buses 3 and 3E will take you to all 4 corners of the island.<\/p>\n\n\n\n<p class=\"ls-paragraph\">Last but not least, the <a href=\"https:\/\/www.rezopouce.fr\/territoire\/communaute-de-communes-de-l-ile-de-re\">Rezo Pouce<\/a> service offers secure hitchhiking areas where you can give your thumbs up in complete safety!<\/p>\n<\/div>\n<\/div>\n\n\r\n    <\/div>\r\n<\/section><section id=\"ls-section-block_7adc747c0398541826619bff117c5d4e\" class=\"ls-section  page-one has-background has-color-white-background-color has-m-t m-t-0 has-m-b m-b-0 has-p-t p-t-14 has-p-b p-b-14\" >\r\n        <div class=\"container container--wide\">\r\n        \n\n<div class=\"wp-block-columns are-vertically-aligned-top is-layout-flex wp-container-core-columns-is-layout-2 wp-block-columns-is-layout-flex\">\n<div class=\"wp-block-column is-vertically-aligned-top first animated fadeInLeft delay-100ms slow is-layout-flow wp-block-column-is-layout-flow\">\n<h1 class=\"ls__heading wp-block-heading has-text-align-left ls__heading-undefined post__heading-undefined color1\" id=\"contact-et-acces\">Contact and access<\/h1>\n\n\n\n<h2 class=\"ls__heading wp-block-heading ls__heading-undefined post__heading-undefined color1\" id=\"nous-contacter\">Contact us<\/h2>\n\n\n\n<p class=\"ls-paragraph ls__paragraph\">Camille and her reception team will be delighted to help you by telephone all year round on the campsite line +33 (0)5 46 09 63 10, every day from 8.30am to 7pm. When the campsite is closed, the switchboard is manned from 9am &#8211; 12pm and 2pm &#8211; 5pm, Monday to Friday. If we are unavailable, please leave a message on our answering machine. Our team is committed to getting back to you as soon as possible.<\/p>\n\n\n\n<p class=\"ls-paragraph ls__paragraph\">You can also send us your written request by email <a href=\"mailto:camping.bel-air@flowercampings.com\">camping.bel-air@flowercampings.com<\/a> or by completing this form. We&#8217;ll do our best to get back to you as soon as possible. <\/p>\n\n\n\n<p class=\"ls-paragraph ls__paragraph\">You can also contact us via social networks and we strongly invite you to follow our news on Instagram and Facebook.<\/p>\n<\/div>\n\n\n\n<div class=\"wp-block-column is-vertically-aligned-top second animated fadeInRight slow is-layout-flow wp-block-column-is-layout-flow\">\n<div class=\"wpcf7 no-js\" id=\"wpcf7-f842039-o1\" lang=\"en-US\" dir=\"ltr\" data-wpcf7-id=\"842039\">\n<div class=\"screen-reader-response\"><p role=\"status\" aria-live=\"polite\" aria-atomic=\"true\"><\/p> <ul><\/ul><\/div>\n<form action=\"\/en\/wp-json\/wp\/v2\/pages\/49111#wpcf7-f842039-o1\" method=\"post\" class=\"wpcf7-form init\" aria-label=\"Contact form\" novalidate=\"novalidate\" data-status=\"init\">\n<div style=\"display: none;\">\n<input type=\"hidden\" name=\"_wpcf7\" value=\"842039\" \/>\n<input type=\"hidden\" name=\"_wpcf7_version\" value=\"6.0\" \/>\n<input type=\"hidden\" name=\"_wpcf7_locale\" value=\"en_US\" \/>\n<input type=\"hidden\" name=\"_wpcf7_unit_tag\" value=\"wpcf7-f842039-o1\" \/>\n<input type=\"hidden\" name=\"_wpcf7_container_post\" value=\"0\" \/>\n<input type=\"hidden\" name=\"_wpcf7_posted_data_hash\" value=\"\" \/>\n<input type=\"hidden\" name=\"_wpcf7_recaptcha_response\" value=\"\" \/>\n<\/div>\n<p><label> Your name<br \/>\n<span class=\"wpcf7-form-control-wrap\" data-name=\"your-name\"><input size=\"40\" maxlength=\"400\" class=\"wpcf7-form-control wpcf7-text wpcf7-validates-as-required\" autocomplete=\"name\" aria-required=\"true\" aria-invalid=\"false\" value=\"\" type=\"text\" name=\"your-name\" \/><\/span> <\/label>\n<\/p>\n<p><label> Your e-mail<br \/>\n<span class=\"wpcf7-form-control-wrap\" data-name=\"your-email\"><input size=\"40\" maxlength=\"400\" class=\"wpcf7-form-control wpcf7-email wpcf7-validates-as-required wpcf7-text wpcf7-validates-as-email\" autocomplete=\"email\" aria-required=\"true\" aria-invalid=\"false\" value=\"\" type=\"email\" name=\"your-email\" \/><\/span> <\/label>\n<\/p>\n<p><label> Object<br \/>\n<span class=\"wpcf7-form-control-wrap\" data-name=\"your-subject\"><input size=\"40\" maxlength=\"400\" class=\"wpcf7-form-control wpcf7-text wpcf7-validates-as-required\" aria-required=\"true\" aria-invalid=\"false\" value=\"\" type=\"text\" name=\"your-subject\" \/><\/span> <\/label>\n<\/p>\n<p><label> Your message<br \/>\n<span class=\"wpcf7-form-control-wrap\" data-name=\"your-message\"><textarea cols=\"40\" rows=\"10\" maxlength=\"2000\" class=\"wpcf7-form-control wpcf7-textarea\" aria-invalid=\"false\" name=\"your-message\"><\/textarea><\/span> <\/label>\n<\/p>\n<p><span class=\"wpcf7-form-control-wrap\" data-name=\"acceptance-746\"><span class=\"wpcf7-form-control wpcf7-acceptance\"><span class=\"wpcf7-list-item\"><label><input type=\"checkbox\" name=\"acceptance-746\" value=\"1\" aria-invalid=\"false\" \/><span class=\"wpcf7-list-item-label\">By checking this box, I accept the <a href=\"\/privacy-policy\/\" rel=\"nofollow\" target=\"_blank\">Privacy Policy<\/a> of this site.<\/span><\/label><\/span><\/span><\/span>\n<\/p>\n<p><input class=\"wpcf7-form-control wpcf7-submit has-spinner\" type=\"submit\" value=\"Send\" \/>\n<\/p><input type='hidden' class='wpcf7-pum' value='{\"closepopup\":false,\"closedelay\":0,\"openpopup\":false,\"openpopup_id\":0}' \/><div class=\"wpcf7-response-output\" aria-hidden=\"true\"><\/div>\n<\/form>\n<\/div>\n\n<\/div>\n<\/div>\n\n\r\n    <\/div>\r\n<\/section><section id=\"ls-section-block_0337257b71234fb8b4eb4eef284547e7\" class=\"ls-section \" >\r\n        <div class=\"container container--full\">\r\n        \r\n    <\/div>\r\n<\/section><section id=\"ls-section-block_24c194c526eb782ead74a8517cc86f81\" class=\"ls-section  page-one aventure has-background has-color-4-background-color\" >\r\n        <div class=\"container container--wide\">\r\n        \n\n<div class=\"wp-block-columns is-layout-flex wp-container-core-columns-is-layout-3 wp-block-columns-is-layout-flex\">\n<div class=\"wp-block-column is-vertically-aligned-center first animated fadeInLeft delay-100ms slow is-layout-flow wp-block-column-is-layout-flow\">\n<h2 class=\"ls__heading wp-block-heading has-text-align-left ls__heading-undefined post__heading-undefined color1\" id=\"infos-pratiques\">Practical information<\/h2>\n\n\n\n<p class=\"ls-paragraph ls__paragraph\">The campsite is spread over 4.39 hectares and has a total of 205 pitches: 95 rentals and 110 bare pitches. These quantities are subject to change without notice. <\/p>\n\n\n\n<p class=\"ls-paragraph ls__paragraph\">Our campsite is accessible to people with reduced mobility and offers dedicated areas. For more information, visit our dedicated page.<\/p>\n\n\n\n<p class=\"ls-paragraph ls__paragraph\">Our reception team speaks French, English and Spanish.<\/p>\n\n\n\n<p class=\"ls-paragraph ls__paragraph\">Our four-legged friends are welcome, under certain conditions. For more information, please contact us.<\/p>\n<\/div>\n\n\n\n<div class=\"wp-block-column second animated fadeInRight slow is-layout-flow wp-block-column-is-layout-flow\">\n<figure class=\"wp-block-image size-large\"><img decoding=\"async\" width=\"1024\" height=\"683\" src=\"https:\/\/www.belair.geek-tonic.dev\/wp-content\/uploads\/sites\/15\/2022\/03\/camping-bel-air-repos-1024x683.jpg\" alt=\"camping bel air repos\" class=\"wp-image-345492\" srcset=\"https:\/\/belair.geek-tonic.dev\/wp-content\/uploads\/sites\/15\/2022\/03\/camping-bel-air-repos-1024x683.jpg 1024w, https:\/\/belair.geek-tonic.dev\/wp-content\/uploads\/sites\/15\/2022\/03\/camping-bel-air-repos-300x200.jpg 300w, https:\/\/belair.geek-tonic.dev\/wp-content\/uploads\/sites\/15\/2022\/03\/camping-bel-air-repos-768x512.jpg 768w, https:\/\/belair.geek-tonic.dev\/wp-content\/uploads\/sites\/15\/2022\/03\/camping-bel-air-repos.jpg 1200w\" sizes=\"(max-width: 1024px) 100vw, 1024px\" \/><\/figure>\n<\/div>\n<\/div>\n\n\r\n    <\/div>\r\n<\/section><section id=\"ls-section-block_295ca88fed80bcd80d64690bb9133e7f\" class=\"ls-section  has-background has-color-white-background-color\" >\r\n        <div class=\"container container--wide\">\r\n        \n\n<div class=\"wp-block-columns is-layout-flex wp-container-core-columns-is-layout-4 wp-block-columns-is-layout-flex\">\n<div class=\"wp-block-column first animated fadeInLeft delay-100ms slow is-layout-flow wp-block-column-is-layout-flow\">\n<div id=\"ls-heading ls-titre-div-block_ed9e6b33e3ec8708ce892d035a9777f4\" class=\"ls-titre-div h3-like\" >\n    Opening hours for campsite and services<\/div>\n\n\n\n<p class=\"ls-paragraph ls__paragraph\">Our campsite welcomes you in 2024 from April to September inclusive, and more precisely from March 29 to September 29, as do the following services: reception, grocery store, sanitary facilities, tennis courts, children&#8217;s playground, bike rental, planchas, sheets and towels. The swimming pool is open from May 1 until the campsite closes. As for the restaurant, the new team welcomes you from April 15 to September 29, 2024.<\/p>\n\n\n\n<p class=\"ls-paragraph ls__paragraph\">Reception is open throughout the season at the following times (for information only, subject to change):<\/p>\n\n\n\n<ul class=\"ls-list wp-block-list\">\n<li>April, May, June, September: 9:00 am to 12:00 pm \/ 2:00 pm to 6:30 pm<\/li>\n\n\n\n<li>July and August: 8 a.m. to 8 p.m. <\/li>\n<\/ul>\n\n\n\n<div class=\"ls-lire-plus\">\n    <input id=\"ls-lire-plus-block_ad69517a30c6cb4359a83f464e8b157e69e613eb58de7\" type=\"checkbox\" class=\"ls-lire-plus__toggle\"  \/>\n    <label for=\"ls-lire-plus-block_ad69517a30c6cb4359a83f464e8b157e69e613eb58de7\" class=\"ls-lire-plus__toggle-label\">\n        <span>Lire plus<\/span>\n        <span>Lire moins<\/span>\n    <\/label>\n    <div class=\"ls-lire-plus__content\">\n        \n\n<p class=\"ls-paragraph ls__paragraph\">Are you planning to arrive later than these times? Our campsite has thought of everything! Let reception know your arrival time and we&#8217;ll prepare an envelope with a map, badge and key to your pitch or rental.<\/p>\n\n\n\n<p class=\"ls-paragraph ls__paragraph\">Arrival and departure times are as follows:<\/p>\n\n\n\n<p class=\"ls-paragraph ls__paragraph\">Arrivals<\/p>\n\n\n\n<ul class=\"ls-list wp-block-list\">\n<li>After 2 p.m. for pitches<\/li>\n\n\n\n<li>After 4 p.m. for rentals<\/li>\n<\/ul>\n\n\n\n<p class=\"ls-paragraph ls__paragraph\">Departures<\/p>\n\n\n\n<ul class=\"ls-list wp-block-list\">\n<li>Before 12 noon for pitches<\/li>\n\n\n\n<li>Before 10 a.m. for rentals<\/li>\n<\/ul>\n\n\n\n<p class=\"ls-paragraph ls__paragraph\">Our summer events run from July 8 to August 26. Find out all about our events on the dedicated page.<\/p>\n\n        <div class=\"ls-lire-plus__gradient\" style=\"background: linear-gradient(to bottom,rgba(255,255,255,0) 0%,rgba(255,255,255,1) 100%);\"><\/div>\n    <\/div>\n<\/div><\/div>\n\n\n\n<div class=\"wp-block-column second animated fadeInRight slow is-layout-flow wp-block-column-is-layout-flow\">\n<div id=\"ls-heading ls-titre-div-block_10d121cb6f0616797bcb8e99f1e81e48\" class=\"ls-titre-div h3-like\" >\n    Security and bonding<\/div>\n\n\n\n<p class=\"ls-paragraph ls__paragraph\">For everyone&#8217;s security and peace of mind, our entrance gate is activated by badge from 7 a.m. to 11 p.m. and is closed at night. Several parking spaces opposite the campsite and to the left of the entrance are available for parking beyond these times. Pedestrian and bicycle access to the campsite is available at all times, to the left of the gate.<\/p>\n\n\n\n<p class=\"ls-paragraph ls__paragraph\">In summer, the campsite is supervised by a night watchman. He ensures that silence is maintained on the premises and that Bel Air&#8217;s internal regulations are respected. However, if you witness an incident, you will be given an emergency number to contact the campsite management in the event of an emergency.<\/p>\n\n\n\n<div class=\"ls-lire-plus\">\n    <input id=\"ls-lire-plus-block_ad69517a30c6cb4359a83f464e8b157e69e613eb59777\" type=\"checkbox\" class=\"ls-lire-plus__toggle\"  \/>\n    <label for=\"ls-lire-plus-block_ad69517a30c6cb4359a83f464e8b157e69e613eb59777\" class=\"ls-lire-plus__toggle-label\">\n        <span>Lire plus<\/span>\n        <span>Lire moins<\/span>\n    <\/label>\n    <div class=\"ls-lire-plus__content\">\n        \n\n<p class=\"ls-paragraph ls__paragraph\">Our campsite requires a deposit of \u20ac20 for pitches and \u20ac300 for rentals. For more information about our reception, click here.<\/p>\n\n\n\n<p class=\"ls-paragraph ls__paragraph\">Our team carries out a systematic check at the end of your rental stay. An inventory schedule is available at reception to help you prepare for the end of your stay. We do not carry out an initial inventory of fixtures.<\/p>\n\n\n\n<p class=\"ls-paragraph ls__paragraph\">Download our general terms and conditions of sale and all other documents to help you prepare for your stay, or our <a href=\"https:\/\/www.flowercampings.com\/page\/application-mobile\" target=\"_blank\" rel=\"noreferrer noopener\">My Flower application<\/a>.<\/p>\n\n\n\n<p class=\"ls-paragraph ls__paragraph\">Book your stay on one of our pitches or in one of our rentals and take advantage of our special offers for budget vacations.<\/p>\n\n        <div class=\"ls-lire-plus__gradient\" style=\"background: linear-gradient(to bottom,rgba(255,255,255,0) 0%,rgba(255,255,255,1) 100%);\"><\/div>\n    <\/div>\n<\/div><\/div>\n<\/div>\n\n\r\n    <\/div>\r\n<\/section>","protected":false},"excerpt":{"rendered":"","protected":false},"author":1,"featured_media":1255,"parent":0,"menu_order":0,"comment_status":"closed","ping_status":"closed","template":"","meta":{"_acf_changed":false,"footnotes":""},"sujet":[],"class_list":["post-49111","page","type-page","status-publish","has-post-thumbnail","hentry"],"acf":[],"yoast_head":"<!-- This site is optimized with the Yoast SEO plugin v23.9 - https:\/\/yoast.com\/wordpress\/plugins\/seo\/ -->\n<title>Contact, access camping Bel Air | Itinerary and contact camping Flotte-en-R\u00e9<\/title>\n<meta name=\"robots\" content=\"noindex, follow, max-snippet:-1, max-image-preview:large, max-video-preview:-1\" \/>\n<meta property=\"og:locale\" content=\"en_US\" \/>\n<meta property=\"og:type\" content=\"article\" \/>\n<meta property=\"og:title\" content=\"Contact, access camping Bel Air | Itinerary and contact camping Flotte-en-R\u00e9\" \/>\n<meta property=\"og:url\" content=\"https:\/\/belair.geek-tonic.dev\/en\/contact-access\/\" \/>\n<meta property=\"og:site_name\" content=\"Camping Le Belair\" \/>\n<meta property=\"article:modified_time\" content=\"2024-06-17T13:20:35+00:00\" \/>\n<meta property=\"og:image\" content=\"https:\/\/belair.geek-tonic.dev\/wp-content\/uploads\/sites\/15\/2021\/10\/camping-flotte-en-re.jpg\" \/>\n\t<meta property=\"og:image:width\" content=\"1904\" \/>\n\t<meta property=\"og:image:height\" content=\"515\" \/>\n\t<meta property=\"og:image:type\" content=\"image\/jpeg\" \/>\n<meta name=\"twitter:card\" content=\"summary_large_image\" \/>\n<meta name=\"twitter:label1\" content=\"Est. reading time\" \/>\n\t<meta name=\"twitter:data1\" content=\"5 minutes\" \/>\n<script type=\"application\/ld+json\" class=\"yoast-schema-graph\">{\"@context\":\"https:\/\/schema.org\",\"@graph\":[{\"@type\":\"WebPage\",\"@id\":\"https:\/\/belair.geek-tonic.dev\/en\/contact-access\/\",\"url\":\"https:\/\/belair.geek-tonic.dev\/en\/contact-access\/\",\"name\":\"Contact, access camping Bel Air | Itinerary and contact camping Flotte-en-R\u00e9\",\"isPartOf\":{\"@id\":\"https:\/\/belair.geek-tonic.dev\/en\/#website\"},\"primaryImageOfPage\":{\"@id\":\"https:\/\/belair.geek-tonic.dev\/en\/contact-access\/#primaryimage\"},\"image\":{\"@id\":\"https:\/\/belair.geek-tonic.dev\/en\/contact-access\/#primaryimage\"},\"thumbnailUrl\":\"https:\/\/belair.geek-tonic.dev\/wp-content\/uploads\/sites\/15\/2021\/10\/camping-flotte-en-re.jpg\",\"datePublished\":\"2021-09-28T12:35:04+00:00\",\"dateModified\":\"2024-06-17T13:20:35+00:00\",\"breadcrumb\":{\"@id\":\"https:\/\/belair.geek-tonic.dev\/en\/contact-access\/#breadcrumb\"},\"inLanguage\":\"en-US\",\"potentialAction\":[{\"@type\":\"ReadAction\",\"target\":[\"https:\/\/belair.geek-tonic.dev\/en\/contact-access\/\"]}]},{\"@type\":\"ImageObject\",\"inLanguage\":\"en-US\",\"@id\":\"https:\/\/belair.geek-tonic.dev\/en\/contact-access\/#primaryimage\",\"url\":\"https:\/\/belair.geek-tonic.dev\/wp-content\/uploads\/sites\/15\/2021\/10\/camping-flotte-en-re.jpg\",\"contentUrl\":\"https:\/\/belair.geek-tonic.dev\/wp-content\/uploads\/sites\/15\/2021\/10\/camping-flotte-en-re.jpg\",\"width\":1904,\"height\":515,\"caption\":\"camping fleet in re\"},{\"@type\":\"BreadcrumbList\",\"@id\":\"https:\/\/belair.geek-tonic.dev\/en\/contact-access\/#breadcrumb\",\"itemListElement\":[{\"@type\":\"ListItem\",\"position\":1,\"name\":\"Campsite \u00cele de R\u00e9\",\"item\":\"https:\/\/belair.geek-tonic.dev\/en\/\"},{\"@type\":\"ListItem\",\"position\":2,\"name\":\"Contact, directions\"}]},{\"@type\":\"WebSite\",\"@id\":\"https:\/\/belair.geek-tonic.dev\/en\/#website\",\"url\":\"https:\/\/belair.geek-tonic.dev\/en\/\",\"name\":\"Camping Le Belair\",\"description\":\"\",\"publisher\":{\"@id\":\"https:\/\/belair.geek-tonic.dev\/en\/#organization\"},\"potentialAction\":[{\"@type\":\"SearchAction\",\"target\":{\"@type\":\"EntryPoint\",\"urlTemplate\":\"https:\/\/belair.geek-tonic.dev\/en\/?s={search_term_string}\"},\"query-input\":{\"@type\":\"PropertyValueSpecification\",\"valueRequired\":true,\"valueName\":\"search_term_string\"}}],\"inLanguage\":\"en-US\"},{\"@type\":\"Organization\",\"@id\":\"https:\/\/belair.geek-tonic.dev\/en\/#organization\",\"name\":\"Camping Le Belair\",\"url\":\"https:\/\/belair.geek-tonic.dev\/en\/\",\"logo\":{\"@type\":\"ImageObject\",\"inLanguage\":\"en-US\",\"@id\":\"https:\/\/belair.geek-tonic.dev\/en\/#\/schema\/logo\/image\/\",\"url\":\"https:\/\/belair.geek-tonic.dev\/wp-content\/uploads\/sites\/15\/2024\/09\/cropped-logo-Flower-camping-Le-Bel-Air.png\",\"contentUrl\":\"https:\/\/belair.geek-tonic.dev\/wp-content\/uploads\/sites\/15\/2024\/09\/cropped-logo-Flower-camping-Le-Bel-Air.png\",\"width\":500,\"height\":660,\"caption\":\"Camping Le Belair\"},\"image\":{\"@id\":\"https:\/\/belair.geek-tonic.dev\/en\/#\/schema\/logo\/image\/\"}}]}<\/script>\n<!-- \/ Yoast SEO plugin. -->","yoast_head_json":{"title":"Contact, access camping Bel Air | Itinerary and contact camping Flotte-en-R\u00e9","robots":{"index":"noindex","follow":"follow","max-snippet":"max-snippet:-1","max-image-preview":"max-image-preview:large","max-video-preview":"max-video-preview:-1"},"og_locale":"en_US","og_type":"article","og_title":"Contact, access camping Bel Air | Itinerary and contact camping Flotte-en-R\u00e9","og_url":"https:\/\/belair.geek-tonic.dev\/en\/contact-access\/","og_site_name":"Camping Le Belair","article_modified_time":"2024-06-17T13:20:35+00:00","og_image":[{"width":1904,"height":515,"url":"https:\/\/belair.geek-tonic.dev\/wp-content\/uploads\/sites\/15\/2021\/10\/camping-flotte-en-re.jpg","type":"image\/jpeg"}],"twitter_card":"summary_large_image","twitter_misc":{"Est. reading time":"5 minutes"},"schema":{"@context":"https:\/\/schema.org","@graph":[{"@type":"WebPage","@id":"https:\/\/belair.geek-tonic.dev\/en\/contact-access\/","url":"https:\/\/belair.geek-tonic.dev\/en\/contact-access\/","name":"Contact, access camping Bel Air | Itinerary and contact camping Flotte-en-R\u00e9","isPartOf":{"@id":"https:\/\/belair.geek-tonic.dev\/en\/#website"},"primaryImageOfPage":{"@id":"https:\/\/belair.geek-tonic.dev\/en\/contact-access\/#primaryimage"},"image":{"@id":"https:\/\/belair.geek-tonic.dev\/en\/contact-access\/#primaryimage"},"thumbnailUrl":"https:\/\/belair.geek-tonic.dev\/wp-content\/uploads\/sites\/15\/2021\/10\/camping-flotte-en-re.jpg","datePublished":"2021-09-28T12:35:04+00:00","dateModified":"2024-06-17T13:20:35+00:00","breadcrumb":{"@id":"https:\/\/belair.geek-tonic.dev\/en\/contact-access\/#breadcrumb"},"inLanguage":"en-US","potentialAction":[{"@type":"ReadAction","target":["https:\/\/belair.geek-tonic.dev\/en\/contact-access\/"]}]},{"@type":"ImageObject","inLanguage":"en-US","@id":"https:\/\/belair.geek-tonic.dev\/en\/contact-access\/#primaryimage","url":"https:\/\/belair.geek-tonic.dev\/wp-content\/uploads\/sites\/15\/2021\/10\/camping-flotte-en-re.jpg","contentUrl":"https:\/\/belair.geek-tonic.dev\/wp-content\/uploads\/sites\/15\/2021\/10\/camping-flotte-en-re.jpg","width":1904,"height":515,"caption":"camping fleet in re"},{"@type":"BreadcrumbList","@id":"https:\/\/belair.geek-tonic.dev\/en\/contact-access\/#breadcrumb","itemListElement":[{"@type":"ListItem","position":1,"name":"Campsite \u00cele de R\u00e9","item":"https:\/\/belair.geek-tonic.dev\/en\/"},{"@type":"ListItem","position":2,"name":"Contact, directions"}]},{"@type":"WebSite","@id":"https:\/\/belair.geek-tonic.dev\/en\/#website","url":"https:\/\/belair.geek-tonic.dev\/en\/","name":"Camping Le Belair","description":"","publisher":{"@id":"https:\/\/belair.geek-tonic.dev\/en\/#organization"},"potentialAction":[{"@type":"SearchAction","target":{"@type":"EntryPoint","urlTemplate":"https:\/\/belair.geek-tonic.dev\/en\/?s={search_term_string}"},"query-input":{"@type":"PropertyValueSpecification","valueRequired":true,"valueName":"search_term_string"}}],"inLanguage":"en-US"},{"@type":"Organization","@id":"https:\/\/belair.geek-tonic.dev\/en\/#organization","name":"Camping Le Belair","url":"https:\/\/belair.geek-tonic.dev\/en\/","logo":{"@type":"ImageObject","inLanguage":"en-US","@id":"https:\/\/belair.geek-tonic.dev\/en\/#\/schema\/logo\/image\/","url":"https:\/\/belair.geek-tonic.dev\/wp-content\/uploads\/sites\/15\/2024\/09\/cropped-logo-Flower-camping-Le-Bel-Air.png","contentUrl":"https:\/\/belair.geek-tonic.dev\/wp-content\/uploads\/sites\/15\/2024\/09\/cropped-logo-Flower-camping-Le-Bel-Air.png","width":500,"height":660,"caption":"Camping Le Belair"},"image":{"@id":"https:\/\/belair.geek-tonic.dev\/en\/#\/schema\/logo\/image\/"}}]}},"_links":{"self":[{"href":"https:\/\/belair.geek-tonic.dev\/en\/wp-json\/wp\/v2\/pages\/49111","targetHints":{"allow":["GET"]}}],"collection":[{"href":"https:\/\/belair.geek-tonic.dev\/en\/wp-json\/wp\/v2\/pages"}],"about":[{"href":"https:\/\/belair.geek-tonic.dev\/en\/wp-json\/wp\/v2\/types\/page"}],"author":[{"embeddable":true,"href":"https:\/\/belair.geek-tonic.dev\/en\/wp-json\/wp\/v2\/users\/1"}],"replies":[{"embeddable":true,"href":"https:\/\/belair.geek-tonic.dev\/en\/wp-json\/wp\/v2\/comments?post=49111"}],"version-history":[{"count":2,"href":"https:\/\/belair.geek-tonic.dev\/en\/wp-json\/wp\/v2\/pages\/49111\/revisions"}],"predecessor-version":[{"id":842408,"href":"https:\/\/belair.geek-tonic.dev\/en\/wp-json\/wp\/v2\/pages\/49111\/revisions\/842408"}],"wp:featuredmedia":[{"embeddable":true,"href":"https:\/\/belair.geek-tonic.dev\/en\/wp-json\/wp\/v2\/media\/1255"}],"wp:attachment":[{"href":"https:\/\/belair.geek-tonic.dev\/en\/wp-json\/wp\/v2\/media?parent=49111"}],"wp:term":[{"taxonomy":"sujet","embeddable":true,"href":"https:\/\/belair.geek-tonic.dev\/en\/wp-json\/wp\/v2\/sujet?post=49111"}],"curies":[{"name":"wp","href":"https:\/\/api.w.org\/{rel}","templated":true}]}}