{"id":64750,"date":"2021-09-28T14:34:44","date_gmt":"2021-09-28T12:34:44","guid":{"rendered":"https:\/\/www.belair.geek-tonic.dev\/camping-promotions-flotte-en-re\/"},"modified":"2024-06-05T11:07:50","modified_gmt":"2024-06-05T09:07:50","slug":"campsite-promotions-flotte-en-re","status":"publish","type":"page","link":"https:\/\/belair.geek-tonic.dev\/en\/campsite-promotions-flotte-en-re\/","title":{"rendered":"Our promotions"},"content":{"rendered":"<section id=\"ls-section-block_9da9bfaa98fc960f222d0564d3a226b3\" class=\"ls-section  page-one has-background has-color-4-background-color has-m-t m-t-0 has-m-b m-b-0\" >\r\n        <div class=\"container container--wide\">\r\n        \n\n<h1 class=\"ls__heading wp-block-heading has-text-align-center ls__heading-undefined post__heading-undefined color1\" id=\"camping-avec-promotions-a-l-ile-de-re\">  Camping with promotions on the Ile de R\u00e9  <\/h1>\n\n\n\n<script>\n    window.ctoutvert = {\n\t\tid: 3054, \n\t\tlang: 'auto', \n\t\turl: 'https:\/\/bookingpremium.secureholiday.net\/widgets\/'\n    };\n\n    (function (w, d, s, ctv, r, js, fjs) {\n        r=new XMLHttpRequest();r.open('GET',w[ctv].url+'js\/src.json');\n        r.responseType='json';r.json=true;r.send();\n        r.onload=function(){w[ctv].src=r.responseType=='json'?r.response:JSON.parse(r.response);\n        js.src=w[ctv].src[0];fjs.parentNode.insertBefore(js, fjs);}\n        js=d.createElement(s),fjs=d.getElementsByTagName(s)[0];\n        js.id='ctvwidget';js.async=1;\n    }(window, document, 'script', 'ctoutvert'));\n<\/script>\n<ctv-offers data-display-mode=\"carousel\"><\/ctv-offers>\n\n\r\n    <\/div>\r\n<\/section>\n\n<section id=\"ls-section-block_7d2385178227d88095ae7cc4307f0e80\" class=\"ls-section  mot-gerant has-background has-color-4-background-color has-m-t m-t-0 has-m-b m-b-0 has-p-t p-t-0\" >\r\n        <div class=\"container \">\r\n        \n\n<div class=\"wp-block-columns has-color-white-background-color has-background is-layout-flex wp-container-core-columns-is-layout-2 wp-block-columns-is-layout-flex\">\n<div class=\"wp-block-column first animated fadeInLeft delay-100ms slow is-layout-flow wp-block-column-is-layout-flow\" style=\"flex-basis:33.33%\">\n<div class=\"wp-block-columns block-bienvenue is-layout-flex wp-container-core-columns-is-layout-1 wp-block-columns-is-layout-flex\">\n<div class=\"wp-block-column has-color-1-background-color has-background is-layout-flow wp-block-column-is-layout-flow\">\n<figure class=\"wp-block-image size-full is-resized\"><img decoding=\"async\" width=\"125\" height=\"123\" src=\"https:\/\/www.belair.geek-tonic.dev\/wp-content\/uploads\/sites\/15\/2021\/10\/gestionnaire-camping.png\" alt=\"campsite manager\" class=\"wp-image-1488\" style=\"aspect-ratio:1;object-fit:contain;width:auto;height:150px\"\/><\/figure>\n<\/div>\n<\/div>\n\n\n\n<div id=\"ls-heading ls-titre-div-block_6e19a29e2344fe2c47b25db566e35631\" class=\"ls-titre-div titre-citation h1-like\" >\n    A word from Camille, <em>campsite manager<\/em><\/div>\n<\/div>\n\n\n\n<div class=\"wp-block-column is-vertically-aligned-center second animated fadeInRight slow is-layout-flow wp-block-column-is-layout-flow\" style=\"flex-basis:66.66%\">\n<p class=\"ls-paragraph has-color-7-color has-text-color has-link-color wp-elements-015c6b836373a84ac8084dc014757a0d\">To enable you to visit the Ile de R\u00e9 with greater peace of mind and on a larger budget, a number of special offers are available when you book your camping holiday.<br><br>Take a look at our various offers and find the ideal low-cost rental.<\/p>\n<\/div>\n<\/div>\n\n\r\n    <\/div>\r\n<\/section>\n\n<section id=\"ls-section-block_60143489062f2c3e1d6aedb8bb51ccce\" class=\"ls-section  page-one aventure has-background has-color-white-background-color has-m-b m-b-0 has-m-l m-l-0 has-m-r m-r-0 has-p-b p-b-0\" >\r\n        <div class=\"container container--wide\">\r\n        \n\n<div class=\"wp-block-columns are-vertically-aligned-top is-layout-flex wp-container-core-columns-is-layout-3 wp-block-columns-is-layout-flex\">\n<div class=\"wp-block-column is-vertically-aligned-top first animated fadeInLeft delay-100ms slow is-layout-flow wp-block-column-is-layout-flow\" style=\"flex-basis:50%\"><div class=\"wp-block-image\">\n<figure class=\"aligncenter size-full\"><img decoding=\"async\" width=\"1200\" height=\"800\" src=\"https:\/\/www.belair.geek-tonic.dev\/wp-content\/uploads\/sites\/15\/2021\/10\/location-promotion-ile-de-re.jpg\" alt=\"location promotion ile de re\" class=\"wp-image-918\" srcset=\"https:\/\/belair.geek-tonic.dev\/wp-content\/uploads\/sites\/15\/2021\/10\/location-promotion-ile-de-re.jpg 1200w, https:\/\/belair.geek-tonic.dev\/wp-content\/uploads\/sites\/15\/2021\/10\/location-promotion-ile-de-re-300x200.jpg 300w, https:\/\/belair.geek-tonic.dev\/wp-content\/uploads\/sites\/15\/2021\/10\/location-promotion-ile-de-re-1024x683.jpg 1024w, https:\/\/belair.geek-tonic.dev\/wp-content\/uploads\/sites\/15\/2021\/10\/location-promotion-ile-de-re-768x512.jpg 768w\" sizes=\"(max-width: 1200px) 100vw, 1200px\" \/><\/figure><\/div><\/div>\n\n\n\n<div class=\"wp-block-column is-vertically-aligned-top second animated fadeInRight slow is-layout-flow wp-block-column-is-layout-flow\" style=\"flex-basis:50%\">\n<h2 class=\"ls__heading wp-block-heading has-text-align-center ls__heading-undefined post__heading-undefined color1 has-color-1-color has-text-color\" id=\"camping-avec-offre-speciale-couple-en-charente-maritime\">Campsite with special offer for couples in Charente-Maritime<\/h2>\n\n\n\n<p class=\"ls-paragraph ls__paragraph\">See life in pink on the Ile de R\u00e9 and stay for 2 (or with a baby under 3) at our low-season <a href=\"https:\/\/en.bel-air-camping.com\/\">campsite in La Flotte-en-R\u00e9<\/a> for a week or more at a low price. Take advantage of the mild spring and September weather to treat yourself to a <strong>\n  <span class=\"tadv-color\" style=\"color:#005f9b\">a couple&#8217;s vacation from \u20ac239 \/ 7 nights<\/span>\n<\/strong> from a selection of 2-bedroom<a href=\"https:\/\/en.bel-air-camping.com\/rental-mobil-home-flotte-en-re\/\">glamping accommodations<\/a>.  <\/p>\n\n\n\n<p class=\"ls-paragraph ls__paragraph\">Treat yourself to a romantic, privileged moment as the sun sets over the Ile de R\u00e9 salt marshes. A postcard setting for you to enjoy with our Couple&#8217;s Special offer.<\/p>\n<\/div>\n<\/div>\n\n\r\n    <\/div>\r\n<\/section>\n\n<section id=\"ls-section-block_a5763cc53590b08b290f8ac3e7235820\" class=\"ls-section  page-one has-background has-color-3-background-color has-m-t m-t-0 has-m-b m-b-0 has-m-l m-l-0 has-m-r m-r-0\" >\r\n        <div class=\"container container--wide\">\r\n        \n\n<div class=\"wp-block-columns are-vertically-aligned-center is-layout-flex wp-container-core-columns-is-layout-4 wp-block-columns-is-layout-flex\">\n<div class=\"wp-block-column is-vertically-aligned-center first animated fadeInLeft delay-100ms slow is-layout-flow wp-block-column-is-layout-flow\">\n<h2 class=\"ls__heading wp-block-heading has-text-align-left ls__heading-undefined post__heading-undefined color1\" id=\"nuits-offertes-a-la-flotte-en-re\">Our offers for couples  <\/h2>\n\n\n\n<p class=\"ls-paragraph\">Looking for a romantic getaway to savor the softness of the Ile de R\u00e9? Our couple offers are made for you. Enjoy a week for two from \u20ac229 for 7 nights. This offer is valid for 2 people, whether or not accompanied by a child under 3, on all rentals and subject to availability at our campsite with special offers.<\/p>\n\n\n\n<p class=\"ls-paragraph\">Pack your bags and set off to discover the treasures of Charente-Maritime and La <a href=\"https:\/\/en.bel-air-camping.com\/tourism-flotte-en-re\/\">Flotte-en-R\u00e9<\/a> in your 4-star campsite.<\/p>\n<\/div>\n\n\n\n<div class=\"wp-block-column is-vertically-aligned-center second animated fadeInRight slow is-layout-flow wp-block-column-is-layout-flow\">\n<figure class=\"wp-block-image size-full\"><a href=\"https:\/\/www.belair.geek-tonic.dev\/wp-content\/uploads\/sites\/15\/2021\/10\/camping-promotion-flotte-en-re.jpg\"><img decoding=\"async\" width=\"1989\" height=\"1444\" src=\"https:\/\/www.belair.geek-tonic.dev\/wp-content\/uploads\/sites\/15\/2021\/10\/camping-promotion-flotte-en-re.jpg\" alt=\"camping promotion flotte en re\" class=\"wp-image-923\" srcset=\"https:\/\/belair.geek-tonic.dev\/wp-content\/uploads\/sites\/15\/2021\/10\/camping-promotion-flotte-en-re.jpg 1989w, https:\/\/belair.geek-tonic.dev\/wp-content\/uploads\/sites\/15\/2021\/10\/camping-promotion-flotte-en-re-300x218.jpg 300w, https:\/\/belair.geek-tonic.dev\/wp-content\/uploads\/sites\/15\/2021\/10\/camping-promotion-flotte-en-re-1024x743.jpg 1024w, https:\/\/belair.geek-tonic.dev\/wp-content\/uploads\/sites\/15\/2021\/10\/camping-promotion-flotte-en-re-768x558.jpg 768w, https:\/\/belair.geek-tonic.dev\/wp-content\/uploads\/sites\/15\/2021\/10\/camping-promotion-flotte-en-re-1536x1115.jpg 1536w\" sizes=\"(max-width: 1989px) 100vw, 1989px\" \/><\/a><\/figure>\n<\/div>\n<\/div>\n\n\r\n    <\/div>\r\n<\/section>\n\n<section id=\"ls-section-block_dd1c5f9c38cee2c85c97dd6ea8b87f08\" class=\"ls-section  page-one has-background has-color-4-background-color has-m-t m-t-0 has-m-b m-b-0 has-m-l m-l-0 has-m-r m-r-0\" >\r\n        <div class=\"container container--wide\">\r\n        \n\n<div class=\"wp-block-columns is-layout-flex wp-container-core-columns-is-layout-5 wp-block-columns-is-layout-flex\">\n<div class=\"wp-block-column is-vertically-aligned-center first animated fadeInLeft delay-100ms slow is-layout-flow wp-block-column-is-layout-flow\">\n<figure class=\"wp-block-image size-large\"><a href=\"https:\/\/www.belair.geek-tonic.dev\/wp-content\/uploads\/sites\/15\/2021\/10\/lcoation-petit-prix-flotte-en-re.jpg\"><img decoding=\"async\" width=\"1024\" height=\"743\" src=\"https:\/\/www.belair.geek-tonic.dev\/wp-content\/uploads\/sites\/15\/2021\/10\/lcoation-petit-prix-flotte-en-re-1024x743.jpg\" alt=\"low cost fleet rental in re\" class=\"wp-image-927\" srcset=\"https:\/\/belair.geek-tonic.dev\/wp-content\/uploads\/sites\/15\/2021\/10\/lcoation-petit-prix-flotte-en-re-1024x743.jpg 1024w, https:\/\/belair.geek-tonic.dev\/wp-content\/uploads\/sites\/15\/2021\/10\/lcoation-petit-prix-flotte-en-re-300x218.jpg 300w, https:\/\/belair.geek-tonic.dev\/wp-content\/uploads\/sites\/15\/2021\/10\/lcoation-petit-prix-flotte-en-re-768x558.jpg 768w, https:\/\/belair.geek-tonic.dev\/wp-content\/uploads\/sites\/15\/2021\/10\/lcoation-petit-prix-flotte-en-re-1536x1115.jpg 1536w, https:\/\/belair.geek-tonic.dev\/wp-content\/uploads\/sites\/15\/2021\/10\/lcoation-petit-prix-flotte-en-re.jpg 1989w\" sizes=\"(max-width: 1024px) 100vw, 1024px\" \/><\/a><\/figure>\n<\/div>\n\n\n\n<div class=\"wp-block-column is-vertically-aligned-center second animated fadeInRight slow is-layout-flow wp-block-column-is-layout-flow\">\n<h2 class=\"ls__heading wp-block-heading ls__heading-undefined post__heading-undefined color1\" id=\"promotions-de-dernieres-minutes-en-charente-maritime\">New this summer <\/h2>\n\n\n\n<p class=\"ls-paragraph\">Arrive and leave on a Sunday! <\/p>\n\n\n\n<p class=\"ls-paragraph\">Avoid the Saturday traffic jams and make your journey more pleasant and less stressful. Instead of spending 3 hours on the bridge of the <a href=\"https:\/\/en.bel-air-camping.com\/tourism-flotte-en-re\/\">Ile de R\u00e9<\/a>, enjoy these moments by our <a href=\"https:\/\/en.bel-air-camping.com\/campsite-area-aquatic-flotte-en-re\/\">swimming pool<\/a>! This new option is ideal for those who work during the week, offering better organisation. Camping Le Bel Air offers modern facilities: a heated swimming pool, children&#8217;s play areas and comfortable <a href=\"https:\/\/en.bel-air-camping.com\/rental-mobil-home-flotte-en-re\/\">accommodation<\/a>. To take advantage of this option, simply choose the Sunday to Sunday dates when you book on our <a href=\"https:\/\/en.bel-air-camping.com\/your-stay-search\/\">website<\/a> or contact us directly. We&#8217;ll be happy to help if you have any questions or need any <a href=\"https:\/\/en.bel-air-camping.com\/contact-access\/\">further assistance<\/a>.<\/p>\n\n\n\n<p class=\"ls-paragraph\">We look forward to welcoming you and making your stay even more enjoyable.<\/p>\n<\/div>\n<\/div>\n\n\r\n    <\/div>\r\n<\/section>\n\n<section id=\"ls-section-block_b8e92d46182574afa93b447b2a61b703\" class=\"ls-section  page-one aventure has-background has-color-white-background-color\" >\r\n        <div class=\"container container--wide\">\r\n        \n\n<div class=\"wp-block-columns is-layout-flex wp-container-core-columns-is-layout-6 wp-block-columns-is-layout-flex\">\n<div class=\"wp-block-column is-vertically-aligned-center first animated fadeInLeft delay-100ms slow is-layout-flow wp-block-column-is-layout-flow\">\n<h2 class=\"ls__heading wp-block-heading ls__heading-undefined post__heading-undefined color1\" id=\"camping-avec-offres-promotionnelles-a-la-flotte-en-re\">  Campsite with special offers in La Flotte-en-R\u00e9  <\/h2>\n\n\n\n<p class=\"ls-paragraph ls__paragraph\"> All year round, discover our special offer for works councils and local authorities: the <strong><span class=\"tadv-color\" style=\"color:#005f9b\">Formule Libert\u00e9 CE<\/span><\/strong>. Benefit from a <strong><span class=\"tadv-color\" style=\"color:#005f9b\">10% discount<\/span><\/strong> on your <a href=\"https:\/\/en.bel-air-camping.com\/rental-mobil-home-flotte-en-re\/\">group camping<\/a> holiday in low season and a <strong><span class=\"tadv-color\" style=\"color:#005f9b\">5% discount<\/span><\/strong> in high season. Book directly on the Flower Campings website, in the Works Councils &amp; Partners section, and complete the login details using the access details provided by your works council or local authority.  <\/p>\n\n\n\n<p class=\"ls-paragraph ls__paragraph\">Are you an elected official or active member of a works council or local authority and would like to add Flower Campings to your offers? Or are you simply interested in this offer? Contact us directly for more information.  <\/p>\n<\/div>\n\n\n\n<div class=\"wp-block-column second animated fadeInRight slow is-layout-flow wp-block-column-is-layout-flow\">\n<figure class=\"wp-block-image size-large\"><a href=\"https:\/\/www.belair.geek-tonic.dev\/wp-content\/uploads\/sites\/15\/2021\/10\/promotion-hebergement-ile-de-re.jpg\"><img decoding=\"async\" width=\"1024\" height=\"743\" src=\"https:\/\/www.belair.geek-tonic.dev\/wp-content\/uploads\/sites\/15\/2021\/10\/promotion-hebergement-ile-de-re-1024x743.jpg\" alt=\"promotion hebergement ile de re\" class=\"wp-image-914\" srcset=\"https:\/\/belair.geek-tonic.dev\/wp-content\/uploads\/sites\/15\/2021\/10\/promotion-hebergement-ile-de-re-1024x743.jpg 1024w, https:\/\/belair.geek-tonic.dev\/wp-content\/uploads\/sites\/15\/2021\/10\/promotion-hebergement-ile-de-re-300x218.jpg 300w, https:\/\/belair.geek-tonic.dev\/wp-content\/uploads\/sites\/15\/2021\/10\/promotion-hebergement-ile-de-re-768x558.jpg 768w, https:\/\/belair.geek-tonic.dev\/wp-content\/uploads\/sites\/15\/2021\/10\/promotion-hebergement-ile-de-re-1536x1115.jpg 1536w, https:\/\/belair.geek-tonic.dev\/wp-content\/uploads\/sites\/15\/2021\/10\/promotion-hebergement-ile-de-re.jpg 1989w\" sizes=\"(max-width: 1024px) 100vw, 1024px\" \/><\/a><\/figure>\n<\/div>\n<\/div>\n\n\r\n    <\/div>\r\n<\/section>\n\n<section id=\"ls-section-block_d7af341b8de3993a418610cfe700a18a\" class=\"ls-section  page-maillage experience has-m-t m-t-0 has-p-t p-t-0\" >\r\n        <div class=\"container container--wide\">\r\n        \n\n<div id=\"ls-heading ls-titre-div-block_2529c12de41bb11e61bc3d5ccddee5e8\" class=\"ls-titre-div aligncenter h2-like\" >\n    <strong>Discover our<\/strong> rentals, pitches and services for groups<\/div>\n\n\n<div id=\"ls-maillage-block_8f098544b3780ea9a1447f2a2ecf9f30\" class=\"ls-maillage cta-style-normal\" data-rows=\"3\">\n    <div class=\"wp-block-columns\"><div class=\"wp-block-column\"><div id=\"destinations\" class=\"ls-cta\">\n\n<a href=\"https:\/\/belair.geek-tonic.dev\/en\/campsite-group-flotte-en-re\/\" target=\"\" rel=\"noopener\" class=\"ls-cta__link\">\n\n\t<div class=\"ls-cta__image\"><img decoding=\"async\" src=\"https:\/\/belair.geek-tonic.dev\/wp-content\/uploads\/sites\/15\/2024\/04\/groupe-camping-flotte-en-re.webp\" alt=\"groupe camping flotte en re\"><\/div>\n\t<div class=\"ls-cta__title\">\n\t\tGroups\t<\/div>\n\n\t\t\n<\/a><\/div><\/div><div class=\"wp-block-column\"><div id=\"destinations\" class=\"ls-cta\">\n\n<a href=\"https:\/\/belair.geek-tonic.dev\/en\/rental-site-flotte-en-re\/\" target=\"\" rel=\"noopener\" class=\"ls-cta__link\">\n\n\t<div class=\"ls-cta__image\"><img decoding=\"async\" src=\"https:\/\/belair.geek-tonic.dev\/wp-content\/uploads\/sites\/15\/2021\/10\/camping-caravaning.jpg\" alt=\"camping caravanning\"><\/div>\n\t<div class=\"ls-cta__title\">\n\t\tPitches\t<\/div>\n\n\t\t\n<\/a><\/div><\/div><div class=\"wp-block-column\"><div id=\"destinations\" class=\"ls-cta\">\n\n<a href=\"https:\/\/belair.geek-tonic.dev\/en\/rental-mobil-home-flotte-en-re\/\" target=\"\" rel=\"noopener\" class=\"ls-cta__link\">\n\n\t<div class=\"ls-cta__image\"><img decoding=\"async\" src=\"https:\/\/belair.geek-tonic.dev\/wp-content\/uploads\/sites\/15\/2021\/10\/location-mobil-home-flotte-en-re.jpg\" alt=\"mobile home rental fleet in re\"><\/div>\n\t<div class=\"ls-cta__title\">\n\t\tRentals\t<\/div>\n\n\t\t\n<\/a><\/div><\/div><\/div><\/div>\n\r\n    <\/div>\r\n<\/section>","protected":false},"excerpt":{"rendered":"","protected":false},"author":1,"featured_media":489073,"parent":0,"menu_order":0,"comment_status":"closed","ping_status":"closed","template":"","meta":{"_acf_changed":false,"footnotes":""},"sujet":[],"class_list":["post-64750","page","type-page","status-publish","has-post-thumbnail","hentry"],"acf":[],"yoast_head":"<!-- This site is optimized with the Yoast SEO plugin v23.9 - https:\/\/yoast.com\/wordpress\/plugins\/seo\/ -->\n<title>Camping special offers Flotte-en-R\u00e9 | Camping promotions \u00eele de R\u00e9<\/title>\n<meta name=\"robots\" content=\"noindex, follow, max-snippet:-1, max-image-preview:large, max-video-preview:-1\" \/>\n<meta property=\"og:locale\" content=\"en_US\" \/>\n<meta property=\"og:type\" content=\"article\" \/>\n<meta property=\"og:title\" content=\"Camping special offers Flotte-en-R\u00e9 | Camping promotions \u00eele de R\u00e9\" \/>\n<meta property=\"og:url\" content=\"https:\/\/belair.geek-tonic.dev\/en\/campsite-promotions-flotte-en-re\/\" \/>\n<meta property=\"og:site_name\" content=\"Camping Le Belair\" \/>\n<meta property=\"article:modified_time\" content=\"2024-06-05T09:07:50+00:00\" \/>\n<meta property=\"og:image\" content=\"https:\/\/belair.geek-tonic.dev\/wp-content\/uploads\/sites\/15\/2022\/05\/camping-pas-cher-il-de-re.jpg\" \/>\n\t<meta property=\"og:image:width\" content=\"1900\" \/>\n\t<meta property=\"og:image:height\" content=\"515\" \/>\n\t<meta property=\"og:image:type\" content=\"image\/jpeg\" \/>\n<meta name=\"twitter:card\" content=\"summary_large_image\" \/>\n<meta name=\"twitter:label1\" content=\"Est. reading time\" \/>\n\t<meta name=\"twitter:data1\" content=\"4 minutes\" \/>\n<script type=\"application\/ld+json\" class=\"yoast-schema-graph\">{\"@context\":\"https:\/\/schema.org\",\"@graph\":[{\"@type\":\"WebPage\",\"@id\":\"https:\/\/belair.geek-tonic.dev\/en\/campsite-promotions-flotte-en-re\/\",\"url\":\"https:\/\/belair.geek-tonic.dev\/en\/campsite-promotions-flotte-en-re\/\",\"name\":\"Camping special offers Flotte-en-R\u00e9 | Camping promotions \u00eele de R\u00e9\",\"isPartOf\":{\"@id\":\"https:\/\/belair.geek-tonic.dev\/en\/#website\"},\"primaryImageOfPage\":{\"@id\":\"https:\/\/belair.geek-tonic.dev\/en\/campsite-promotions-flotte-en-re\/#primaryimage\"},\"image\":{\"@id\":\"https:\/\/belair.geek-tonic.dev\/en\/campsite-promotions-flotte-en-re\/#primaryimage\"},\"thumbnailUrl\":\"https:\/\/belair.geek-tonic.dev\/wp-content\/uploads\/sites\/15\/2022\/05\/camping-pas-cher-il-de-re.jpg\",\"datePublished\":\"2021-09-28T12:34:44+00:00\",\"dateModified\":\"2024-06-05T09:07:50+00:00\",\"breadcrumb\":{\"@id\":\"https:\/\/belair.geek-tonic.dev\/en\/campsite-promotions-flotte-en-re\/#breadcrumb\"},\"inLanguage\":\"en-US\",\"potentialAction\":[{\"@type\":\"ReadAction\",\"target\":[\"https:\/\/belair.geek-tonic.dev\/en\/campsite-promotions-flotte-en-re\/\"]}]},{\"@type\":\"ImageObject\",\"inLanguage\":\"en-US\",\"@id\":\"https:\/\/belair.geek-tonic.dev\/en\/campsite-promotions-flotte-en-re\/#primaryimage\",\"url\":\"https:\/\/belair.geek-tonic.dev\/wp-content\/uploads\/sites\/15\/2022\/05\/camping-pas-cher-il-de-re.jpg\",\"contentUrl\":\"https:\/\/belair.geek-tonic.dev\/wp-content\/uploads\/sites\/15\/2022\/05\/camping-pas-cher-il-de-re.jpg\",\"width\":1900,\"height\":515,\"caption\":\"camping pas cher il de re\"},{\"@type\":\"BreadcrumbList\",\"@id\":\"https:\/\/belair.geek-tonic.dev\/en\/campsite-promotions-flotte-en-re\/#breadcrumb\",\"itemListElement\":[{\"@type\":\"ListItem\",\"position\":1,\"name\":\"Campsite \u00cele de R\u00e9\",\"item\":\"https:\/\/belair.geek-tonic.dev\/en\/\"},{\"@type\":\"ListItem\",\"position\":2,\"name\":\"Campsite with special offers in La Flotte-en-R\u00e9\"}]},{\"@type\":\"WebSite\",\"@id\":\"https:\/\/belair.geek-tonic.dev\/en\/#website\",\"url\":\"https:\/\/belair.geek-tonic.dev\/en\/\",\"name\":\"Camping Le Belair\",\"description\":\"\",\"publisher\":{\"@id\":\"https:\/\/belair.geek-tonic.dev\/en\/#organization\"},\"potentialAction\":[{\"@type\":\"SearchAction\",\"target\":{\"@type\":\"EntryPoint\",\"urlTemplate\":\"https:\/\/belair.geek-tonic.dev\/en\/?s={search_term_string}\"},\"query-input\":{\"@type\":\"PropertyValueSpecification\",\"valueRequired\":true,\"valueName\":\"search_term_string\"}}],\"inLanguage\":\"en-US\"},{\"@type\":\"Organization\",\"@id\":\"https:\/\/belair.geek-tonic.dev\/en\/#organization\",\"name\":\"Camping Le Belair\",\"url\":\"https:\/\/belair.geek-tonic.dev\/en\/\",\"logo\":{\"@type\":\"ImageObject\",\"inLanguage\":\"en-US\",\"@id\":\"https:\/\/belair.geek-tonic.dev\/en\/#\/schema\/logo\/image\/\",\"url\":\"https:\/\/belair.geek-tonic.dev\/wp-content\/uploads\/sites\/15\/2024\/09\/cropped-logo-Flower-camping-Le-Bel-Air.png\",\"contentUrl\":\"https:\/\/belair.geek-tonic.dev\/wp-content\/uploads\/sites\/15\/2024\/09\/cropped-logo-Flower-camping-Le-Bel-Air.png\",\"width\":500,\"height\":660,\"caption\":\"Camping Le Belair\"},\"image\":{\"@id\":\"https:\/\/belair.geek-tonic.dev\/en\/#\/schema\/logo\/image\/\"}}]}<\/script>\n<!-- \/ Yoast SEO plugin. -->","yoast_head_json":{"title":"Camping special offers Flotte-en-R\u00e9 | Camping promotions \u00eele de R\u00e9","robots":{"index":"noindex","follow":"follow","max-snippet":"max-snippet:-1","max-image-preview":"max-image-preview:large","max-video-preview":"max-video-preview:-1"},"og_locale":"en_US","og_type":"article","og_title":"Camping special offers Flotte-en-R\u00e9 | Camping promotions \u00eele de R\u00e9","og_url":"https:\/\/belair.geek-tonic.dev\/en\/campsite-promotions-flotte-en-re\/","og_site_name":"Camping Le Belair","article_modified_time":"2024-06-05T09:07:50+00:00","og_image":[{"width":1900,"height":515,"url":"https:\/\/belair.geek-tonic.dev\/wp-content\/uploads\/sites\/15\/2022\/05\/camping-pas-cher-il-de-re.jpg","type":"image\/jpeg"}],"twitter_card":"summary_large_image","twitter_misc":{"Est. reading time":"4 minutes"},"schema":{"@context":"https:\/\/schema.org","@graph":[{"@type":"WebPage","@id":"https:\/\/belair.geek-tonic.dev\/en\/campsite-promotions-flotte-en-re\/","url":"https:\/\/belair.geek-tonic.dev\/en\/campsite-promotions-flotte-en-re\/","name":"Camping special offers Flotte-en-R\u00e9 | Camping promotions \u00eele de R\u00e9","isPartOf":{"@id":"https:\/\/belair.geek-tonic.dev\/en\/#website"},"primaryImageOfPage":{"@id":"https:\/\/belair.geek-tonic.dev\/en\/campsite-promotions-flotte-en-re\/#primaryimage"},"image":{"@id":"https:\/\/belair.geek-tonic.dev\/en\/campsite-promotions-flotte-en-re\/#primaryimage"},"thumbnailUrl":"https:\/\/belair.geek-tonic.dev\/wp-content\/uploads\/sites\/15\/2022\/05\/camping-pas-cher-il-de-re.jpg","datePublished":"2021-09-28T12:34:44+00:00","dateModified":"2024-06-05T09:07:50+00:00","breadcrumb":{"@id":"https:\/\/belair.geek-tonic.dev\/en\/campsite-promotions-flotte-en-re\/#breadcrumb"},"inLanguage":"en-US","potentialAction":[{"@type":"ReadAction","target":["https:\/\/belair.geek-tonic.dev\/en\/campsite-promotions-flotte-en-re\/"]}]},{"@type":"ImageObject","inLanguage":"en-US","@id":"https:\/\/belair.geek-tonic.dev\/en\/campsite-promotions-flotte-en-re\/#primaryimage","url":"https:\/\/belair.geek-tonic.dev\/wp-content\/uploads\/sites\/15\/2022\/05\/camping-pas-cher-il-de-re.jpg","contentUrl":"https:\/\/belair.geek-tonic.dev\/wp-content\/uploads\/sites\/15\/2022\/05\/camping-pas-cher-il-de-re.jpg","width":1900,"height":515,"caption":"camping pas cher il de re"},{"@type":"BreadcrumbList","@id":"https:\/\/belair.geek-tonic.dev\/en\/campsite-promotions-flotte-en-re\/#breadcrumb","itemListElement":[{"@type":"ListItem","position":1,"name":"Campsite \u00cele de R\u00e9","item":"https:\/\/belair.geek-tonic.dev\/en\/"},{"@type":"ListItem","position":2,"name":"Campsite with special offers in La Flotte-en-R\u00e9"}]},{"@type":"WebSite","@id":"https:\/\/belair.geek-tonic.dev\/en\/#website","url":"https:\/\/belair.geek-tonic.dev\/en\/","name":"Camping Le Belair","description":"","publisher":{"@id":"https:\/\/belair.geek-tonic.dev\/en\/#organization"},"potentialAction":[{"@type":"SearchAction","target":{"@type":"EntryPoint","urlTemplate":"https:\/\/belair.geek-tonic.dev\/en\/?s={search_term_string}"},"query-input":{"@type":"PropertyValueSpecification","valueRequired":true,"valueName":"search_term_string"}}],"inLanguage":"en-US"},{"@type":"Organization","@id":"https:\/\/belair.geek-tonic.dev\/en\/#organization","name":"Camping Le Belair","url":"https:\/\/belair.geek-tonic.dev\/en\/","logo":{"@type":"ImageObject","inLanguage":"en-US","@id":"https:\/\/belair.geek-tonic.dev\/en\/#\/schema\/logo\/image\/","url":"https:\/\/belair.geek-tonic.dev\/wp-content\/uploads\/sites\/15\/2024\/09\/cropped-logo-Flower-camping-Le-Bel-Air.png","contentUrl":"https:\/\/belair.geek-tonic.dev\/wp-content\/uploads\/sites\/15\/2024\/09\/cropped-logo-Flower-camping-Le-Bel-Air.png","width":500,"height":660,"caption":"Camping Le Belair"},"image":{"@id":"https:\/\/belair.geek-tonic.dev\/en\/#\/schema\/logo\/image\/"}}]}},"_links":{"self":[{"href":"https:\/\/belair.geek-tonic.dev\/en\/wp-json\/wp\/v2\/pages\/64750","targetHints":{"allow":["GET"]}}],"collection":[{"href":"https:\/\/belair.geek-tonic.dev\/en\/wp-json\/wp\/v2\/pages"}],"about":[{"href":"https:\/\/belair.geek-tonic.dev\/en\/wp-json\/wp\/v2\/types\/page"}],"author":[{"embeddable":true,"href":"https:\/\/belair.geek-tonic.dev\/en\/wp-json\/wp\/v2\/users\/1"}],"replies":[{"embeddable":true,"href":"https:\/\/belair.geek-tonic.dev\/en\/wp-json\/wp\/v2\/comments?post=64750"}],"version-history":[{"count":1,"href":"https:\/\/belair.geek-tonic.dev\/en\/wp-json\/wp\/v2\/pages\/64750\/revisions"}],"predecessor-version":[{"id":842385,"href":"https:\/\/belair.geek-tonic.dev\/en\/wp-json\/wp\/v2\/pages\/64750\/revisions\/842385"}],"wp:featuredmedia":[{"embeddable":true,"href":"https:\/\/belair.geek-tonic.dev\/en\/wp-json\/wp\/v2\/media\/489073"}],"wp:attachment":[{"href":"https:\/\/belair.geek-tonic.dev\/en\/wp-json\/wp\/v2\/media?parent=64750"}],"wp:term":[{"taxonomy":"sujet","embeddable":true,"href":"https:\/\/belair.geek-tonic.dev\/en\/wp-json\/wp\/v2\/sujet?post=64750"}],"curies":[{"name":"wp","href":"https:\/\/api.w.org\/{rel}","templated":true}]}}