{"id":6879,"date":"2021-09-28T14:33:28","date_gmt":"2021-09-28T12:33:28","guid":{"rendered":"https:\/\/www.belair.geek-tonic.dev\/restaurant-flotte-en-re\/"},"modified":"2024-04-16T10:34:01","modified_gmt":"2024-04-16T08:34:01","slug":"restaurant-in-flotte-en-re","status":"publish","type":"page","link":"https:\/\/belair.geek-tonic.dev\/en\/restaurant-in-flotte-en-re\/","title":{"rendered":"Le Camping : Restaurant"},"content":{"rendered":"<section id=\"ls-section-block_c5c8e1f239504252e5485e6fbffb825c\" class=\"ls-section  page-one has-background has-color-4-background-color has-m-t m-t-0 has-m-b m-b-0 has-m-l m-l-0 has-m-r m-r-0 has-p-t p-t-14 has-p-b p-b-0\" >\r\n        <div class=\"container container--wide\">\r\n        \n\n<div class=\"wp-block-columns are-vertically-aligned-top is-layout-flex wp-container-core-columns-is-layout-1 wp-block-columns-is-layout-flex\">\n<div class=\"wp-block-column is-vertically-aligned-top first animated fadeInLeft delay-100ms slow is-layout-flow wp-block-column-is-layout-flow\" style=\"flex-basis:50%\"><div class=\"wp-block-image\">\n<figure class=\"aligncenter size-full\"><img decoding=\"async\" width=\"986\" height=\"614\" src=\"https:\/\/www.belair.geek-tonic.dev\/wp-content\/uploads\/sites\/15\/2021\/10\/bar-flotte-en-re.jpg\" alt=\"bar flotte en re\" class=\"wp-image-841\" srcset=\"https:\/\/belair.geek-tonic.dev\/wp-content\/uploads\/sites\/15\/2021\/10\/bar-flotte-en-re.jpg 986w, https:\/\/belair.geek-tonic.dev\/wp-content\/uploads\/sites\/15\/2021\/10\/bar-flotte-en-re-300x187.jpg 300w, https:\/\/belair.geek-tonic.dev\/wp-content\/uploads\/sites\/15\/2021\/10\/bar-flotte-en-re-768x478.jpg 768w\" sizes=\"(max-width: 986px) 100vw, 986px\" \/><\/figure><\/div><\/div>\n\n\n\n<div class=\"wp-block-column is-vertically-aligned-top second animated fadeInRight slow is-layout-flow wp-block-column-is-layout-flow\" style=\"flex-basis:50%\">\n<h1 class=\"ls__heading wp-block-heading has-text-align-left ls__heading-undefined post__heading-undefined color1 has-color-1-color has-text-color\" id=\"restaurant-a-l-ile-de-re\">Restaurant on the Ile de R\u00e9<\/h1>\n\n\n\n<h2 class=\"ls__heading wp-block-heading has-text-align-left ls__heading-undefined post__heading-undefined border-title color1 has-color-1-color has-text-color\" id=\"notre-restaurant-a-la-flotte-en-re\">Our restaurant in La Flotte-en-R\u00e9<\/h2>\n\n\n\n<p class=\"ls-paragraph ls__paragraph\">Our <a href=\"https:\/\/en.bel-air-camping.com\/\">campsite in La Flotte-en-R\u00e9<\/a> offers a <strong>\n  <span class=\"tadv-color\" style=\"color:#005f9b\">restaurant area<\/span>\n<\/strong> in front of the swimming pool! With its woodsy decor and modern<strong>\n  <span class=\"tadv-color\" style=\"color:#005f9b\"> modern guinguette<\/span>\n<\/strong>you&#8217;ll appreciate its village atmosphere and tranquility. Enjoy the <strong>\n  <span class=\"tadv-color\" style=\"color:#005f9b\">lounge area<\/span>\n<\/strong> with its grey rattan-look sofas and coffee tables, and its many tables and chairs.<\/p>\n\n\n\n<p class=\"ls-paragraph ls__paragraph\">During your camping holiday on the Ile de R\u00e9, the new restaurant-snack-bar team will delight your taste buds. You can choose between the covered area and the <strong>\n  <span class=\"tadv-color\" style=\"color:#005f9b\">large terrace<\/span>\n<\/strong> where you can enjoy a meal with friends, family or as a couple. Before your stay, discover the <strong>\n  <span class=\"tadv-color\" style=\"color:#005f9b\">restaurant menu<\/span>\n<\/strong> to get a taste of what you can expect.<\/p>\n<\/div>\n<\/div>\n\n\r\n    <\/div>\r\n<\/section><section id=\"ls-section-block_e659bac8aee6b4457338dfa705870ef0\" class=\"ls-section  mot-gerant has-background has-color-4-background-color has-m-t m-t-0 has-m-b m-b-0 has-p-t p-t-0\" >\r\n        <div class=\"container \">\r\n        \n\n<div class=\"wp-block-columns has-color-white-background-color has-background is-layout-flex wp-container-core-columns-is-layout-3 wp-block-columns-is-layout-flex\">\n<div class=\"wp-block-column first animated fadeInLeft delay-100ms slow is-layout-flow wp-block-column-is-layout-flow\" style=\"flex-basis:33.33%\">\n<div class=\"wp-block-columns block-bienvenue is-layout-flex wp-container-core-columns-is-layout-2 wp-block-columns-is-layout-flex\">\n<div class=\"wp-block-column has-color-1-background-color has-background is-layout-flow wp-block-column-is-layout-flow\">\n<figure class=\"wp-block-image size-full is-resized\"><img decoding=\"async\" width=\"125\" height=\"123\" src=\"https:\/\/www.belair.geek-tonic.dev\/wp-content\/uploads\/sites\/15\/2021\/10\/gestionnaire-camping.png\" alt=\"campsite manager\" class=\"wp-image-1488\" style=\"aspect-ratio:1;object-fit:contain;width:auto;height:150px\"\/><\/figure>\n<\/div>\n<\/div>\n\n\n\n<div id=\"ls-heading ls-titre-div-block_1d38558052e7468063147c2965775cde\" class=\"ls-titre-div titre-citation h1-like\" >\n    A word from Camille, <em>campsite manager<\/em><\/div>\n<\/div>\n\n\n\n<div class=\"wp-block-column is-vertically-aligned-center second animated fadeInRight slow is-layout-flow wp-block-column-is-layout-flow\" style=\"flex-basis:66.66%\">\n<p class=\"ls-paragraph has-color-7-color has-text-color has-link-color wp-elements-1d64ac2a2de096b752601599cb289d01\">In a guinguette spirit, come and share a charcuterie board, pizza or entrec\u00f4te steak at the campsite restaurant with your family.<\/p>\n\n\n\n<p class=\"ls-paragraph has-color-7-color has-text-color has-link-color wp-elements-1bf826d32366019d6def935a9362eb7e\">The natural decor of our restaurant\/bar will seduce your eyes, while your taste buds will already be won over by the dishes prepared by our chef.<\/p>\n\n\n\n<p class=\"ls-paragraph has-color-7-color has-text-color has-link-color wp-elements-87c4ca6be3f18f28813a11465b22f6a3\">Our restaurant is open every day<\/p>\n<\/div>\n<\/div>\n\n\r\n    <\/div>\r\n<\/section><section id=\"ls-section-block_9c37e4c9423d125f9a887db58f95773f\" class=\"ls-section  home-gallery has-background has-color-4-background-color has-m-t m-t-0\" >\r\n        <div class=\"container container--full\">\r\n        \n\n<figure class=\"wp-block-gallery has-nested-images columns-1 is-cropped galerie-slider-container wp-block-gallery-1 is-layout-flex wp-block-gallery-is-layout-flex\">\n<figure class=\"wp-block-image size-full\"><a href=\"https:\/\/www.belair.geek-tonic.dev\/wp-content\/uploads\/sites\/15\/2021\/10\/pizza-flotte-en-re.jpg\"><img decoding=\"async\" width=\"1989\" height=\"1444\" src=\"https:\/\/www.belair.geek-tonic.dev\/wp-content\/uploads\/sites\/15\/2021\/10\/pizza-flotte-en-re.jpg\" alt=\"pizza fleet in re\" class=\"wp-image-858\" srcset=\"https:\/\/belair.geek-tonic.dev\/wp-content\/uploads\/sites\/15\/2021\/10\/pizza-flotte-en-re.jpg 1989w, https:\/\/belair.geek-tonic.dev\/wp-content\/uploads\/sites\/15\/2021\/10\/pizza-flotte-en-re-300x218.jpg 300w, https:\/\/belair.geek-tonic.dev\/wp-content\/uploads\/sites\/15\/2021\/10\/pizza-flotte-en-re-1024x743.jpg 1024w, https:\/\/belair.geek-tonic.dev\/wp-content\/uploads\/sites\/15\/2021\/10\/pizza-flotte-en-re-768x558.jpg 768w, https:\/\/belair.geek-tonic.dev\/wp-content\/uploads\/sites\/15\/2021\/10\/pizza-flotte-en-re-1536x1115.jpg 1536w\" sizes=\"(max-width: 1989px) 100vw, 1989px\" \/><\/a><\/figure>\n\n\n\n<figure class=\"wp-block-image size-full\"><a href=\"https:\/\/www.belair.geek-tonic.dev\/wp-content\/uploads\/sites\/15\/2021\/10\/restaurant-flotte-en-re.jpg\"><img decoding=\"async\" width=\"1989\" height=\"1444\" src=\"https:\/\/www.belair.geek-tonic.dev\/wp-content\/uploads\/sites\/15\/2021\/10\/restaurant-flotte-en-re.jpg\" alt=\"restaurant flotte en re\" class=\"wp-image-849\" srcset=\"https:\/\/belair.geek-tonic.dev\/wp-content\/uploads\/sites\/15\/2021\/10\/restaurant-flotte-en-re.jpg 1989w, https:\/\/belair.geek-tonic.dev\/wp-content\/uploads\/sites\/15\/2021\/10\/restaurant-flotte-en-re-300x218.jpg 300w, https:\/\/belair.geek-tonic.dev\/wp-content\/uploads\/sites\/15\/2021\/10\/restaurant-flotte-en-re-1024x743.jpg 1024w, https:\/\/belair.geek-tonic.dev\/wp-content\/uploads\/sites\/15\/2021\/10\/restaurant-flotte-en-re-768x558.jpg 768w, https:\/\/belair.geek-tonic.dev\/wp-content\/uploads\/sites\/15\/2021\/10\/restaurant-flotte-en-re-1536x1115.jpg 1536w\" sizes=\"(max-width: 1989px) 100vw, 1989px\" \/><\/a><\/figure>\n<\/figure>\n\n\r\n    <\/div>\r\n<\/section><section id=\"ls-section-block_d53afac8d7c46b11290147b85e4f57f6\" class=\"ls-section  has-background has-color-white-background-color\" >\r\n        <div class=\"container container--wide\">\r\n        \n\n<div class=\"wp-block-columns are-vertically-aligned-center is-layout-flex wp-container-core-columns-is-layout-4 wp-block-columns-is-layout-flex\">\n<div class=\"wp-block-column is-vertically-aligned-center first animated fadeInLeft delay-100ms slow is-layout-flow wp-block-column-is-layout-flow\">\n<h2 class=\"ls__heading wp-block-heading ls__heading-undefined post__heading-undefined color1\" id=\"bar-en-charente-maritime\">Bar in Charente-Maritime<\/h2>\n\n\n\n<p class=\"ls-paragraph ls__paragraph\">The restaurant offers a <strong>\n  <span style=\"color:#005f9b\" class=\"tadv-color\">bar menu<\/span>\n<\/strong> all day long. Whether you prefer a hot morning drink or fresh fruit juice, you&#8217;ll enjoy a pleasant morning moment during your vacation. Later in the day, quench your thirst with fruit juices, beers, a glass of wine or other sweet drinks.<\/p>\n\n\n\n<p class=\"ls-paragraph ls__paragraph\">After spending a sunny afternoon at the beach near the campsite and cycling for miles, it&#8217;s time for an aperitif! Meet us at the bar for a <span style=\"color:#005f9b\" class=\"tadv-color\">\n  <strong>convivial moment<\/strong>\n<\/span> with friends or family. Since a little hunger is never far away, the <strong>\n  <span style=\"color:#005f9b\" class=\"tadv-color\">aperitif board<\/span>\n<\/strong> will crown this warm and relaxing moment around a glass.<\/p>\n<\/div>\n\n\n\n<div class=\"wp-block-column is-vertically-aligned-center second animated fadeInRight slow is-layout-flow wp-block-column-is-layout-flow\">\n<figure class=\"wp-block-image size-large\"><a href=\"https:\/\/www.belair.geek-tonic.dev\/wp-content\/uploads\/sites\/15\/2021\/10\/restaurant-salade-ile-de-re-1.jpg\"><img decoding=\"async\" width=\"1024\" height=\"743\" src=\"https:\/\/www.belair.geek-tonic.dev\/wp-content\/uploads\/sites\/15\/2021\/10\/restaurant-salade-ile-de-re-1-1024x743.jpg\" alt=\"restaurant salade ile de re\" class=\"wp-image-885\" srcset=\"https:\/\/belair.geek-tonic.dev\/wp-content\/uploads\/sites\/15\/2021\/10\/restaurant-salade-ile-de-re-1-1024x743.jpg 1024w, https:\/\/belair.geek-tonic.dev\/wp-content\/uploads\/sites\/15\/2021\/10\/restaurant-salade-ile-de-re-1-300x218.jpg 300w, https:\/\/belair.geek-tonic.dev\/wp-content\/uploads\/sites\/15\/2021\/10\/restaurant-salade-ile-de-re-1-768x557.jpg 768w, https:\/\/belair.geek-tonic.dev\/wp-content\/uploads\/sites\/15\/2021\/10\/restaurant-salade-ile-de-re-1-1536x1115.jpg 1536w, https:\/\/belair.geek-tonic.dev\/wp-content\/uploads\/sites\/15\/2021\/10\/restaurant-salade-ile-de-re-1.jpg 1990w\" sizes=\"(max-width: 1024px) 100vw, 1024px\" \/><\/a><\/figure>\n<\/div>\n<\/div>\n\n\r\n    <\/div>\r\n<\/section><section id=\"ls-section-block_39b8d57c6bc4e2d09cb184d696eb1cd7\" class=\"ls-section  has-background has-color-4-background-color has-m-t m-t-0\" >\r\n        <div class=\"container container--wide\">\r\n        \n\n<div class=\"wp-block-columns is-layout-flex wp-container-core-columns-is-layout-5 wp-block-columns-is-layout-flex\">\n<div class=\"wp-block-column first animated fadeInLeft delay-100ms slow is-layout-flow wp-block-column-is-layout-flow\">\n<figure class=\"wp-block-image size-full\"><a href=\"https:\/\/www.belair.geek-tonic.dev\/wp-content\/uploads\/sites\/15\/2021\/10\/restaurant-burger-flotte-en-re.jpg\"><img decoding=\"async\" width=\"1990\" height=\"1444\" src=\"https:\/\/www.belair.geek-tonic.dev\/wp-content\/uploads\/sites\/15\/2021\/10\/restaurant-burger-flotte-en-re.jpg\" alt=\"restaurant burger flotte en re\" class=\"wp-image-845\" srcset=\"https:\/\/belair.geek-tonic.dev\/wp-content\/uploads\/sites\/15\/2021\/10\/restaurant-burger-flotte-en-re.jpg 1990w, https:\/\/belair.geek-tonic.dev\/wp-content\/uploads\/sites\/15\/2021\/10\/restaurant-burger-flotte-en-re-300x218.jpg 300w, https:\/\/belair.geek-tonic.dev\/wp-content\/uploads\/sites\/15\/2021\/10\/restaurant-burger-flotte-en-re-1024x743.jpg 1024w, https:\/\/belair.geek-tonic.dev\/wp-content\/uploads\/sites\/15\/2021\/10\/restaurant-burger-flotte-en-re-768x557.jpg 768w, https:\/\/belair.geek-tonic.dev\/wp-content\/uploads\/sites\/15\/2021\/10\/restaurant-burger-flotte-en-re-1536x1115.jpg 1536w\" sizes=\"(max-width: 1990px) 100vw, 1990px\" \/><\/a><\/figure>\n<\/div>\n\n\n\n<div class=\"wp-block-column second animated fadeInRight slow is-layout-flow wp-block-column-is-layout-flow\">\n<h2 class=\"ls__heading wp-block-heading has-text-align-center ls__heading-undefined post__heading-undefined border-title color1\" id=\"la-carte-de-notre-restaurant\">Our restaurant menu<\/h2>\n\n\n\n<p class=\"ls-paragraph ls__paragraph\">La <strong>\n  <span style=\"color:#005f9b\" class=\"tadv-color\">restaurant menu<\/span>\n<\/strong> will delight the whole family, from the youngest to the oldest. For the indefatigable sailors after a wild morning at the kids&#8217; club, opt for the <strong>\n  <span style=\"color:#005f9b\" class=\"tadv-color\">children&#8217;s menu<\/span>\n<\/strong> to fill up on energy. Adults and older children alike will appreciate the <strong>\n  <span style=\"color:#005f9b\" class=\"tadv-color\">varied menu<\/span>\n<\/strong> for everyone.<\/p>\n\n\n\n<p class=\"ls-paragraph ls__paragraph post__paragraph\">  You&#8217;ll find pizzas to suit all tastes, paninis and salads for a moment of freshness. For meat <strong>\n  <span style=\"color:#005f9b\" class=\"tadv-color\">meat lovers<\/span>\n<\/strong>the chef will delight you with his super burger and his entrecote perfectly cooked to your liking. For those with a sweet tooth, you can treat yourself to a cr\u00eape, ice cream or even the <strong>\n  <span style=\"color:#005f9b\" class=\"tadv-color\">desserts of the day<\/span>\n<\/strong>. The entire menu is also available to take away, so you can share a moment of peace and quiet in your rental.  <\/p>\n<\/div>\n<\/div>\n\n\r\n    <\/div>\r\n<\/section><section id=\"ls-section-block_80579cacef595c0b165c7ed364e28512\" class=\"ls-section  page-maillage experience has-m-t m-t-0 has-p-t p-t-10\" >\r\n        <div class=\"container container--wide\">\r\n        \n\n<div id=\"ls-heading ls-titre-div-block_fb3975cc9b290c08161139cf57ac2b8d\" class=\"ls-titre-div aligncenter h2-like\" >\n    <strong>Discover our<\/strong> swimming pool, leisure activities and rentals<\/div>\n\n\n<div id=\"ls-maillage-block_e2d83b4a4c15a39275d15351413d3d15\" class=\"ls-maillage cta-style-normal\" data-rows=\"3\">\n    <div class=\"wp-block-columns\"><div class=\"wp-block-column\"><div id=\"destinations\" class=\"ls-cta\">\n\n<a href=\"https:\/\/belair.geek-tonic.dev\/en\/campsite-animations-flotte-en-re\/\" target=\"\" rel=\"noopener\" class=\"ls-cta__link\">\n\n\t<div class=\"ls-cta__image\"><img decoding=\"async\" src=\"https:\/\/belair.geek-tonic.dev\/wp-content\/uploads\/sites\/15\/2021\/10\/camping-activites-ile-de-re.jpg\" alt=\"camping activites ile de re\"><\/div>\n\t<div class=\"ls-cta__title\">\n\t\tOur activities\t<\/div>\n\n\t\t\n<\/a><\/div><\/div><div class=\"wp-block-column\"><div id=\"destinations\" class=\"ls-cta\">\n\n<a href=\"https:\/\/belair.geek-tonic.dev\/en\/rental-mobil-home-flotte-en-re\/\" target=\"\" rel=\"noopener\" class=\"ls-cta__link\">\n\n\t<div class=\"ls-cta__image\"><img decoding=\"async\" src=\"https:\/\/belair.geek-tonic.dev\/wp-content\/uploads\/sites\/15\/2021\/10\/location-mobil-home-flotte-en-re.jpg\" alt=\"mobile home rental fleet in re\"><\/div>\n\t<div class=\"ls-cta__title\">\n\t\tRentals\t<\/div>\n\n\t\t\n<\/a><\/div><\/div><div class=\"wp-block-column\"><div id=\"destinations\" class=\"ls-cta\">\n\n<a href=\"https:\/\/belair.geek-tonic.dev\/en\/campsite-area-aquatic-flotte-en-re\/\" target=\"\" rel=\"noopener\" class=\"ls-cta__link\">\n\n\t<div class=\"ls-cta__image\"><img decoding=\"async\" src=\"https:\/\/belair.geek-tonic.dev\/wp-content\/uploads\/sites\/15\/2021\/10\/camping-piscine-chauffee-ile-de-re.jpg\" alt=\"camping heated pool ile de re\"><\/div>\n\t<div class=\"ls-cta__title\">\n\t\tSwimming pool\t<\/div>\n\n\t\t\n<\/a><\/div><\/div><\/div><\/div>\n\r\n    <\/div>\r\n<\/section>","protected":false},"excerpt":{"rendered":"","protected":false},"author":1,"featured_media":882,"parent":0,"menu_order":0,"comment_status":"closed","ping_status":"closed","template":"","meta":{"_acf_changed":false,"footnotes":""},"sujet":[],"class_list":["post-6879","page","type-page","status-publish","has-post-thumbnail","hentry"],"acf":[],"yoast_head":"<!-- This site is optimized with the Yoast SEO plugin v23.9 - https:\/\/yoast.com\/wordpress\/plugins\/seo\/ -->\n<title>Restaurants in la Flotte-en-R\u00e9 | Bar, restaurant on the Ile de R\u00e9 | Bar Flotte-en-R\u00e9<\/title>\n<meta name=\"robots\" content=\"noindex, follow, max-snippet:-1, max-image-preview:large, max-video-preview:-1\" \/>\n<meta property=\"og:locale\" content=\"en_US\" \/>\n<meta property=\"og:type\" content=\"article\" \/>\n<meta property=\"og:title\" content=\"Restaurants in la Flotte-en-R\u00e9 | Bar, restaurant on the Ile de R\u00e9 | Bar Flotte-en-R\u00e9\" \/>\n<meta property=\"og:url\" content=\"https:\/\/belair.geek-tonic.dev\/en\/restaurant-in-flotte-en-re\/\" \/>\n<meta property=\"og:site_name\" content=\"Camping Le Belair\" \/>\n<meta property=\"article:modified_time\" content=\"2024-04-16T08:34:01+00:00\" \/>\n<meta property=\"og:image\" content=\"https:\/\/belair.geek-tonic.dev\/wp-content\/uploads\/sites\/15\/2021\/10\/restaurantation-ile-de-re.jpg\" \/>\n\t<meta property=\"og:image:width\" content=\"1901\" \/>\n\t<meta property=\"og:image:height\" content=\"515\" \/>\n\t<meta property=\"og:image:type\" content=\"image\/jpeg\" \/>\n<meta name=\"twitter:card\" content=\"summary_large_image\" \/>\n<meta name=\"twitter:label1\" content=\"Est. reading time\" \/>\n\t<meta name=\"twitter:data1\" content=\"4 minutes\" \/>\n<script type=\"application\/ld+json\" class=\"yoast-schema-graph\">{\"@context\":\"https:\/\/schema.org\",\"@graph\":[{\"@type\":\"WebPage\",\"@id\":\"https:\/\/belair.geek-tonic.dev\/en\/restaurant-in-flotte-en-re\/\",\"url\":\"https:\/\/belair.geek-tonic.dev\/en\/restaurant-in-flotte-en-re\/\",\"name\":\"Restaurants in la Flotte-en-R\u00e9 | Bar, restaurant on the Ile de R\u00e9 | Bar Flotte-en-R\u00e9\",\"isPartOf\":{\"@id\":\"https:\/\/belair.geek-tonic.dev\/en\/#website\"},\"primaryImageOfPage\":{\"@id\":\"https:\/\/belair.geek-tonic.dev\/en\/restaurant-in-flotte-en-re\/#primaryimage\"},\"image\":{\"@id\":\"https:\/\/belair.geek-tonic.dev\/en\/restaurant-in-flotte-en-re\/#primaryimage\"},\"thumbnailUrl\":\"https:\/\/belair.geek-tonic.dev\/wp-content\/uploads\/sites\/15\/2021\/10\/restaurantation-ile-de-re.jpg\",\"datePublished\":\"2021-09-28T12:33:28+00:00\",\"dateModified\":\"2024-04-16T08:34:01+00:00\",\"breadcrumb\":{\"@id\":\"https:\/\/belair.geek-tonic.dev\/en\/restaurant-in-flotte-en-re\/#breadcrumb\"},\"inLanguage\":\"en-US\",\"potentialAction\":[{\"@type\":\"ReadAction\",\"target\":[\"https:\/\/belair.geek-tonic.dev\/en\/restaurant-in-flotte-en-re\/\"]}]},{\"@type\":\"ImageObject\",\"inLanguage\":\"en-US\",\"@id\":\"https:\/\/belair.geek-tonic.dev\/en\/restaurant-in-flotte-en-re\/#primaryimage\",\"url\":\"https:\/\/belair.geek-tonic.dev\/wp-content\/uploads\/sites\/15\/2021\/10\/restaurantation-ile-de-re.jpg\",\"contentUrl\":\"https:\/\/belair.geek-tonic.dev\/wp-content\/uploads\/sites\/15\/2021\/10\/restaurantation-ile-de-re.jpg\",\"width\":1901,\"height\":515,\"caption\":\"restoration ile de re\"},{\"@type\":\"BreadcrumbList\",\"@id\":\"https:\/\/belair.geek-tonic.dev\/en\/restaurant-in-flotte-en-re\/#breadcrumb\",\"itemListElement\":[{\"@type\":\"ListItem\",\"position\":1,\"name\":\"Campsite \u00cele de R\u00e9\",\"item\":\"https:\/\/belair.geek-tonic.dev\/en\/\"},{\"@type\":\"ListItem\",\"position\":2,\"name\":\"Catering in La Flotte-en-R\u00e9\"}]},{\"@type\":\"WebSite\",\"@id\":\"https:\/\/belair.geek-tonic.dev\/en\/#website\",\"url\":\"https:\/\/belair.geek-tonic.dev\/en\/\",\"name\":\"Camping Le Belair\",\"description\":\"\",\"publisher\":{\"@id\":\"https:\/\/belair.geek-tonic.dev\/en\/#organization\"},\"potentialAction\":[{\"@type\":\"SearchAction\",\"target\":{\"@type\":\"EntryPoint\",\"urlTemplate\":\"https:\/\/belair.geek-tonic.dev\/en\/?s={search_term_string}\"},\"query-input\":{\"@type\":\"PropertyValueSpecification\",\"valueRequired\":true,\"valueName\":\"search_term_string\"}}],\"inLanguage\":\"en-US\"},{\"@type\":\"Organization\",\"@id\":\"https:\/\/belair.geek-tonic.dev\/en\/#organization\",\"name\":\"Camping Le Belair\",\"url\":\"https:\/\/belair.geek-tonic.dev\/en\/\",\"logo\":{\"@type\":\"ImageObject\",\"inLanguage\":\"en-US\",\"@id\":\"https:\/\/belair.geek-tonic.dev\/en\/#\/schema\/logo\/image\/\",\"url\":\"https:\/\/belair.geek-tonic.dev\/wp-content\/uploads\/sites\/15\/2024\/09\/cropped-logo-Flower-camping-Le-Bel-Air.png\",\"contentUrl\":\"https:\/\/belair.geek-tonic.dev\/wp-content\/uploads\/sites\/15\/2024\/09\/cropped-logo-Flower-camping-Le-Bel-Air.png\",\"width\":500,\"height\":660,\"caption\":\"Camping Le Belair\"},\"image\":{\"@id\":\"https:\/\/belair.geek-tonic.dev\/en\/#\/schema\/logo\/image\/\"}}]}<\/script>\n<!-- \/ Yoast SEO plugin. -->","yoast_head_json":{"title":"Restaurants in la Flotte-en-R\u00e9 | Bar, restaurant on the Ile de R\u00e9 | Bar Flotte-en-R\u00e9","robots":{"index":"noindex","follow":"follow","max-snippet":"max-snippet:-1","max-image-preview":"max-image-preview:large","max-video-preview":"max-video-preview:-1"},"og_locale":"en_US","og_type":"article","og_title":"Restaurants in la Flotte-en-R\u00e9 | Bar, restaurant on the Ile de R\u00e9 | Bar Flotte-en-R\u00e9","og_url":"https:\/\/belair.geek-tonic.dev\/en\/restaurant-in-flotte-en-re\/","og_site_name":"Camping Le Belair","article_modified_time":"2024-04-16T08:34:01+00:00","og_image":[{"width":1901,"height":515,"url":"https:\/\/belair.geek-tonic.dev\/wp-content\/uploads\/sites\/15\/2021\/10\/restaurantation-ile-de-re.jpg","type":"image\/jpeg"}],"twitter_card":"summary_large_image","twitter_misc":{"Est. reading time":"4 minutes"},"schema":{"@context":"https:\/\/schema.org","@graph":[{"@type":"WebPage","@id":"https:\/\/belair.geek-tonic.dev\/en\/restaurant-in-flotte-en-re\/","url":"https:\/\/belair.geek-tonic.dev\/en\/restaurant-in-flotte-en-re\/","name":"Restaurants in la Flotte-en-R\u00e9 | Bar, restaurant on the Ile de R\u00e9 | Bar Flotte-en-R\u00e9","isPartOf":{"@id":"https:\/\/belair.geek-tonic.dev\/en\/#website"},"primaryImageOfPage":{"@id":"https:\/\/belair.geek-tonic.dev\/en\/restaurant-in-flotte-en-re\/#primaryimage"},"image":{"@id":"https:\/\/belair.geek-tonic.dev\/en\/restaurant-in-flotte-en-re\/#primaryimage"},"thumbnailUrl":"https:\/\/belair.geek-tonic.dev\/wp-content\/uploads\/sites\/15\/2021\/10\/restaurantation-ile-de-re.jpg","datePublished":"2021-09-28T12:33:28+00:00","dateModified":"2024-04-16T08:34:01+00:00","breadcrumb":{"@id":"https:\/\/belair.geek-tonic.dev\/en\/restaurant-in-flotte-en-re\/#breadcrumb"},"inLanguage":"en-US","potentialAction":[{"@type":"ReadAction","target":["https:\/\/belair.geek-tonic.dev\/en\/restaurant-in-flotte-en-re\/"]}]},{"@type":"ImageObject","inLanguage":"en-US","@id":"https:\/\/belair.geek-tonic.dev\/en\/restaurant-in-flotte-en-re\/#primaryimage","url":"https:\/\/belair.geek-tonic.dev\/wp-content\/uploads\/sites\/15\/2021\/10\/restaurantation-ile-de-re.jpg","contentUrl":"https:\/\/belair.geek-tonic.dev\/wp-content\/uploads\/sites\/15\/2021\/10\/restaurantation-ile-de-re.jpg","width":1901,"height":515,"caption":"restoration ile de re"},{"@type":"BreadcrumbList","@id":"https:\/\/belair.geek-tonic.dev\/en\/restaurant-in-flotte-en-re\/#breadcrumb","itemListElement":[{"@type":"ListItem","position":1,"name":"Campsite \u00cele de R\u00e9","item":"https:\/\/belair.geek-tonic.dev\/en\/"},{"@type":"ListItem","position":2,"name":"Catering in La Flotte-en-R\u00e9"}]},{"@type":"WebSite","@id":"https:\/\/belair.geek-tonic.dev\/en\/#website","url":"https:\/\/belair.geek-tonic.dev\/en\/","name":"Camping Le Belair","description":"","publisher":{"@id":"https:\/\/belair.geek-tonic.dev\/en\/#organization"},"potentialAction":[{"@type":"SearchAction","target":{"@type":"EntryPoint","urlTemplate":"https:\/\/belair.geek-tonic.dev\/en\/?s={search_term_string}"},"query-input":{"@type":"PropertyValueSpecification","valueRequired":true,"valueName":"search_term_string"}}],"inLanguage":"en-US"},{"@type":"Organization","@id":"https:\/\/belair.geek-tonic.dev\/en\/#organization","name":"Camping Le Belair","url":"https:\/\/belair.geek-tonic.dev\/en\/","logo":{"@type":"ImageObject","inLanguage":"en-US","@id":"https:\/\/belair.geek-tonic.dev\/en\/#\/schema\/logo\/image\/","url":"https:\/\/belair.geek-tonic.dev\/wp-content\/uploads\/sites\/15\/2024\/09\/cropped-logo-Flower-camping-Le-Bel-Air.png","contentUrl":"https:\/\/belair.geek-tonic.dev\/wp-content\/uploads\/sites\/15\/2024\/09\/cropped-logo-Flower-camping-Le-Bel-Air.png","width":500,"height":660,"caption":"Camping Le Belair"},"image":{"@id":"https:\/\/belair.geek-tonic.dev\/en\/#\/schema\/logo\/image\/"}}]}},"_links":{"self":[{"href":"https:\/\/belair.geek-tonic.dev\/en\/wp-json\/wp\/v2\/pages\/6879","targetHints":{"allow":["GET"]}}],"collection":[{"href":"https:\/\/belair.geek-tonic.dev\/en\/wp-json\/wp\/v2\/pages"}],"about":[{"href":"https:\/\/belair.geek-tonic.dev\/en\/wp-json\/wp\/v2\/types\/page"}],"author":[{"embeddable":true,"href":"https:\/\/belair.geek-tonic.dev\/en\/wp-json\/wp\/v2\/users\/1"}],"replies":[{"embeddable":true,"href":"https:\/\/belair.geek-tonic.dev\/en\/wp-json\/wp\/v2\/comments?post=6879"}],"version-history":[{"count":0,"href":"https:\/\/belair.geek-tonic.dev\/en\/wp-json\/wp\/v2\/pages\/6879\/revisions"}],"wp:featuredmedia":[{"embeddable":true,"href":"https:\/\/belair.geek-tonic.dev\/en\/wp-json\/wp\/v2\/media\/882"}],"wp:attachment":[{"href":"https:\/\/belair.geek-tonic.dev\/en\/wp-json\/wp\/v2\/media?parent=6879"}],"wp:term":[{"taxonomy":"sujet","embeddable":true,"href":"https:\/\/belair.geek-tonic.dev\/en\/wp-json\/wp\/v2\/sujet?post=6879"}],"curies":[{"name":"wp","href":"https:\/\/api.w.org\/{rel}","templated":true}]}}