{"id":49100,"date":"2021-09-28T14:35:04","date_gmt":"2021-09-28T12:35:04","guid":{"rendered":"https:\/\/www.belair.geek-tonic.dev\/contact-acces\/"},"modified":"2024-04-16T10:29:36","modified_gmt":"2024-04-16T08:29:36","slug":"contact-toegang","status":"publish","type":"page","link":"https:\/\/belair.geek-tonic.dev\/nl\/contact-toegang\/","title":{"rendered":"Informatie en contact"},"content":{"rendered":"<section id=\"ls-section-block_c7ecbb53ea7c52e2d1134c597b5ab93c\" class=\"ls-section  page-one has-background has-color-4-background-color has-m-t m-t-0 has-m-b m-b-0 has-p-t p-t-14 has-p-b p-b-14\" >\r\n        <div class=\"container container--wide\">\r\n        \n\n<div class=\"wp-block-columns are-vertically-aligned-top is-layout-flex wp-container-core-columns-is-layout-1 wp-block-columns-is-layout-flex\">\n<div class=\"wp-block-column is-vertically-aligned-top first animated fadeInLeft delay-100ms slow is-layout-flow wp-block-column-is-layout-flow\">\n<h1 class=\"ls__heading wp-block-heading has-text-align-left ls__heading-undefined post__heading-undefined color1\" id=\"contact-et-acces\">Contact en toegang<\/h1>\n\n\n\n<h2 class=\"ls__heading wp-block-heading ls__heading-undefined post__heading-undefined color1\" id=\"nous-contacter\">Contacteer ons<\/h2>\n\n\n\n<p class=\"ls-paragraph ls__paragraph\">Camille en haar receptie helpen je het hele jaar door telefonisch op de hotline van de camping: +33 (0)5 46 09 63 10, elke dag van 8.30 tot 19.00 uur. Als de camping gesloten is, is de telefooncentrale bemand van 9.00 tot 12.00 uur en van 14.00 tot 17.00 uur, van maandag tot vrijdag. Als je niet beschikbaar bent, laat dan een bericht achter op ons antwoordapparaat. Ons team doet er alles aan om je zo snel mogelijk een antwoord te geven.<\/p>\n\n\n\n<p class=\"ls-paragraph ls__paragraph\">U kunt ons ook een schriftelijk verzoek sturen per e-mail naar <a href=\"mailto:camping.bel-air@flowercampings.com\">camping.bel-air@flowercampings.com<\/a> of door dit formulier in te vullen. We doen ons uiterste best om zo snel mogelijk contact met je op te nemen.  <\/p>\n\n\n\n<p class=\"ls-paragraph ls__paragraph\">Je kunt ook contact met ons opnemen via sociale netwerken en we nodigen je uit om ons nieuws te volgen op Instagram en Facebook.<\/p>\n<\/div>\n\n\n\n<div class=\"wp-block-column is-vertically-aligned-top second animated fadeInRight slow is-layout-flow wp-block-column-is-layout-flow\">\n<div class=\"wpcf7 no-js\" id=\"wpcf7-f842040-o1\" lang=\"nl-NL\" dir=\"ltr\" data-wpcf7-id=\"842040\">\n<div class=\"screen-reader-response\"><p role=\"status\" aria-live=\"polite\" aria-atomic=\"true\"><\/p> <ul><\/ul><\/div>\n<form action=\"\/nl\/wp-json\/wp\/v2\/pages\/49100#wpcf7-f842040-o1\" method=\"post\" class=\"wpcf7-form init\" aria-label=\"Contactformulier\" novalidate=\"novalidate\" data-status=\"init\">\n<div style=\"display: none;\">\n<input type=\"hidden\" name=\"_wpcf7\" value=\"842040\" \/>\n<input type=\"hidden\" name=\"_wpcf7_version\" value=\"6.0\" \/>\n<input type=\"hidden\" name=\"_wpcf7_locale\" value=\"nl_NL\" \/>\n<input type=\"hidden\" name=\"_wpcf7_unit_tag\" value=\"wpcf7-f842040-o1\" \/>\n<input type=\"hidden\" name=\"_wpcf7_container_post\" value=\"0\" \/>\n<input type=\"hidden\" name=\"_wpcf7_posted_data_hash\" value=\"\" \/>\n<input type=\"hidden\" name=\"_wpcf7_recaptcha_response\" value=\"\" \/>\n<\/div>\n<p><label> Uw naam<br \/>\n<span class=\"wpcf7-form-control-wrap\" data-name=\"your-name\"><input size=\"40\" maxlength=\"400\" class=\"wpcf7-form-control wpcf7-text wpcf7-validates-as-required\" autocomplete=\"name\" aria-required=\"true\" aria-invalid=\"false\" value=\"\" type=\"text\" name=\"your-name\" \/><\/span> <\/label>\n<\/p>\n<p><label> Uw e-mail<br \/>\n<span class=\"wpcf7-form-control-wrap\" data-name=\"your-email\"><input size=\"40\" maxlength=\"400\" class=\"wpcf7-form-control wpcf7-email wpcf7-validates-as-required wpcf7-text wpcf7-validates-as-email\" autocomplete=\"email\" aria-required=\"true\" aria-invalid=\"false\" value=\"\" type=\"email\" name=\"your-email\" \/><\/span> <\/label>\n<\/p>\n<p><label> Object<br \/>\n<span class=\"wpcf7-form-control-wrap\" data-name=\"your-subject\"><input size=\"40\" maxlength=\"400\" class=\"wpcf7-form-control wpcf7-text wpcf7-validates-as-required\" aria-required=\"true\" aria-invalid=\"false\" value=\"\" type=\"text\" name=\"your-subject\" \/><\/span> <\/label>\n<\/p>\n<p><label> Uw bericht<br \/>\n<span class=\"wpcf7-form-control-wrap\" data-name=\"your-message\"><textarea cols=\"40\" rows=\"10\" maxlength=\"2000\" class=\"wpcf7-form-control wpcf7-textarea\" aria-invalid=\"false\" name=\"your-message\"><\/textarea><\/span> <\/label>\n<\/p>\n<p><span class=\"wpcf7-form-control-wrap\" data-name=\"acceptance-746\"><span class=\"wpcf7-form-control wpcf7-acceptance\"><span class=\"wpcf7-list-item\"><label><input type=\"checkbox\" name=\"acceptance-746\" value=\"1\" aria-invalid=\"false\" \/><span class=\"wpcf7-list-item-label\">Door dit vakje aan te vinken, accepteer ik het <a href=\"\/privacy-beleid\/\" rel=\"nofollow\" target=\"_blank\">Privacybeleid<\/a> van deze site.<\/span><\/label><\/span><\/span><\/span>\n<\/p>\n<p><input class=\"wpcf7-form-control wpcf7-submit has-spinner\" type=\"submit\" value=\"Stuur\" \/>\n<\/p><input type='hidden' class='wpcf7-pum' value='{\"closepopup\":false,\"closedelay\":0,\"openpopup\":false,\"openpopup_id\":0}' \/><div class=\"wpcf7-response-output\" aria-hidden=\"true\"><\/div>\n<\/form>\n<\/div>\n\n<\/div>\n<\/div>\n\n\r\n    <\/div>\r\n<\/section><section id=\"ls-section-block_2f06400f027e26f56c9d1e0e72dfea3b\" class=\"ls-section \" >\r\n        <div class=\"container container--full\">\r\n        \n\n<div class=\"wp-block-columns is-layout-flex wp-container-core-columns-is-layout-2 wp-block-columns-is-layout-flex\">\n<div class=\"wp-block-column is-vertically-aligned-center first animated fadeInLeft delay-100ms slow is-layout-flow wp-block-column-is-layout-flow\" style=\"flex-basis:50%\">\n<iframe src=\"https:\/\/www.google.com\/maps\/embed?pb=!1m18!1m12!1m3!1d108254.82478265058!2d-1.3332623513434672!3d46.155961843771124!2m3!1f0!2f0!3f0!3m2!1i1024!2i768!4f13.1!3m3!1m2!1s0x4803ff387e88916d%3A0x83c44e57e52deb6f!2sFlower%20Camping%20Le%20Bel%20Air!5e0!3m2!1sfr!2sfr!4v1634113658481!5m2!1sfr!2sfr\" width=\"100%\" height=\"500\" style=\"border:0;\" allowfullscreen=\"\" loading=\"lazy\"><\/iframe>\n<\/div>\n\n\n\n<div class=\"wp-block-column second animated fadeInRight slow is-layout-flow wp-block-column-is-layout-flow\" style=\"flex-basis:50%\">\n<h2 class=\"ls__heading wp-block-heading ls__heading-undefined post__heading-undefined color1\" id=\"veniraucamping\">Naar de camping komen<\/h2>\n\n\n\n<p class=\"ls-paragraph ls__paragraph\">L&#8217;\u00cele de R\u00e9 ligt tegenover La Rochelle en is met het vasteland verbonden door een 3 km lange brug die toegankelijk is voor alle soorten voertuigen.<\/p>\n\n\n\n<p class=\"ls-paragraph ls__paragraph\">Voer ons adres in je GPS in:<\/p>\n\n\n\n<ul class=\"ls-list wp-block-list\">\n<li>5 route de la Noue<\/li>\n\n\n\n<li>17630 la Flotte-en-R\u00e9<\/li>\n<\/ul>\n\n\n\n<p class=\"ls-paragraph ls__paragraph\">Of onze GPS-co\u00f6rdinaten:  <\/p>\n\n\n\n<ul class=\"ls-list wp-block-list\">\n<li>N 46\u00b0 10&#8242; 55.335&#8221;<\/li>\n\n\n\n<li>O 1\u00b0 19&#8242; 52.998&#8242;<\/li>\n<\/ul>\n\n\n\n<p class=\"ls-paragraph ls__paragraph\">Rijd via de snelwegen richting La Rochelle en bereik de ringweg N237. Volg de borden naar \u00cele de R\u00e9 en neem de afslag \u00cele de R\u00e9. Neem de tol voor de brug en rijd de 3 km over de brug. Ga bij de eerste rotonde rechtdoor. Neem op de rotonde de afslag richting Ste Marie de R\u00e9. Volg dan de borden naar La Flotte en R\u00e9 en <a href=\"https:\/\/nl.bel-air-camping.com\/\">Camping le Bel<\/a> Air. Onze camping ligt aan de rechterkant, voorbij een houten sportcomplex.<\/p>\n<\/div>\n<\/div>\n\n\r\n    <\/div>\r\n<\/section><section id=\"ls-section-block_854a8957f022bc007727c1c7e47fc05d\" class=\"ls-section  page-one aventure has-background has-color-4-background-color\" >\r\n        <div class=\"container container--wide\">\r\n        \n\n<div class=\"wp-block-columns is-layout-flex wp-container-core-columns-is-layout-3 wp-block-columns-is-layout-flex\">\n<div class=\"wp-block-column is-vertically-aligned-center first animated fadeInLeft delay-100ms slow is-layout-flow wp-block-column-is-layout-flow\">\n<h2 class=\"ls__heading wp-block-heading has-text-align-left ls__heading-undefined post__heading-undefined color1\" id=\"infos-pratiques\">Praktische informatie<\/h2>\n\n\n\n<p class=\"ls-paragraph ls__paragraph\">De camping is verspreid over 4,39 hectare en heeft in totaal 205 plaatsen: 95 huurplaatsen en 110 kale plaatsen. Deze hoeveelheden kunnen zonder voorafgaande kennisgeving worden gewijzigd.  <\/p>\n\n\n\n<p class=\"ls-paragraph ls__paragraph\">Onze camping is toegankelijk voor mensen met beperkte mobiliteit en beschikt over speciale ruimtes. Ga voor meer informatie naar onze speciale pagina.<\/p>\n\n\n\n<p class=\"ls-paragraph ls__paragraph\">Ons receptieteam spreekt Frans, Engels en Spaans.<\/p>\n\n\n\n<p class=\"ls-paragraph ls__paragraph\">Onze viervoeters zijn onder bepaalde voorwaarden welkom. Neem voor meer informatie contact met ons op.<\/p>\n<\/div>\n\n\n\n<div class=\"wp-block-column second animated fadeInRight slow is-layout-flow wp-block-column-is-layout-flow\">\n<figure class=\"wp-block-image size-large\"><img decoding=\"async\" width=\"1024\" height=\"683\" src=\"https:\/\/www.belair.geek-tonic.dev\/wp-content\/uploads\/sites\/15\/2022\/03\/camping-bel-air-repos-1024x683.jpg\" alt=\"camping bel air repos\" class=\"wp-image-345492\" srcset=\"https:\/\/belair.geek-tonic.dev\/wp-content\/uploads\/sites\/15\/2022\/03\/camping-bel-air-repos-1024x683.jpg 1024w, https:\/\/belair.geek-tonic.dev\/wp-content\/uploads\/sites\/15\/2022\/03\/camping-bel-air-repos-300x200.jpg 300w, https:\/\/belair.geek-tonic.dev\/wp-content\/uploads\/sites\/15\/2022\/03\/camping-bel-air-repos-768x512.jpg 768w, https:\/\/belair.geek-tonic.dev\/wp-content\/uploads\/sites\/15\/2022\/03\/camping-bel-air-repos.jpg 1200w\" sizes=\"(max-width: 1024px) 100vw, 1024px\" \/><\/figure>\n<\/div>\n<\/div>\n\n\r\n    <\/div>\r\n<\/section><section id=\"ls-section-block_a04ee280258ed956945aa8ca74cfc8e5\" class=\"ls-section  has-background has-color-white-background-color\" >\r\n        <div class=\"container container--wide\">\r\n        \n\n<div class=\"wp-block-columns is-layout-flex wp-container-core-columns-is-layout-4 wp-block-columns-is-layout-flex\">\n<div class=\"wp-block-column first animated fadeInLeft delay-100ms slow is-layout-flow wp-block-column-is-layout-flow\">\n<div id=\"ls-heading ls-titre-div-block_918f057671e088fe39fbb4fe7b5b76e3\" class=\"ls-titre-div h3-like\" >\n    Openingstijden van de camping en diensten<\/div>\n\n\n\n<p class=\"ls-paragraph ls__paragraph\">Onze camping verwelkomt je in 2024 van april tot en met september, en meer precies van 29 maart tot 29 september, net als de volgende diensten: receptie, kruidenierswinkel, sanitair, tennisbanen, speeltuinen, fietsverhuur, plancha&#8217;s, lakens en handdoeken. Het zwembad is geopend van 1 mei tot sluitingstijd van de camping. In het restaurant zal het nieuwe team je van 15 april tot 29 september 2024 verwelkomen.<\/p>\n\n\n\n<p class=\"ls-paragraph ls__paragraph\">De receptie is het hele seizoen geopend op de volgende tijden (ter informatie, onder voorbehoud van wijzigingen):<\/p>\n\n\n\n<ul class=\"ls-list wp-block-list\">\n<li>April, mei, juni, september: 9.00 tot 12.00 uur \/ 14.00 tot 18.30 uur<\/li>\n\n\n\n<li>Juli en augustus: 8u tot 20u  <\/li>\n<\/ul>\n\n\n\n<div class=\"ls-lire-plus\">\n    <input id=\"ls-lire-plus-block_11d2c89623530ae56f5522a4c88b1eb769e6297131d06\" type=\"checkbox\" class=\"ls-lire-plus__toggle\"  \/>\n    <label for=\"ls-lire-plus-block_11d2c89623530ae56f5522a4c88b1eb769e6297131d06\" class=\"ls-lire-plus__toggle-label\">\n        <span>Lire plus<\/span>\n        <span>Lire moins<\/span>\n    <\/label>\n    <div class=\"ls-lire-plus__content\">\n        \n\n<p class=\"ls-paragraph ls__paragraph\">Ben je van plan om na deze tijden aan te komen? Onze camping heeft aan alles gedacht! Laat de receptie je aankomsttijd weten en wij zorgen voor een envelop met een plattegrond, badge en sleutel van je kampeerplaats of huuraccommodatie.<\/p>\n\n\n\n<p class=\"ls-paragraph ls__paragraph\">Aankomst- en vertrektijden zijn als volgt:<\/p>\n\n\n\n<p class=\"ls-paragraph ls__paragraph\">Aankomsten<\/p>\n\n\n\n<ul class=\"ls-list wp-block-list\">\n<li>Na 14.00 uur voor staanplaatsen<\/li>\n\n\n\n<li>Na 16.00 uur voor verhuur<\/li>\n<\/ul>\n\n\n\n<p class=\"ls-paragraph ls__paragraph\">Vertrekken<\/p>\n\n\n\n<ul class=\"ls-list wp-block-list\">\n<li>Voor 12 uur voor staanplaatsen<\/li>\n\n\n\n<li>Voor 10.00 uur voor verhuur<\/li>\n<\/ul>\n\n\n\n<p class=\"ls-paragraph ls__paragraph\">Onze evenementen vinden plaats in de zomer, van 8 juli tot 26 augustus. Lees alles over onze evenementen op de speciale pagina.<\/p>\n\n        <div class=\"ls-lire-plus__gradient\" style=\"background: linear-gradient(to bottom,rgba(255,255,255,0) 0%,rgba(255,255,255,1) 100%);\"><\/div>\n    <\/div>\n<\/div><\/div>\n\n\n\n<div class=\"wp-block-column second animated fadeInRight slow is-layout-flow wp-block-column-is-layout-flow\">\n<div id=\"ls-heading ls-titre-div-block_ce111e32157bb0e1beae549c58680aa6\" class=\"ls-titre-div h3-like\" >\n    Veiligheid en borg<\/div>\n\n\n\n<p class=\"ls-paragraph ls__paragraph\">Voor ieders veiligheid en gemoedsrust wordt onze toegangspoort geactiveerd met een badge van 7 uur &#8217;s ochtends tot 11 uur &#8217;s avonds en &#8217;s nachts gesloten. Verschillende parkeerplaatsen tegenover de camping en links van de ingang zijn beschikbaar om buiten deze tijden te parkeren. De camping is altijd toegankelijk voor voetgangers en fietsers, aan de linkerkant van het hek.<\/p>\n\n\n\n<p class=\"ls-paragraph ls__paragraph\">In de zomer wordt de camping bewaakt door een nachtwaker. Hij zorgt ervoor dat de stilte binnen het etablissement wordt bewaard en dat de interne regels van Bel Air worden nageleefd. Als je echter getuige bent van een incident, krijg je een noodnummer waarmee je in geval van nood contact kunt opnemen met het management van de camping.<\/p>\n\n\n\n<div class=\"ls-lire-plus\">\n    <input id=\"ls-lire-plus-block_11d2c89623530ae56f5522a4c88b1eb769e6297134deb\" type=\"checkbox\" class=\"ls-lire-plus__toggle\"  \/>\n    <label for=\"ls-lire-plus-block_11d2c89623530ae56f5522a4c88b1eb769e6297134deb\" class=\"ls-lire-plus__toggle-label\">\n        <span>Lire plus<\/span>\n        <span>Lire moins<\/span>\n    <\/label>\n    <div class=\"ls-lire-plus__content\">\n        \n\n<p class=\"ls-paragraph ls__paragraph\">Onze camping vraagt een borg van \u20ac20 voor kampeerplaatsen en \u20ac300 voor huuraccommodaties. Klik hier voor meer informatie over onze receptie.<\/p>\n\n\n\n<p class=\"ls-paragraph ls__paragraph\">Ons team voert een systematische controle uit aan het einde van je huurperiode. Bij de receptie is een schema van uitchecken beschikbaar, zodat je je met een gerust hart kunt voorbereiden op het einde van je verblijf. We voeren geen initi\u00eble inspecties uit.<\/p>\n\n\n\n<p class=\"ls-paragraph ls__paragraph\">Download onze algemene verkoopvoorwaarden en alle andere documenten die u helpen bij de voorbereiding van uw verblijf of onze <a href=\"https:\/\/www.flowercampings.com\/page\/application-mobile\" target=\"_blank\" rel=\"noreferrer noopener\">My Flower applicatie<\/a>.<\/p>\n\n\n\n<p class=\"ls-paragraph ls__paragraph\">Boek je verblijf op een van onze staanplaatsen of in een van onze huuraccommodaties en profiteer van onze speciale aanbiedingen voor vakanties tegen lage prijzen.<\/p>\n\n        <div class=\"ls-lire-plus__gradient\" style=\"background: linear-gradient(to bottom,rgba(255,255,255,0) 0%,rgba(255,255,255,1) 100%);\"><\/div>\n    <\/div>\n<\/div><\/div>\n<\/div>\n\n\r\n    <\/div>\r\n<\/section>","protected":false},"excerpt":{"rendered":"","protected":false},"author":1,"featured_media":1254,"parent":0,"menu_order":0,"comment_status":"closed","ping_status":"closed","template":"","meta":{"_acf_changed":false,"footnotes":""},"sujet":[],"class_list":["post-49100","page","type-page","status-publish","has-post-thumbnail","hentry"],"acf":[],"yoast_head":"<!-- This site is optimized with the Yoast SEO plugin v23.9 - https:\/\/yoast.com\/wordpress\/plugins\/seo\/ -->\n<title>Contact, toegang camping Bel Air | Routebeschrijving en contact camping Flotte-en-R\u00e9<\/title>\n<meta name=\"robots\" content=\"noindex, follow, max-snippet:-1, max-image-preview:large, max-video-preview:-1\" \/>\n<meta property=\"og:locale\" content=\"nl_NL\" \/>\n<meta property=\"og:type\" content=\"article\" \/>\n<meta property=\"og:title\" content=\"Contact, toegang camping Bel Air | Routebeschrijving en contact camping Flotte-en-R\u00e9\" \/>\n<meta property=\"og:url\" content=\"https:\/\/belair.geek-tonic.dev\/nl\/contact-toegang\/\" \/>\n<meta property=\"og:site_name\" content=\"Camping Le Belair\" \/>\n<meta property=\"article:modified_time\" content=\"2024-04-16T08:29:36+00:00\" \/>\n<meta property=\"og:image\" content=\"https:\/\/belair.geek-tonic.dev\/wp-content\/uploads\/sites\/15\/2021\/10\/camping-flotte-en-re.jpg\" \/>\n\t<meta property=\"og:image:width\" content=\"1904\" \/>\n\t<meta property=\"og:image:height\" content=\"515\" \/>\n\t<meta property=\"og:image:type\" content=\"image\/jpeg\" \/>\n<meta name=\"twitter:card\" content=\"summary_large_image\" \/>\n<meta name=\"twitter:label1\" content=\"Geschatte leestijd\" \/>\n\t<meta name=\"twitter:data1\" content=\"5 minuten\" \/>\n<script type=\"application\/ld+json\" class=\"yoast-schema-graph\">{\"@context\":\"https:\/\/schema.org\",\"@graph\":[{\"@type\":\"WebPage\",\"@id\":\"https:\/\/belair.geek-tonic.dev\/nl\/contact-toegang\/\",\"url\":\"https:\/\/belair.geek-tonic.dev\/nl\/contact-toegang\/\",\"name\":\"Contact, toegang camping Bel Air | Routebeschrijving en contact camping Flotte-en-R\u00e9\",\"isPartOf\":{\"@id\":\"https:\/\/belair.geek-tonic.dev\/nl\/#website\"},\"primaryImageOfPage\":{\"@id\":\"https:\/\/belair.geek-tonic.dev\/nl\/contact-toegang\/#primaryimage\"},\"image\":{\"@id\":\"https:\/\/belair.geek-tonic.dev\/nl\/contact-toegang\/#primaryimage\"},\"thumbnailUrl\":\"https:\/\/belair.geek-tonic.dev\/wp-content\/uploads\/sites\/15\/2021\/10\/camping-flotte-en-re.jpg\",\"datePublished\":\"2021-09-28T12:35:04+00:00\",\"dateModified\":\"2024-04-16T08:29:36+00:00\",\"breadcrumb\":{\"@id\":\"https:\/\/belair.geek-tonic.dev\/nl\/contact-toegang\/#breadcrumb\"},\"inLanguage\":\"nl-NL\",\"potentialAction\":[{\"@type\":\"ReadAction\",\"target\":[\"https:\/\/belair.geek-tonic.dev\/nl\/contact-toegang\/\"]}]},{\"@type\":\"ImageObject\",\"inLanguage\":\"nl-NL\",\"@id\":\"https:\/\/belair.geek-tonic.dev\/nl\/contact-toegang\/#primaryimage\",\"url\":\"https:\/\/belair.geek-tonic.dev\/wp-content\/uploads\/sites\/15\/2021\/10\/camping-flotte-en-re.jpg\",\"contentUrl\":\"https:\/\/belair.geek-tonic.dev\/wp-content\/uploads\/sites\/15\/2021\/10\/camping-flotte-en-re.jpg\",\"width\":1904,\"height\":515,\"caption\":\"kampeervloot in re\"},{\"@type\":\"BreadcrumbList\",\"@id\":\"https:\/\/belair.geek-tonic.dev\/nl\/contact-toegang\/#breadcrumb\",\"itemListElement\":[{\"@type\":\"ListItem\",\"position\":1,\"name\":\"Kamperen \u00cele de R\u00e9\",\"item\":\"https:\/\/belair.geek-tonic.dev\/nl\/\"},{\"@type\":\"ListItem\",\"position\":2,\"name\":\"Contact, routebeschrijving\"}]},{\"@type\":\"WebSite\",\"@id\":\"https:\/\/belair.geek-tonic.dev\/nl\/#website\",\"url\":\"https:\/\/belair.geek-tonic.dev\/nl\/\",\"name\":\"Camping Le Belair\",\"description\":\"\",\"publisher\":{\"@id\":\"https:\/\/belair.geek-tonic.dev\/nl\/#organization\"},\"potentialAction\":[{\"@type\":\"SearchAction\",\"target\":{\"@type\":\"EntryPoint\",\"urlTemplate\":\"https:\/\/belair.geek-tonic.dev\/nl\/?s={search_term_string}\"},\"query-input\":{\"@type\":\"PropertyValueSpecification\",\"valueRequired\":true,\"valueName\":\"search_term_string\"}}],\"inLanguage\":\"nl-NL\"},{\"@type\":\"Organization\",\"@id\":\"https:\/\/belair.geek-tonic.dev\/nl\/#organization\",\"name\":\"Camping Le Belair\",\"url\":\"https:\/\/belair.geek-tonic.dev\/nl\/\",\"logo\":{\"@type\":\"ImageObject\",\"inLanguage\":\"nl-NL\",\"@id\":\"https:\/\/belair.geek-tonic.dev\/nl\/#\/schema\/logo\/image\/\",\"url\":\"https:\/\/belair.geek-tonic.dev\/wp-content\/uploads\/sites\/15\/2024\/09\/cropped-logo-Flower-camping-Le-Bel-Air.png\",\"contentUrl\":\"https:\/\/belair.geek-tonic.dev\/wp-content\/uploads\/sites\/15\/2024\/09\/cropped-logo-Flower-camping-Le-Bel-Air.png\",\"width\":500,\"height\":660,\"caption\":\"Camping Le Belair\"},\"image\":{\"@id\":\"https:\/\/belair.geek-tonic.dev\/nl\/#\/schema\/logo\/image\/\"}}]}<\/script>\n<!-- \/ Yoast SEO plugin. -->","yoast_head_json":{"title":"Contact, toegang camping Bel Air | Routebeschrijving en contact camping Flotte-en-R\u00e9","robots":{"index":"noindex","follow":"follow","max-snippet":"max-snippet:-1","max-image-preview":"max-image-preview:large","max-video-preview":"max-video-preview:-1"},"og_locale":"nl_NL","og_type":"article","og_title":"Contact, toegang camping Bel Air | Routebeschrijving en contact camping Flotte-en-R\u00e9","og_url":"https:\/\/belair.geek-tonic.dev\/nl\/contact-toegang\/","og_site_name":"Camping Le Belair","article_modified_time":"2024-04-16T08:29:36+00:00","og_image":[{"width":1904,"height":515,"url":"https:\/\/belair.geek-tonic.dev\/wp-content\/uploads\/sites\/15\/2021\/10\/camping-flotte-en-re.jpg","type":"image\/jpeg"}],"twitter_card":"summary_large_image","twitter_misc":{"Geschatte leestijd":"5 minuten"},"schema":{"@context":"https:\/\/schema.org","@graph":[{"@type":"WebPage","@id":"https:\/\/belair.geek-tonic.dev\/nl\/contact-toegang\/","url":"https:\/\/belair.geek-tonic.dev\/nl\/contact-toegang\/","name":"Contact, toegang camping Bel Air | Routebeschrijving en contact camping Flotte-en-R\u00e9","isPartOf":{"@id":"https:\/\/belair.geek-tonic.dev\/nl\/#website"},"primaryImageOfPage":{"@id":"https:\/\/belair.geek-tonic.dev\/nl\/contact-toegang\/#primaryimage"},"image":{"@id":"https:\/\/belair.geek-tonic.dev\/nl\/contact-toegang\/#primaryimage"},"thumbnailUrl":"https:\/\/belair.geek-tonic.dev\/wp-content\/uploads\/sites\/15\/2021\/10\/camping-flotte-en-re.jpg","datePublished":"2021-09-28T12:35:04+00:00","dateModified":"2024-04-16T08:29:36+00:00","breadcrumb":{"@id":"https:\/\/belair.geek-tonic.dev\/nl\/contact-toegang\/#breadcrumb"},"inLanguage":"nl-NL","potentialAction":[{"@type":"ReadAction","target":["https:\/\/belair.geek-tonic.dev\/nl\/contact-toegang\/"]}]},{"@type":"ImageObject","inLanguage":"nl-NL","@id":"https:\/\/belair.geek-tonic.dev\/nl\/contact-toegang\/#primaryimage","url":"https:\/\/belair.geek-tonic.dev\/wp-content\/uploads\/sites\/15\/2021\/10\/camping-flotte-en-re.jpg","contentUrl":"https:\/\/belair.geek-tonic.dev\/wp-content\/uploads\/sites\/15\/2021\/10\/camping-flotte-en-re.jpg","width":1904,"height":515,"caption":"kampeervloot in re"},{"@type":"BreadcrumbList","@id":"https:\/\/belair.geek-tonic.dev\/nl\/contact-toegang\/#breadcrumb","itemListElement":[{"@type":"ListItem","position":1,"name":"Kamperen \u00cele de R\u00e9","item":"https:\/\/belair.geek-tonic.dev\/nl\/"},{"@type":"ListItem","position":2,"name":"Contact, routebeschrijving"}]},{"@type":"WebSite","@id":"https:\/\/belair.geek-tonic.dev\/nl\/#website","url":"https:\/\/belair.geek-tonic.dev\/nl\/","name":"Camping Le Belair","description":"","publisher":{"@id":"https:\/\/belair.geek-tonic.dev\/nl\/#organization"},"potentialAction":[{"@type":"SearchAction","target":{"@type":"EntryPoint","urlTemplate":"https:\/\/belair.geek-tonic.dev\/nl\/?s={search_term_string}"},"query-input":{"@type":"PropertyValueSpecification","valueRequired":true,"valueName":"search_term_string"}}],"inLanguage":"nl-NL"},{"@type":"Organization","@id":"https:\/\/belair.geek-tonic.dev\/nl\/#organization","name":"Camping Le Belair","url":"https:\/\/belair.geek-tonic.dev\/nl\/","logo":{"@type":"ImageObject","inLanguage":"nl-NL","@id":"https:\/\/belair.geek-tonic.dev\/nl\/#\/schema\/logo\/image\/","url":"https:\/\/belair.geek-tonic.dev\/wp-content\/uploads\/sites\/15\/2024\/09\/cropped-logo-Flower-camping-Le-Bel-Air.png","contentUrl":"https:\/\/belair.geek-tonic.dev\/wp-content\/uploads\/sites\/15\/2024\/09\/cropped-logo-Flower-camping-Le-Bel-Air.png","width":500,"height":660,"caption":"Camping Le Belair"},"image":{"@id":"https:\/\/belair.geek-tonic.dev\/nl\/#\/schema\/logo\/image\/"}}]}},"_links":{"self":[{"href":"https:\/\/belair.geek-tonic.dev\/nl\/wp-json\/wp\/v2\/pages\/49100","targetHints":{"allow":["GET"]}}],"collection":[{"href":"https:\/\/belair.geek-tonic.dev\/nl\/wp-json\/wp\/v2\/pages"}],"about":[{"href":"https:\/\/belair.geek-tonic.dev\/nl\/wp-json\/wp\/v2\/types\/page"}],"author":[{"embeddable":true,"href":"https:\/\/belair.geek-tonic.dev\/nl\/wp-json\/wp\/v2\/users\/1"}],"replies":[{"embeddable":true,"href":"https:\/\/belair.geek-tonic.dev\/nl\/wp-json\/wp\/v2\/comments?post=49100"}],"version-history":[{"count":0,"href":"https:\/\/belair.geek-tonic.dev\/nl\/wp-json\/wp\/v2\/pages\/49100\/revisions"}],"wp:featuredmedia":[{"embeddable":true,"href":"https:\/\/belair.geek-tonic.dev\/nl\/wp-json\/wp\/v2\/media\/1254"}],"wp:attachment":[{"href":"https:\/\/belair.geek-tonic.dev\/nl\/wp-json\/wp\/v2\/media?parent=49100"}],"wp:term":[{"taxonomy":"sujet","embeddable":true,"href":"https:\/\/belair.geek-tonic.dev\/nl\/wp-json\/wp\/v2\/sujet?post=49100"}],"curies":[{"name":"wp","href":"https:\/\/api.w.org\/{rel}","templated":true}]}}