{"id":6910,"date":"2021-09-28T14:33:28","date_gmt":"2021-09-28T12:33:28","guid":{"rendered":"https:\/\/www.belair.geek-tonic.dev\/restaurant-flotte-en-re\/"},"modified":"2024-04-16T10:34:01","modified_gmt":"2024-04-16T08:34:01","slug":"restauratie-flotte-en-re","status":"publish","type":"page","link":"https:\/\/belair.geek-tonic.dev\/nl\/restauratie-flotte-en-re\/","title":{"rendered":"Camping : Restaurant"},"content":{"rendered":"<section id=\"ls-section-block_8da5a568118d63828e46611b03a28e8c\" class=\"ls-section  page-one has-background has-color-4-background-color has-m-t m-t-0 has-m-b m-b-0 has-m-l m-l-0 has-m-r m-r-0 has-p-t p-t-14 has-p-b p-b-0\" >\r\n        <div class=\"container container--wide\">\r\n        \n\n<div class=\"wp-block-columns are-vertically-aligned-top is-layout-flex wp-container-core-columns-is-layout-1 wp-block-columns-is-layout-flex\">\n<div class=\"wp-block-column is-vertically-aligned-top first animated fadeInLeft delay-100ms slow is-layout-flow wp-block-column-is-layout-flow\" style=\"flex-basis:50%\"><div class=\"wp-block-image\">\n<figure class=\"aligncenter size-full\"><img decoding=\"async\" width=\"986\" height=\"614\" src=\"https:\/\/www.belair.geek-tonic.dev\/wp-content\/uploads\/sites\/15\/2021\/10\/bar-flotte-en-re.jpg\" alt=\"bar flotte en re\" class=\"wp-image-841\" srcset=\"https:\/\/belair.geek-tonic.dev\/wp-content\/uploads\/sites\/15\/2021\/10\/bar-flotte-en-re.jpg 986w, https:\/\/belair.geek-tonic.dev\/wp-content\/uploads\/sites\/15\/2021\/10\/bar-flotte-en-re-300x187.jpg 300w, https:\/\/belair.geek-tonic.dev\/wp-content\/uploads\/sites\/15\/2021\/10\/bar-flotte-en-re-768x478.jpg 768w\" sizes=\"(max-width: 986px) 100vw, 986px\" \/><\/figure><\/div><\/div>\n\n\n\n<div class=\"wp-block-column is-vertically-aligned-top second animated fadeInRight slow is-layout-flow wp-block-column-is-layout-flow\" style=\"flex-basis:50%\">\n<h1 class=\"ls__heading wp-block-heading has-text-align-left ls__heading-undefined post__heading-undefined color1 has-color-1-color has-text-color\" id=\"restaurant-a-l-ile-de-re\">Restaurant op het eiland R\u00e9<\/h1>\n\n\n\n<h2 class=\"ls__heading wp-block-heading has-text-align-left ls__heading-undefined post__heading-undefined border-title color1 has-color-1-color has-text-color\" id=\"notre-restaurant-a-la-flotte-en-re\">Ons restaurant in La Flotte-en-R\u00e9<\/h2>\n\n\n\n<p class=\"ls-paragraph ls__paragraph\">Onze <a href=\"https:\/\/nl.bel-air-camping.com\/\">camping in La Flotte-en-R\u00e9<\/a> heeft een <strong>\n  <span class=\"tadv-color\" style=\"color:#005f9b\">restaurantgedeelte<\/span>\n<\/strong> tegenover het zwembad! Met zijn bosrijke decor en moderne<strong>\n  <span class=\"tadv-color\" style=\"color:#005f9b\"> moderne guinguette<\/span>\n<\/strong>zul je de dorpse sfeer en rust waarderen. Profiteer van de <strong>\n  <span class=\"tadv-color\" style=\"color:#005f9b\">loungeruimte<\/span>\n<\/strong> met zijn grijze rotan banken en koffietafels en de vele tafels en stoelen.<\/p>\n\n\n\n<p class=\"ls-paragraph ls__paragraph\">Tijdens je kampeervakantie op het Ile de R\u00e9 zal het nieuwe restaurant-snackbar team je smaakpapillen verwennen. Je kunt kiezen tussen het overdekte gedeelte en het <strong>\n  <span class=\"tadv-color\" style=\"color:#005f9b\">groot terras<\/span>\n<\/strong> waar je kunt genieten van een maaltijd met vrienden, met z&#8217;n twee\u00ebn of met het gezin. Ontdek voor je verblijf het <strong>\n  <span class=\"tadv-color\" style=\"color:#005f9b\">restaurantmenu<\/span>\n<\/strong> voor een voorproefje van wat je kunt verwachten.<\/p>\n<\/div>\n<\/div>\n\n\r\n    <\/div>\r\n<\/section><section id=\"ls-section-block_3624c71ac1fa5c5074f240c275a2a7ef\" class=\"ls-section  mot-gerant has-background has-color-4-background-color has-m-t m-t-0 has-m-b m-b-0 has-p-t p-t-0\" >\r\n        <div class=\"container \">\r\n        \n\n<div class=\"wp-block-columns has-color-white-background-color has-background is-layout-flex wp-container-core-columns-is-layout-3 wp-block-columns-is-layout-flex\">\n<div class=\"wp-block-column first animated fadeInLeft delay-100ms slow is-layout-flow wp-block-column-is-layout-flow\" style=\"flex-basis:33.33%\">\n<div class=\"wp-block-columns block-bienvenue is-layout-flex wp-container-core-columns-is-layout-2 wp-block-columns-is-layout-flex\">\n<div class=\"wp-block-column has-color-1-background-color has-background is-layout-flow wp-block-column-is-layout-flow\">\n<figure class=\"wp-block-image size-full is-resized\"><img decoding=\"async\" width=\"125\" height=\"123\" src=\"https:\/\/www.belair.geek-tonic.dev\/wp-content\/uploads\/sites\/15\/2021\/10\/gestionnaire-camping.png\" alt=\"campingbeheerder\" class=\"wp-image-1488\" style=\"aspect-ratio:1;object-fit:contain;width:auto;height:150px\"\/><\/figure>\n<\/div>\n<\/div>\n\n\n\n<div id=\"ls-heading ls-titre-div-block_19c5e5864b94bf01acb8a991d554864d\" class=\"ls-titre-div titre-citation h1-like\" >\n    Een woordje van Camille, <em>campingmanager<\/em><\/div>\n<\/div>\n\n\n\n<div class=\"wp-block-column is-vertically-aligned-center second animated fadeInRight slow is-layout-flow wp-block-column-is-layout-flow\" style=\"flex-basis:66.66%\">\n<p class=\"ls-paragraph has-color-7-color has-text-color has-link-color wp-elements-3fd50ef21d151ad8454c439d87bb6d15\">Kom in de geest van de guinguette met je gezin een vleesplankje, een pizza of een ribstuk delen in het restaurant van de camping.<\/p>\n\n\n\n<p class=\"ls-paragraph has-color-7-color has-text-color has-link-color wp-elements-f5acbfee864d065d2a4b5d73d0061a90\">Het natuurlijke decor van ons restaurant\/bar zal je ogen strelen, terwijl je smaakpapillen al zullen worden verleid door de gerechten die door onze chef-kok worden bereid.<\/p>\n\n\n\n<p class=\"ls-paragraph has-color-7-color has-text-color has-link-color wp-elements-a259648a3842dd60db002ef19df57bc8\">Ons restaurant is elke dag geopend<\/p>\n<\/div>\n<\/div>\n\n\r\n    <\/div>\r\n<\/section><section id=\"ls-section-block_000c0315b8477b685d91712e728f6bae\" class=\"ls-section  home-gallery has-background has-color-4-background-color has-m-t m-t-0\" >\r\n        <div class=\"container container--full\">\r\n        \n\n<figure class=\"wp-block-gallery has-nested-images columns-1 is-cropped galerie-slider-container wp-block-gallery-1 is-layout-flex wp-block-gallery-is-layout-flex\">\n<figure class=\"wp-block-image size-full\"><a href=\"https:\/\/www.belair.geek-tonic.dev\/wp-content\/uploads\/sites\/15\/2021\/10\/pizza-flotte-en-re.jpg\"><img decoding=\"async\" width=\"1989\" height=\"1444\" src=\"https:\/\/www.belair.geek-tonic.dev\/wp-content\/uploads\/sites\/15\/2021\/10\/pizza-flotte-en-re.jpg\" alt=\"pizza vloot in re\" class=\"wp-image-858\" srcset=\"https:\/\/belair.geek-tonic.dev\/wp-content\/uploads\/sites\/15\/2021\/10\/pizza-flotte-en-re.jpg 1989w, https:\/\/belair.geek-tonic.dev\/wp-content\/uploads\/sites\/15\/2021\/10\/pizza-flotte-en-re-300x218.jpg 300w, https:\/\/belair.geek-tonic.dev\/wp-content\/uploads\/sites\/15\/2021\/10\/pizza-flotte-en-re-1024x743.jpg 1024w, https:\/\/belair.geek-tonic.dev\/wp-content\/uploads\/sites\/15\/2021\/10\/pizza-flotte-en-re-768x558.jpg 768w, https:\/\/belair.geek-tonic.dev\/wp-content\/uploads\/sites\/15\/2021\/10\/pizza-flotte-en-re-1536x1115.jpg 1536w\" sizes=\"(max-width: 1989px) 100vw, 1989px\" \/><\/a><\/figure>\n\n\n\n<figure class=\"wp-block-image size-full\"><a href=\"https:\/\/www.belair.geek-tonic.dev\/wp-content\/uploads\/sites\/15\/2021\/10\/restaurant-flotte-en-re.jpg\"><img decoding=\"async\" width=\"1989\" height=\"1444\" src=\"https:\/\/www.belair.geek-tonic.dev\/wp-content\/uploads\/sites\/15\/2021\/10\/restaurant-flotte-en-re.jpg\" alt=\"restaurant flotte en re\" class=\"wp-image-849\" srcset=\"https:\/\/belair.geek-tonic.dev\/wp-content\/uploads\/sites\/15\/2021\/10\/restaurant-flotte-en-re.jpg 1989w, https:\/\/belair.geek-tonic.dev\/wp-content\/uploads\/sites\/15\/2021\/10\/restaurant-flotte-en-re-300x218.jpg 300w, https:\/\/belair.geek-tonic.dev\/wp-content\/uploads\/sites\/15\/2021\/10\/restaurant-flotte-en-re-1024x743.jpg 1024w, https:\/\/belair.geek-tonic.dev\/wp-content\/uploads\/sites\/15\/2021\/10\/restaurant-flotte-en-re-768x558.jpg 768w, https:\/\/belair.geek-tonic.dev\/wp-content\/uploads\/sites\/15\/2021\/10\/restaurant-flotte-en-re-1536x1115.jpg 1536w\" sizes=\"(max-width: 1989px) 100vw, 1989px\" \/><\/a><\/figure>\n<\/figure>\n\n\r\n    <\/div>\r\n<\/section><section id=\"ls-section-block_b90f8a5f81e1fa346092d50c65610740\" class=\"ls-section  has-background has-color-white-background-color\" >\r\n        <div class=\"container container--wide\">\r\n        \n\n<div class=\"wp-block-columns are-vertically-aligned-center is-layout-flex wp-container-core-columns-is-layout-4 wp-block-columns-is-layout-flex\">\n<div class=\"wp-block-column is-vertically-aligned-center first animated fadeInLeft delay-100ms slow is-layout-flow wp-block-column-is-layout-flow\">\n<h2 class=\"ls__heading wp-block-heading ls__heading-undefined post__heading-undefined color1\" id=\"bar-en-charente-maritime\">Balie in Charente-Maritime<\/h2>\n\n\n\n<p class=\"ls-paragraph ls__paragraph\">Het restaurant biedt een <strong><span style=\"color:#005f9b\" class=\"tadv-color\">barmenu<\/span><\/strong> de hele dag door. Of je nu de voorkeur geeft aan een warme ochtenddrank of vers vruchtensap, je zult genieten van een aangenaam ochtendmoment tijdens je vakantie. Later op de dag kun je je dorst lessen met onze vruchtensappen, bieren, een glas wijn of andere zoete dranken.<\/p>\n\n\n\n<p class=\"ls-paragraph ls__paragraph\">Na een zonnige middag op het strand bij de camping en kilometers fietsen is het tijd voor een aperitief! Ontmoet ons aan de bar voor een <span style=\"color:#005f9b\" class=\"tadv-color\">\n  <strong>gezellig moment<\/strong>\n<\/span> met vrienden of familie. Omdat een beetje honger nooit ver weg is, is het <strong>\n  <span style=\"color:#005f9b\" class=\"tadv-color\">aperitiefplank<\/span>\n<\/strong> dit warme en ontspannen moment af met een drankje.<\/p>\n<\/div>\n\n\n\n<div class=\"wp-block-column is-vertically-aligned-center second animated fadeInRight slow is-layout-flow wp-block-column-is-layout-flow\">\n<figure class=\"wp-block-image size-large\"><a href=\"https:\/\/www.belair.geek-tonic.dev\/wp-content\/uploads\/sites\/15\/2021\/10\/restaurant-salade-ile-de-re-1.jpg\"><img decoding=\"async\" width=\"1024\" height=\"743\" src=\"https:\/\/www.belair.geek-tonic.dev\/wp-content\/uploads\/sites\/15\/2021\/10\/restaurant-salade-ile-de-re-1-1024x743.jpg\" alt=\"restaurant salade ile de re\" class=\"wp-image-885\" srcset=\"https:\/\/belair.geek-tonic.dev\/wp-content\/uploads\/sites\/15\/2021\/10\/restaurant-salade-ile-de-re-1-1024x743.jpg 1024w, https:\/\/belair.geek-tonic.dev\/wp-content\/uploads\/sites\/15\/2021\/10\/restaurant-salade-ile-de-re-1-300x218.jpg 300w, https:\/\/belair.geek-tonic.dev\/wp-content\/uploads\/sites\/15\/2021\/10\/restaurant-salade-ile-de-re-1-768x557.jpg 768w, https:\/\/belair.geek-tonic.dev\/wp-content\/uploads\/sites\/15\/2021\/10\/restaurant-salade-ile-de-re-1-1536x1115.jpg 1536w, https:\/\/belair.geek-tonic.dev\/wp-content\/uploads\/sites\/15\/2021\/10\/restaurant-salade-ile-de-re-1.jpg 1990w\" sizes=\"(max-width: 1024px) 100vw, 1024px\" \/><\/a><\/figure>\n<\/div>\n<\/div>\n\n\r\n    <\/div>\r\n<\/section><section id=\"ls-section-block_440e3cad3c535a76e7ed028758dd5431\" class=\"ls-section  has-background has-color-4-background-color has-m-t m-t-0\" >\r\n        <div class=\"container container--wide\">\r\n        \n\n<div class=\"wp-block-columns is-layout-flex wp-container-core-columns-is-layout-5 wp-block-columns-is-layout-flex\">\n<div class=\"wp-block-column first animated fadeInLeft delay-100ms slow is-layout-flow wp-block-column-is-layout-flow\">\n<figure class=\"wp-block-image size-full\"><a href=\"https:\/\/www.belair.geek-tonic.dev\/wp-content\/uploads\/sites\/15\/2021\/10\/restaurant-burger-flotte-en-re.jpg\"><img decoding=\"async\" width=\"1990\" height=\"1444\" src=\"https:\/\/www.belair.geek-tonic.dev\/wp-content\/uploads\/sites\/15\/2021\/10\/restaurant-burger-flotte-en-re.jpg\" alt=\"restaurant hamburger flotte en re\" class=\"wp-image-845\" srcset=\"https:\/\/belair.geek-tonic.dev\/wp-content\/uploads\/sites\/15\/2021\/10\/restaurant-burger-flotte-en-re.jpg 1990w, https:\/\/belair.geek-tonic.dev\/wp-content\/uploads\/sites\/15\/2021\/10\/restaurant-burger-flotte-en-re-300x218.jpg 300w, https:\/\/belair.geek-tonic.dev\/wp-content\/uploads\/sites\/15\/2021\/10\/restaurant-burger-flotte-en-re-1024x743.jpg 1024w, https:\/\/belair.geek-tonic.dev\/wp-content\/uploads\/sites\/15\/2021\/10\/restaurant-burger-flotte-en-re-768x557.jpg 768w, https:\/\/belair.geek-tonic.dev\/wp-content\/uploads\/sites\/15\/2021\/10\/restaurant-burger-flotte-en-re-1536x1115.jpg 1536w\" sizes=\"(max-width: 1990px) 100vw, 1990px\" \/><\/a><\/figure>\n<\/div>\n\n\n\n<div class=\"wp-block-column second animated fadeInRight slow is-layout-flow wp-block-column-is-layout-flow\">\n<h2 class=\"ls__heading wp-block-heading has-text-align-center ls__heading-undefined post__heading-undefined border-title color1\" id=\"la-carte-de-notre-restaurant\">Ons restaurantmenu<\/h2>\n\n\n\n<p class=\"ls-paragraph ls__paragraph\">La <strong>\n  <span style=\"color:#005f9b\" class=\"tadv-color\">restaurantmenu<\/span>\n<\/strong> zal het hele gezin bekoren, van de jongste tot de oudste. Voor de onvermoeibare zeilers na een wilde ochtend in de kinderclub, kies voor het <strong>\n  <span style=\"color:#005f9b\" class=\"tadv-color\">kindermenu<\/span>\n<\/strong> om energie op te doen. Zowel volwassenen als oudere kinderen zullen genieten van een <strong>\n  <span style=\"color:#005f9b\" class=\"tadv-color\">gevarieerd menu<\/span>\n<\/strong> voor elk wat wils.<\/p>\n\n\n\n<p class=\"ls-paragraph ls__paragraph post__paragraph\">  Je vindt er pizza&#8217;s naar ieders smaak, panini&#8217;s en salades voor een moment van frisheid. Voor vlees <strong>\n  <span style=\"color:#005f9b\" class=\"tadv-color\">vleesliefhebbers<\/span>\n<\/strong>Voor vleesliefhebbers zal de chef je verblijden met zijn superburger en zijn entrecote steak, perfect gebakken naar jouw smaak. Als je een zoetekauw bent, kun je jezelf trakteren op een cr\u00eape, ijs of zelfs de <strong><span style=\"color:#005f9b\" class=\"tadv-color\">nagerechten van de dag<\/span><\/strong>. Het hele menu is ook beschikbaar om mee te nemen, zodat je een moment van rust kunt delen in je huuraccommodatie.  <\/p>\n<\/div>\n<\/div>\n\n\r\n    <\/div>\r\n<\/section><section id=\"ls-section-block_0b1321fc403c01c53c0e6b8b2872c801\" class=\"ls-section  page-maillage experience has-m-t m-t-0 has-p-t p-t-10\" >\r\n        <div class=\"container container--wide\">\r\n        \n\n<div id=\"ls-heading ls-titre-div-block_9dac54c35b0507abbf6ce1c8a5fc06fe\" class=\"ls-titre-div aligncenter h2-like\" >\n    <strong>Ontdek ons<\/strong> zwembad, onze vrijetijdsactiviteiten en onze huuraccommodaties<\/div>\n\n\n<div id=\"ls-maillage-block_89bd7f69066b2aa816cc0cd091e7200b\" class=\"ls-maillage cta-style-normal\" data-rows=\"3\">\n    <div class=\"wp-block-columns\"><div class=\"wp-block-column\"><div id=\"destinations\" class=\"ls-cta\">\n\n<a href=\"https:\/\/belair.geek-tonic.dev\/nl\/kamperen-animaties-flotte-en-re\/\" target=\"\" rel=\"noopener\" class=\"ls-cta__link\">\n\n\t<div class=\"ls-cta__image\"><img decoding=\"async\" src=\"https:\/\/belair.geek-tonic.dev\/wp-content\/uploads\/sites\/15\/2021\/10\/camping-activites-ile-de-re.jpg\" alt=\"camping activiteiten ile de re\"><\/div>\n\t<div class=\"ls-cta__title\">\n\t\tOnze activiteiten\t<\/div>\n\n\t\t\n<\/a><\/div><\/div><div class=\"wp-block-column\"><div id=\"destinations\" class=\"ls-cta\">\n\n<a href=\"https:\/\/belair.geek-tonic.dev\/nl\/verhuur-stacaravan-flotte-en-re\/\" target=\"\" rel=\"noopener\" class=\"ls-cta__link\">\n\n\t<div class=\"ls-cta__image\"><img decoding=\"async\" src=\"https:\/\/belair.geek-tonic.dev\/wp-content\/uploads\/sites\/15\/2021\/10\/location-mobil-home-flotte-en-re.jpg\" alt=\"verhuur van stacaravans in re\"><\/div>\n\t<div class=\"ls-cta__title\">\n\t\tVerhuur\t<\/div>\n\n\t\t\n<\/a><\/div><\/div><div class=\"wp-block-column\"><div id=\"destinations\" class=\"ls-cta\">\n\n<a href=\"https:\/\/belair.geek-tonic.dev\/nl\/kamperen-ruimte-water-flotte-en-re\/\" target=\"\" rel=\"noopener\" class=\"ls-cta__link\">\n\n\t<div class=\"ls-cta__image\"><img decoding=\"async\" src=\"https:\/\/belair.geek-tonic.dev\/wp-content\/uploads\/sites\/15\/2021\/10\/camping-piscine-chauffee-ile-de-re.jpg\" alt=\"camping verwarmd zwembad ile de re\"><\/div>\n\t<div class=\"ls-cta__title\">\n\t\tZwembad\t<\/div>\n\n\t\t\n<\/a><\/div><\/div><\/div><\/div>\n\r\n    <\/div>\r\n<\/section>","protected":false},"excerpt":{"rendered":"","protected":false},"author":1,"featured_media":881,"parent":0,"menu_order":0,"comment_status":"closed","ping_status":"closed","template":"","meta":{"_acf_changed":false,"footnotes":""},"sujet":[],"class_list":["post-6910","page","type-page","status-publish","has-post-thumbnail","hentry"],"acf":[],"yoast_head":"<!-- This site is optimized with the Yoast SEO plugin v23.9 - https:\/\/yoast.com\/wordpress\/plugins\/seo\/ -->\n<title>Catering in la Flotte-en-R\u00e9 | Bar, restaurant op het Ile de R\u00e9 | Bar Flotte-en-R\u00e9<\/title>\n<meta name=\"robots\" content=\"noindex, follow, max-snippet:-1, max-image-preview:large, max-video-preview:-1\" \/>\n<meta property=\"og:locale\" content=\"nl_NL\" \/>\n<meta property=\"og:type\" content=\"article\" \/>\n<meta property=\"og:title\" content=\"Catering in la Flotte-en-R\u00e9 | Bar, restaurant op het Ile de R\u00e9 | Bar Flotte-en-R\u00e9\" \/>\n<meta property=\"og:url\" content=\"https:\/\/belair.geek-tonic.dev\/nl\/restauratie-flotte-en-re\/\" \/>\n<meta property=\"og:site_name\" content=\"Camping Le Belair\" \/>\n<meta property=\"article:modified_time\" content=\"2024-04-16T08:34:01+00:00\" \/>\n<meta property=\"og:image\" content=\"https:\/\/belair.geek-tonic.dev\/wp-content\/uploads\/sites\/15\/2021\/10\/restaurantation-ile-de-re.jpg\" \/>\n\t<meta property=\"og:image:width\" content=\"1901\" \/>\n\t<meta property=\"og:image:height\" content=\"515\" \/>\n\t<meta property=\"og:image:type\" content=\"image\/jpeg\" \/>\n<meta name=\"twitter:card\" content=\"summary_large_image\" \/>\n<meta name=\"twitter:label1\" content=\"Geschatte leestijd\" \/>\n\t<meta name=\"twitter:data1\" content=\"4 minuten\" \/>\n<script type=\"application\/ld+json\" class=\"yoast-schema-graph\">{\"@context\":\"https:\/\/schema.org\",\"@graph\":[{\"@type\":\"WebPage\",\"@id\":\"https:\/\/belair.geek-tonic.dev\/nl\/restauratie-flotte-en-re\/\",\"url\":\"https:\/\/belair.geek-tonic.dev\/nl\/restauratie-flotte-en-re\/\",\"name\":\"Catering in la Flotte-en-R\u00e9 | Bar, restaurant op het Ile de R\u00e9 | Bar Flotte-en-R\u00e9\",\"isPartOf\":{\"@id\":\"https:\/\/belair.geek-tonic.dev\/nl\/#website\"},\"primaryImageOfPage\":{\"@id\":\"https:\/\/belair.geek-tonic.dev\/nl\/restauratie-flotte-en-re\/#primaryimage\"},\"image\":{\"@id\":\"https:\/\/belair.geek-tonic.dev\/nl\/restauratie-flotte-en-re\/#primaryimage\"},\"thumbnailUrl\":\"https:\/\/belair.geek-tonic.dev\/wp-content\/uploads\/sites\/15\/2021\/10\/restaurantation-ile-de-re.jpg\",\"datePublished\":\"2021-09-28T12:33:28+00:00\",\"dateModified\":\"2024-04-16T08:34:01+00:00\",\"breadcrumb\":{\"@id\":\"https:\/\/belair.geek-tonic.dev\/nl\/restauratie-flotte-en-re\/#breadcrumb\"},\"inLanguage\":\"nl-NL\",\"potentialAction\":[{\"@type\":\"ReadAction\",\"target\":[\"https:\/\/belair.geek-tonic.dev\/nl\/restauratie-flotte-en-re\/\"]}]},{\"@type\":\"ImageObject\",\"inLanguage\":\"nl-NL\",\"@id\":\"https:\/\/belair.geek-tonic.dev\/nl\/restauratie-flotte-en-re\/#primaryimage\",\"url\":\"https:\/\/belair.geek-tonic.dev\/wp-content\/uploads\/sites\/15\/2021\/10\/restaurantation-ile-de-re.jpg\",\"contentUrl\":\"https:\/\/belair.geek-tonic.dev\/wp-content\/uploads\/sites\/15\/2021\/10\/restaurantation-ile-de-re.jpg\",\"width\":1901,\"height\":515,\"caption\":\"restauratie ile de re\"},{\"@type\":\"BreadcrumbList\",\"@id\":\"https:\/\/belair.geek-tonic.dev\/nl\/restauratie-flotte-en-re\/#breadcrumb\",\"itemListElement\":[{\"@type\":\"ListItem\",\"position\":1,\"name\":\"Kamperen \u00cele de R\u00e9\",\"item\":\"https:\/\/belair.geek-tonic.dev\/nl\/\"},{\"@type\":\"ListItem\",\"position\":2,\"name\":\"Catering bij La Flotte-en-R\u00e9\"}]},{\"@type\":\"WebSite\",\"@id\":\"https:\/\/belair.geek-tonic.dev\/nl\/#website\",\"url\":\"https:\/\/belair.geek-tonic.dev\/nl\/\",\"name\":\"Camping Le Belair\",\"description\":\"\",\"publisher\":{\"@id\":\"https:\/\/belair.geek-tonic.dev\/nl\/#organization\"},\"potentialAction\":[{\"@type\":\"SearchAction\",\"target\":{\"@type\":\"EntryPoint\",\"urlTemplate\":\"https:\/\/belair.geek-tonic.dev\/nl\/?s={search_term_string}\"},\"query-input\":{\"@type\":\"PropertyValueSpecification\",\"valueRequired\":true,\"valueName\":\"search_term_string\"}}],\"inLanguage\":\"nl-NL\"},{\"@type\":\"Organization\",\"@id\":\"https:\/\/belair.geek-tonic.dev\/nl\/#organization\",\"name\":\"Camping Le Belair\",\"url\":\"https:\/\/belair.geek-tonic.dev\/nl\/\",\"logo\":{\"@type\":\"ImageObject\",\"inLanguage\":\"nl-NL\",\"@id\":\"https:\/\/belair.geek-tonic.dev\/nl\/#\/schema\/logo\/image\/\",\"url\":\"https:\/\/belair.geek-tonic.dev\/wp-content\/uploads\/sites\/15\/2024\/09\/cropped-logo-Flower-camping-Le-Bel-Air.png\",\"contentUrl\":\"https:\/\/belair.geek-tonic.dev\/wp-content\/uploads\/sites\/15\/2024\/09\/cropped-logo-Flower-camping-Le-Bel-Air.png\",\"width\":500,\"height\":660,\"caption\":\"Camping Le Belair\"},\"image\":{\"@id\":\"https:\/\/belair.geek-tonic.dev\/nl\/#\/schema\/logo\/image\/\"}}]}<\/script>\n<!-- \/ Yoast SEO plugin. -->","yoast_head_json":{"title":"Catering in la Flotte-en-R\u00e9 | Bar, restaurant op het Ile de R\u00e9 | Bar Flotte-en-R\u00e9","robots":{"index":"noindex","follow":"follow","max-snippet":"max-snippet:-1","max-image-preview":"max-image-preview:large","max-video-preview":"max-video-preview:-1"},"og_locale":"nl_NL","og_type":"article","og_title":"Catering in la Flotte-en-R\u00e9 | Bar, restaurant op het Ile de R\u00e9 | Bar Flotte-en-R\u00e9","og_url":"https:\/\/belair.geek-tonic.dev\/nl\/restauratie-flotte-en-re\/","og_site_name":"Camping Le Belair","article_modified_time":"2024-04-16T08:34:01+00:00","og_image":[{"width":1901,"height":515,"url":"https:\/\/belair.geek-tonic.dev\/wp-content\/uploads\/sites\/15\/2021\/10\/restaurantation-ile-de-re.jpg","type":"image\/jpeg"}],"twitter_card":"summary_large_image","twitter_misc":{"Geschatte leestijd":"4 minuten"},"schema":{"@context":"https:\/\/schema.org","@graph":[{"@type":"WebPage","@id":"https:\/\/belair.geek-tonic.dev\/nl\/restauratie-flotte-en-re\/","url":"https:\/\/belair.geek-tonic.dev\/nl\/restauratie-flotte-en-re\/","name":"Catering in la Flotte-en-R\u00e9 | Bar, restaurant op het Ile de R\u00e9 | Bar Flotte-en-R\u00e9","isPartOf":{"@id":"https:\/\/belair.geek-tonic.dev\/nl\/#website"},"primaryImageOfPage":{"@id":"https:\/\/belair.geek-tonic.dev\/nl\/restauratie-flotte-en-re\/#primaryimage"},"image":{"@id":"https:\/\/belair.geek-tonic.dev\/nl\/restauratie-flotte-en-re\/#primaryimage"},"thumbnailUrl":"https:\/\/belair.geek-tonic.dev\/wp-content\/uploads\/sites\/15\/2021\/10\/restaurantation-ile-de-re.jpg","datePublished":"2021-09-28T12:33:28+00:00","dateModified":"2024-04-16T08:34:01+00:00","breadcrumb":{"@id":"https:\/\/belair.geek-tonic.dev\/nl\/restauratie-flotte-en-re\/#breadcrumb"},"inLanguage":"nl-NL","potentialAction":[{"@type":"ReadAction","target":["https:\/\/belair.geek-tonic.dev\/nl\/restauratie-flotte-en-re\/"]}]},{"@type":"ImageObject","inLanguage":"nl-NL","@id":"https:\/\/belair.geek-tonic.dev\/nl\/restauratie-flotte-en-re\/#primaryimage","url":"https:\/\/belair.geek-tonic.dev\/wp-content\/uploads\/sites\/15\/2021\/10\/restaurantation-ile-de-re.jpg","contentUrl":"https:\/\/belair.geek-tonic.dev\/wp-content\/uploads\/sites\/15\/2021\/10\/restaurantation-ile-de-re.jpg","width":1901,"height":515,"caption":"restauratie ile de re"},{"@type":"BreadcrumbList","@id":"https:\/\/belair.geek-tonic.dev\/nl\/restauratie-flotte-en-re\/#breadcrumb","itemListElement":[{"@type":"ListItem","position":1,"name":"Kamperen \u00cele de R\u00e9","item":"https:\/\/belair.geek-tonic.dev\/nl\/"},{"@type":"ListItem","position":2,"name":"Catering bij La Flotte-en-R\u00e9"}]},{"@type":"WebSite","@id":"https:\/\/belair.geek-tonic.dev\/nl\/#website","url":"https:\/\/belair.geek-tonic.dev\/nl\/","name":"Camping Le Belair","description":"","publisher":{"@id":"https:\/\/belair.geek-tonic.dev\/nl\/#organization"},"potentialAction":[{"@type":"SearchAction","target":{"@type":"EntryPoint","urlTemplate":"https:\/\/belair.geek-tonic.dev\/nl\/?s={search_term_string}"},"query-input":{"@type":"PropertyValueSpecification","valueRequired":true,"valueName":"search_term_string"}}],"inLanguage":"nl-NL"},{"@type":"Organization","@id":"https:\/\/belair.geek-tonic.dev\/nl\/#organization","name":"Camping Le Belair","url":"https:\/\/belair.geek-tonic.dev\/nl\/","logo":{"@type":"ImageObject","inLanguage":"nl-NL","@id":"https:\/\/belair.geek-tonic.dev\/nl\/#\/schema\/logo\/image\/","url":"https:\/\/belair.geek-tonic.dev\/wp-content\/uploads\/sites\/15\/2024\/09\/cropped-logo-Flower-camping-Le-Bel-Air.png","contentUrl":"https:\/\/belair.geek-tonic.dev\/wp-content\/uploads\/sites\/15\/2024\/09\/cropped-logo-Flower-camping-Le-Bel-Air.png","width":500,"height":660,"caption":"Camping Le Belair"},"image":{"@id":"https:\/\/belair.geek-tonic.dev\/nl\/#\/schema\/logo\/image\/"}}]}},"_links":{"self":[{"href":"https:\/\/belair.geek-tonic.dev\/nl\/wp-json\/wp\/v2\/pages\/6910","targetHints":{"allow":["GET"]}}],"collection":[{"href":"https:\/\/belair.geek-tonic.dev\/nl\/wp-json\/wp\/v2\/pages"}],"about":[{"href":"https:\/\/belair.geek-tonic.dev\/nl\/wp-json\/wp\/v2\/types\/page"}],"author":[{"embeddable":true,"href":"https:\/\/belair.geek-tonic.dev\/nl\/wp-json\/wp\/v2\/users\/1"}],"replies":[{"embeddable":true,"href":"https:\/\/belair.geek-tonic.dev\/nl\/wp-json\/wp\/v2\/comments?post=6910"}],"version-history":[{"count":0,"href":"https:\/\/belair.geek-tonic.dev\/nl\/wp-json\/wp\/v2\/pages\/6910\/revisions"}],"wp:featuredmedia":[{"embeddable":true,"href":"https:\/\/belair.geek-tonic.dev\/nl\/wp-json\/wp\/v2\/media\/881"}],"wp:attachment":[{"href":"https:\/\/belair.geek-tonic.dev\/nl\/wp-json\/wp\/v2\/media?parent=6910"}],"wp:term":[{"taxonomy":"sujet","embeddable":true,"href":"https:\/\/belair.geek-tonic.dev\/nl\/wp-json\/wp\/v2\/sujet?post=6910"}],"curies":[{"name":"wp","href":"https:\/\/api.w.org\/{rel}","templated":true}]}}